{"id":15055,"date":"2026-02-17T18:51:18","date_gmt":"2026-02-17T17:51:18","guid":{"rendered":"https:\/\/parapharmacieenligne.ma\/?post_type=product&#038;p=15055"},"modified":"2026-02-17T18:51:25","modified_gmt":"2026-02-17T17:51:25","slug":"botanika-brume-corporelle-atlas-150-ml","status":"publish","type":"product","link":"https:\/\/parapharmacieenligne.ma\/en\/product\/botanika-brume-corporelle-atlas-150-ml\/","title":{"rendered":"BOTANIKA BRUME CORPORELLE ATLAS 150 ML"},"content":{"rendered":"<p>La brume corporelle Atlas est sp\u00e9cialement formul\u00e9e avec des ingr\u00e9dients naturels de haute qualit\u00e9, choisis pour prendre soin de votre peau tout en vous offrant une exp\u00e9rience sensorielle unique. Sa texture l\u00e9g\u00e8re et non grasse permet une application facile et une absorption rapide, laissant votre peau d\u00e9licatement parfum\u00e9e et rafra\u00eechie.<\/p>","protected":false},"excerpt":{"rendered":"<p>La brume corporelle Atlas est sp\u00e9cialement formul\u00e9e avec des ingr\u00e9dients naturels de haute qualit\u00e9, choisis pour prendre soin de votre peau tout&hellip;<\/p>","protected":false},"featured_media":15054,"comment_status":"open","ping_status":"closed","template":"","meta":[],"product_cat":[85],"product_tag":[],"yith_product_brand":[196],"class_list":{"0":"post-15055","1":"product","2":"type-product","3":"status-publish","4":"has-post-thumbnail","6":"product_cat-soins-corps","7":"yith_product_brand-botanika","9":"first","10":"instock","11":"sale","12":"shipping-taxable","13":"purchasable","14":"product-type-simple"},"_links":{"self":[{"href":"https:\/\/parapharmacieenligne.ma\/en\/wp-json\/wp\/v2\/product\/15055","targetHints":{"allow":["GET"]}}],"collection":[{"href":"https:\/\/parapharmacieenligne.ma\/en\/wp-json\/wp\/v2\/product"}],"about":[{"href":"https:\/\/parapharmacieenligne.ma\/en\/wp-json\/wp\/v2\/types\/product"}],"replies":[{"embeddable":true,"href":"https:\/\/parapharmacieenligne.ma\/en\/wp-json\/wp\/v2\/comments?post=15055"}],"version-history":[{"count":1,"href":"https:\/\/parapharmacieenligne.ma\/en\/wp-json\/wp\/v2\/product\/15055\/revisions"}],"predecessor-version":[{"id":15056,"href":"https:\/\/parapharmacieenligne.ma\/en\/wp-json\/wp\/v2\/product\/15055\/revisions\/15056"}],"wp:featuredmedia":[{"embeddable":true,"href":"https:\/\/parapharmacieenligne.ma\/en\/wp-json\/wp\/v2\/media\/15054"}],"wp:attachment":[{"href":"https:\/\/parapharmacieenligne.ma\/en\/wp-json\/wp\/v2\/media?parent=15055"}],"wp:term":[{"taxonomy":"product_cat","embeddable":true,"href":"https:\/\/parapharmacieenligne.ma\/en\/wp-json\/wp\/v2\/product_cat?post=15055"},{"taxonomy":"product_tag","embeddable":true,"href":"https:\/\/parapharmacieenligne.ma\/en\/wp-json\/wp\/v2\/product_tag?post=15055"},{"taxonomy":"yith_product_brand","embeddable":true,"href":"https:\/\/parapharmacieenligne.ma\/en\/wp-json\/wp\/v2\/yith_product_brand?post=15055"}],"curies":[{"name":"wp","href":"https:\/\/api.w.org\/{rel}","templated":true}]}}