{"id":15070,"date":"2026-02-17T18:54:17","date_gmt":"2026-02-17T17:54:17","guid":{"rendered":"https:\/\/parapharmacieenligne.ma\/?post_type=product&#038;p=15070"},"modified":"2026-02-17T18:54:30","modified_gmt":"2026-02-17T17:54:30","slug":"botanika-shampooing-keraness","status":"publish","type":"product","link":"https:\/\/parapharmacieenligne.ma\/en\/product\/botanika-shampooing-keraness\/","title":{"rendered":"BOTANIKA SHAMPOOING KERANESS"},"content":{"rendered":"<p>Le shampoing Keraness de la gamme BOTANIKA MARRAKECH est une formule \u00e0 pH neutre pour les cheveux fris\u00e9s, color\u00e9s, secs et cassants. Riche en k\u00e9ratine v\u00e9g\u00e9tale, huile d\u2019argan, extrait de feuilles d&rsquo;arganier et prot\u00e9ine de soie pour une reconstruction supr\u00eame de la fibre capillaire, vos cheveux retrouvent leur \u00e9clat naturel. Extr\u00eamement agr\u00e9able \u00e0 utiliser, sa texture cr\u00e8meuse se transforme en une l\u00e9g\u00e8re mousse parfum\u00e9e lors de l\u2019application. Son usage fr\u00e9quent nourrit vos cheveux et leur apporte douceur et souplesse tout en pr\u00e9servant leur s\u00e9bum.<\/p>\n<p>Brosser vos cheveux puis mouiller votre chevelure et r\u00e9partisser le shampoing. Frictionner. Rincer.<\/p>","protected":false},"excerpt":{"rendered":"<p>Le shampoing Keraness de la gamme BOTANIKA MARRAKECH est une formule \u00e0 pH neutre pour les cheveux fris\u00e9s, color\u00e9s, secs et cassants.&hellip;<\/p>","protected":false},"featured_media":15069,"comment_status":"open","ping_status":"closed","template":"","meta":[],"product_cat":[84],"product_tag":[],"yith_product_brand":[196],"class_list":{"0":"post-15070","1":"product","2":"type-product","3":"status-publish","4":"has-post-thumbnail","6":"product_cat-soins-cheveux","7":"yith_product_brand-botanika","9":"first","10":"instock","11":"sale","12":"shipping-taxable","13":"purchasable","14":"product-type-simple"},"_links":{"self":[{"href":"https:\/\/parapharmacieenligne.ma\/en\/wp-json\/wp\/v2\/product\/15070","targetHints":{"allow":["GET"]}}],"collection":[{"href":"https:\/\/parapharmacieenligne.ma\/en\/wp-json\/wp\/v2\/product"}],"about":[{"href":"https:\/\/parapharmacieenligne.ma\/en\/wp-json\/wp\/v2\/types\/product"}],"replies":[{"embeddable":true,"href":"https:\/\/parapharmacieenligne.ma\/en\/wp-json\/wp\/v2\/comments?post=15070"}],"version-history":[{"count":1,"href":"https:\/\/parapharmacieenligne.ma\/en\/wp-json\/wp\/v2\/product\/15070\/revisions"}],"predecessor-version":[{"id":15071,"href":"https:\/\/parapharmacieenligne.ma\/en\/wp-json\/wp\/v2\/product\/15070\/revisions\/15071"}],"wp:featuredmedia":[{"embeddable":true,"href":"https:\/\/parapharmacieenligne.ma\/en\/wp-json\/wp\/v2\/media\/15069"}],"wp:attachment":[{"href":"https:\/\/parapharmacieenligne.ma\/en\/wp-json\/wp\/v2\/media?parent=15070"}],"wp:term":[{"taxonomy":"product_cat","embeddable":true,"href":"https:\/\/parapharmacieenligne.ma\/en\/wp-json\/wp\/v2\/product_cat?post=15070"},{"taxonomy":"product_tag","embeddable":true,"href":"https:\/\/parapharmacieenligne.ma\/en\/wp-json\/wp\/v2\/product_tag?post=15070"},{"taxonomy":"yith_product_brand","embeddable":true,"href":"https:\/\/parapharmacieenligne.ma\/en\/wp-json\/wp\/v2\/yith_product_brand?post=15070"}],"curies":[{"name":"wp","href":"https:\/\/api.w.org\/{rel}","templated":true}]}}