{"id":15073,"date":"2026-02-17T18:55:39","date_gmt":"2026-02-17T17:55:39","guid":{"rendered":"https:\/\/parapharmacieenligne.ma\/?post_type=product&#038;p=15073"},"modified":"2026-02-17T18:55:46","modified_gmt":"2026-02-17T17:55:46","slug":"botanika-shampooing-antipelliculaire-250-ml","status":"publish","type":"product","link":"https:\/\/parapharmacieenligne.ma\/en\/product\/botanika-shampooing-antipelliculaire-250-ml\/","title":{"rendered":"BOTANIKA SHAMPOOING ANTIPELLICULAIRE 250 ML"},"content":{"rendered":"<p>Le shampoing anti-pelliculaire Druffness de la gamme BOTANIKA Marrakech contribue \u00e0 r\u00e9\u00e9quilibrer le cuir chevelu. D\u00e9di\u00e9 aux cheveux gras, il associe les vertus r\u00e9\u00e9quilibrantes, anti-s\u00e9borrh\u00e9iques et bact\u00e9ricides de la Bardane aux propri\u00e9t\u00e9s assainissantes et purifiantesde l\u2019huile essentielle du citron et aux bienfaits apaisants de l\u2019extrait de calendula. Les d\u00e9mangeaisons sont calm\u00e9es et l\u2019\u00e9quilibre naturel de votre cuir chevelu est respect\u00e9. Nourris et purifi\u00e9s \u00e0 la racine, vos cheveux restent propres et brillants plus longtemps.<\/p>\n<p>Conseils d&rsquo;utilisation:<\/p>\n<p> Masser d\u00e9licatement sur cheveux mouill\u00e9s puis rincer abondamment. Renouveler l\u2019op\u00e9ration une deuxi\u00e8me fois si n\u00e9cessaire puis appliquer un soin de la gamme capillaire de BOTANIKA marrakech.<\/p>","protected":false},"excerpt":{"rendered":"<p>Le shampoing anti-pelliculaire Druffness de la gamme BOTANIKA Marrakech contribue \u00e0 r\u00e9\u00e9quilibrer le cuir chevelu. D\u00e9di\u00e9 aux cheveux gras, il associe les&hellip;<\/p>","protected":false},"featured_media":15072,"comment_status":"open","ping_status":"closed","template":"","meta":[],"product_cat":[84],"product_tag":[],"yith_product_brand":[196],"class_list":{"0":"post-15073","1":"product","2":"type-product","3":"status-publish","4":"has-post-thumbnail","6":"product_cat-soins-cheveux","7":"yith_product_brand-botanika","9":"first","10":"instock","11":"sale","12":"shipping-taxable","13":"purchasable","14":"product-type-simple"},"_links":{"self":[{"href":"https:\/\/parapharmacieenligne.ma\/en\/wp-json\/wp\/v2\/product\/15073","targetHints":{"allow":["GET"]}}],"collection":[{"href":"https:\/\/parapharmacieenligne.ma\/en\/wp-json\/wp\/v2\/product"}],"about":[{"href":"https:\/\/parapharmacieenligne.ma\/en\/wp-json\/wp\/v2\/types\/product"}],"replies":[{"embeddable":true,"href":"https:\/\/parapharmacieenligne.ma\/en\/wp-json\/wp\/v2\/comments?post=15073"}],"version-history":[{"count":1,"href":"https:\/\/parapharmacieenligne.ma\/en\/wp-json\/wp\/v2\/product\/15073\/revisions"}],"predecessor-version":[{"id":15074,"href":"https:\/\/parapharmacieenligne.ma\/en\/wp-json\/wp\/v2\/product\/15073\/revisions\/15074"}],"wp:featuredmedia":[{"embeddable":true,"href":"https:\/\/parapharmacieenligne.ma\/en\/wp-json\/wp\/v2\/media\/15072"}],"wp:attachment":[{"href":"https:\/\/parapharmacieenligne.ma\/en\/wp-json\/wp\/v2\/media?parent=15073"}],"wp:term":[{"taxonomy":"product_cat","embeddable":true,"href":"https:\/\/parapharmacieenligne.ma\/en\/wp-json\/wp\/v2\/product_cat?post=15073"},{"taxonomy":"product_tag","embeddable":true,"href":"https:\/\/parapharmacieenligne.ma\/en\/wp-json\/wp\/v2\/product_tag?post=15073"},{"taxonomy":"yith_product_brand","embeddable":true,"href":"https:\/\/parapharmacieenligne.ma\/en\/wp-json\/wp\/v2\/yith_product_brand?post=15073"}],"curies":[{"name":"wp","href":"https:\/\/api.w.org\/{rel}","templated":true}]}}