{"id":15097,"date":"2026-02-17T18:59:45","date_gmt":"2026-02-17T17:59:45","guid":{"rendered":"https:\/\/parapharmacieenligne.ma\/?post_type=product&#038;p=15097"},"modified":"2026-02-17T18:59:53","modified_gmt":"2026-02-17T17:59:53","slug":"botanika-creme-de-douche-spicy-orange-et-cannelle250ml","status":"publish","type":"product","link":"https:\/\/parapharmacieenligne.ma\/en\/product\/botanika-creme-de-douche-spicy-orange-et-cannelle250ml\/","title":{"rendered":"BOTANIKA CREME DE DOUCHE SPICY ORANGE ET CANNELLE250ML"},"content":{"rendered":"<p>La cr\u00e8me de douche Spicy de la gamme BOTANIKA MARRAKECH \u00e0 base d\u2019extraits de feuilles d\u2019arganier et de ginseng, parfum\u00e9e aux notes \u00e9pic\u00e9es de l\u2019orange et de la cannelle, nettoie en douceur votre peau tout en respectant son \u00e9quilibre naturel. Sa mousse cr\u00e8meuse et onctueuse vous procure une v\u00e9ritable sensation vous invitant \u00e0 percer les secrets d\u2019un rituel oriental privil\u00e9gi\u00e9.<\/p>\n<p>Mode d\u2019emploi : Appliquer sur peau humide, faire mousser, puis rincer.<\/p>","protected":false},"excerpt":{"rendered":"<p>La cr\u00e8me de douche Spicy de la gamme BOTANIKA MARRAKECH \u00e0 base d\u2019extraits de feuilles d\u2019arganier et de ginseng, parfum\u00e9e aux notes&hellip;<\/p>","protected":false},"featured_media":15096,"comment_status":"open","ping_status":"closed","template":"","meta":[],"product_cat":[85],"product_tag":[],"yith_product_brand":[196],"class_list":{"0":"post-15097","1":"product","2":"type-product","3":"status-publish","4":"has-post-thumbnail","6":"product_cat-soins-corps","7":"yith_product_brand-botanika","9":"first","10":"instock","11":"sale","12":"shipping-taxable","13":"purchasable","14":"product-type-simple"},"_links":{"self":[{"href":"https:\/\/parapharmacieenligne.ma\/en\/wp-json\/wp\/v2\/product\/15097","targetHints":{"allow":["GET"]}}],"collection":[{"href":"https:\/\/parapharmacieenligne.ma\/en\/wp-json\/wp\/v2\/product"}],"about":[{"href":"https:\/\/parapharmacieenligne.ma\/en\/wp-json\/wp\/v2\/types\/product"}],"replies":[{"embeddable":true,"href":"https:\/\/parapharmacieenligne.ma\/en\/wp-json\/wp\/v2\/comments?post=15097"}],"version-history":[{"count":1,"href":"https:\/\/parapharmacieenligne.ma\/en\/wp-json\/wp\/v2\/product\/15097\/revisions"}],"predecessor-version":[{"id":15098,"href":"https:\/\/parapharmacieenligne.ma\/en\/wp-json\/wp\/v2\/product\/15097\/revisions\/15098"}],"wp:featuredmedia":[{"embeddable":true,"href":"https:\/\/parapharmacieenligne.ma\/en\/wp-json\/wp\/v2\/media\/15096"}],"wp:attachment":[{"href":"https:\/\/parapharmacieenligne.ma\/en\/wp-json\/wp\/v2\/media?parent=15097"}],"wp:term":[{"taxonomy":"product_cat","embeddable":true,"href":"https:\/\/parapharmacieenligne.ma\/en\/wp-json\/wp\/v2\/product_cat?post=15097"},{"taxonomy":"product_tag","embeddable":true,"href":"https:\/\/parapharmacieenligne.ma\/en\/wp-json\/wp\/v2\/product_tag?post=15097"},{"taxonomy":"yith_product_brand","embeddable":true,"href":"https:\/\/parapharmacieenligne.ma\/en\/wp-json\/wp\/v2\/yith_product_brand?post=15097"}],"curies":[{"name":"wp","href":"https:\/\/api.w.org\/{rel}","templated":true}]}}