{"id":15200,"date":"2026-02-18T21:46:43","date_gmt":"2026-02-18T20:46:43","guid":{"rendered":"https:\/\/parapharmacieenligne.ma\/?post_type=product&#038;p=15200"},"modified":"2026-02-18T21:46:54","modified_gmt":"2026-02-18T20:46:54","slug":"botanika-gel-a-raser-75g","status":"publish","type":"product","link":"https:\/\/parapharmacieenligne.ma\/en\/product\/botanika-gel-a-raser-75g\/","title":{"rendered":"BOTANIKA GEL A RASER 75G"},"content":{"rendered":"<p>Le gel \u00e0 raser de la gamme BOTANIKA MARRAKECH \u00e0 la texture riche et fondante, r\u00e9uni les vertus nourissantes de la Calendula et de l&rsquo;Aloe Vera , \u00e0 l&rsquo;action conjointe apaisante de feuilles d\u2019arganier pour pr\u00e9venir votre peau des ardeurs et \u00e9chauffements. Il pr\u00e9serve le film hydrolipidique cutan\u00e9 tout en \u00e9vitant les sensations de frottement et irritations. Votre peau est prot\u00e9g\u00e9e et hydrat\u00e9e en profondeur<\/p>","protected":false},"excerpt":{"rendered":"<p>Le gel \u00e0 raser de la gamme BOTANIKA MARRAKECH \u00e0 la texture riche et fondante, r\u00e9uni les vertus nourissantes de la Calendula&hellip;<\/p>","protected":false},"featured_media":15199,"comment_status":"open","ping_status":"closed","template":"","meta":[],"product_cat":[194],"product_tag":[],"yith_product_brand":[196],"class_list":{"0":"post-15200","1":"product","2":"type-product","3":"status-publish","4":"has-post-thumbnail","6":"product_cat-soins-homme","7":"yith_product_brand-botanika","9":"first","10":"instock","11":"sale","12":"shipping-taxable","13":"purchasable","14":"product-type-simple"},"_links":{"self":[{"href":"https:\/\/parapharmacieenligne.ma\/en\/wp-json\/wp\/v2\/product\/15200","targetHints":{"allow":["GET"]}}],"collection":[{"href":"https:\/\/parapharmacieenligne.ma\/en\/wp-json\/wp\/v2\/product"}],"about":[{"href":"https:\/\/parapharmacieenligne.ma\/en\/wp-json\/wp\/v2\/types\/product"}],"replies":[{"embeddable":true,"href":"https:\/\/parapharmacieenligne.ma\/en\/wp-json\/wp\/v2\/comments?post=15200"}],"version-history":[{"count":1,"href":"https:\/\/parapharmacieenligne.ma\/en\/wp-json\/wp\/v2\/product\/15200\/revisions"}],"predecessor-version":[{"id":15201,"href":"https:\/\/parapharmacieenligne.ma\/en\/wp-json\/wp\/v2\/product\/15200\/revisions\/15201"}],"wp:featuredmedia":[{"embeddable":true,"href":"https:\/\/parapharmacieenligne.ma\/en\/wp-json\/wp\/v2\/media\/15199"}],"wp:attachment":[{"href":"https:\/\/parapharmacieenligne.ma\/en\/wp-json\/wp\/v2\/media?parent=15200"}],"wp:term":[{"taxonomy":"product_cat","embeddable":true,"href":"https:\/\/parapharmacieenligne.ma\/en\/wp-json\/wp\/v2\/product_cat?post=15200"},{"taxonomy":"product_tag","embeddable":true,"href":"https:\/\/parapharmacieenligne.ma\/en\/wp-json\/wp\/v2\/product_tag?post=15200"},{"taxonomy":"yith_product_brand","embeddable":true,"href":"https:\/\/parapharmacieenligne.ma\/en\/wp-json\/wp\/v2\/yith_product_brand?post=15200"}],"curies":[{"name":"wp","href":"https:\/\/api.w.org\/{rel}","templated":true}]}}