{"id":15272,"date":"2026-02-18T22:08:14","date_gmt":"2026-02-18T21:08:14","guid":{"rendered":"https:\/\/parapharmacieenligne.ma\/?post_type=product&#038;p=15272"},"modified":"2026-02-18T22:08:26","modified_gmt":"2026-02-18T21:08:26","slug":"botanika-masque-cheveux-keratine","status":"publish","type":"product","link":"https:\/\/parapharmacieenligne.ma\/en\/product\/botanika-masque-cheveux-keratine\/","title":{"rendered":"BOTANIKA MASQUE CHEVEUX KERATINE"},"content":{"rendered":"<p>Par sa texture g\u00e9n\u00e9reuse et moelleuse, le masque pour cheveux aux sept plantes de la gamme BOTANIKA MARRAKECH r\u00e9pare et fortifie les cheveux et le cuir chevelu. Il conjugue les vertus r\u00e9paratrices des huiles d&rsquo;argan et de ricin, \u00e0 l&rsquo;effet nourrissant du beurre de karit\u00e9 et de la provitamine B5 combin\u00e9s \u00e0 l&rsquo;extrait de 7 plantes (hamamelis, calendula, saule blanc, racine d&rsquo;ortie, mauve, graine de lin et feuille de bouleau) pour plus de brillance et de tonus.<\/p>","protected":false},"excerpt":{"rendered":"<p>Par sa texture g\u00e9n\u00e9reuse et moelleuse, le masque pour cheveux aux sept plantes de la gamme BOTANIKA MARRAKECH r\u00e9pare et fortifie les&hellip;<\/p>","protected":false},"featured_media":15271,"comment_status":"open","ping_status":"closed","template":"","meta":[],"product_cat":[84],"product_tag":[],"yith_product_brand":[196],"class_list":{"0":"post-15272","1":"product","2":"type-product","3":"status-publish","4":"has-post-thumbnail","6":"product_cat-soins-cheveux","7":"yith_product_brand-botanika","9":"first","10":"instock","11":"sale","12":"shipping-taxable","13":"purchasable","14":"product-type-simple"},"_links":{"self":[{"href":"https:\/\/parapharmacieenligne.ma\/en\/wp-json\/wp\/v2\/product\/15272","targetHints":{"allow":["GET"]}}],"collection":[{"href":"https:\/\/parapharmacieenligne.ma\/en\/wp-json\/wp\/v2\/product"}],"about":[{"href":"https:\/\/parapharmacieenligne.ma\/en\/wp-json\/wp\/v2\/types\/product"}],"replies":[{"embeddable":true,"href":"https:\/\/parapharmacieenligne.ma\/en\/wp-json\/wp\/v2\/comments?post=15272"}],"version-history":[{"count":1,"href":"https:\/\/parapharmacieenligne.ma\/en\/wp-json\/wp\/v2\/product\/15272\/revisions"}],"predecessor-version":[{"id":15273,"href":"https:\/\/parapharmacieenligne.ma\/en\/wp-json\/wp\/v2\/product\/15272\/revisions\/15273"}],"wp:featuredmedia":[{"embeddable":true,"href":"https:\/\/parapharmacieenligne.ma\/en\/wp-json\/wp\/v2\/media\/15271"}],"wp:attachment":[{"href":"https:\/\/parapharmacieenligne.ma\/en\/wp-json\/wp\/v2\/media?parent=15272"}],"wp:term":[{"taxonomy":"product_cat","embeddable":true,"href":"https:\/\/parapharmacieenligne.ma\/en\/wp-json\/wp\/v2\/product_cat?post=15272"},{"taxonomy":"product_tag","embeddable":true,"href":"https:\/\/parapharmacieenligne.ma\/en\/wp-json\/wp\/v2\/product_tag?post=15272"},{"taxonomy":"yith_product_brand","embeddable":true,"href":"https:\/\/parapharmacieenligne.ma\/en\/wp-json\/wp\/v2\/yith_product_brand?post=15272"}],"curies":[{"name":"wp","href":"https:\/\/api.w.org\/{rel}","templated":true}]}}