{"id":15278,"date":"2026-02-18T22:08:59","date_gmt":"2026-02-18T21:08:59","guid":{"rendered":"https:\/\/parapharmacieenligne.ma\/?post_type=product&#038;p=15278"},"modified":"2026-02-18T22:09:20","modified_gmt":"2026-02-18T21:09:20","slug":"botanika-serum-cheveux-jour-150ml","status":"publish","type":"product","link":"https:\/\/parapharmacieenligne.ma\/en\/product\/botanika-serum-cheveux-jour-150ml\/","title":{"rendered":"BOTANIKA SERUM CHEVEUX JOUR 150ML"},"content":{"rendered":"<p>D\u00e9couvrez la performance du s\u00e9rum capillaire Phytosilk de la gamme BOTANIKA MARRAKECH, une potion riche en argan et vitamine E, sp\u00e9cialement con\u00e7ue pour prot\u00e9ger, r\u00e9parer et gainer le cheveu de la pointe \u00e0 la racine. Vos cheveux sont sublimes et retrouvent une fluidit\u00e9 et une souplesse infinie.<\/p>\n<p>Conseils d&rsquo;utilisation:<\/p>\n<p>Appliquer sur cheveux secs ou mouill\u00e9s sans rincer.<\/p>","protected":false},"excerpt":{"rendered":"<p>D\u00e9couvrez la performance du s\u00e9rum capillaire Phytosilk de la gamme BOTANIKA MARRAKECH, une potion riche en argan et vitamine E, sp\u00e9cialement con\u00e7ue&hellip;<\/p>","protected":false},"featured_media":15277,"comment_status":"open","ping_status":"closed","template":"","meta":[],"product_cat":[84],"product_tag":[],"yith_product_brand":[196],"class_list":{"0":"post-15278","1":"product","2":"type-product","3":"status-publish","4":"has-post-thumbnail","6":"product_cat-soins-cheveux","7":"yith_product_brand-botanika","9":"first","10":"instock","11":"sale","12":"shipping-taxable","13":"purchasable","14":"product-type-simple"},"_links":{"self":[{"href":"https:\/\/parapharmacieenligne.ma\/en\/wp-json\/wp\/v2\/product\/15278","targetHints":{"allow":["GET"]}}],"collection":[{"href":"https:\/\/parapharmacieenligne.ma\/en\/wp-json\/wp\/v2\/product"}],"about":[{"href":"https:\/\/parapharmacieenligne.ma\/en\/wp-json\/wp\/v2\/types\/product"}],"replies":[{"embeddable":true,"href":"https:\/\/parapharmacieenligne.ma\/en\/wp-json\/wp\/v2\/comments?post=15278"}],"version-history":[{"count":1,"href":"https:\/\/parapharmacieenligne.ma\/en\/wp-json\/wp\/v2\/product\/15278\/revisions"}],"predecessor-version":[{"id":15279,"href":"https:\/\/parapharmacieenligne.ma\/en\/wp-json\/wp\/v2\/product\/15278\/revisions\/15279"}],"wp:featuredmedia":[{"embeddable":true,"href":"https:\/\/parapharmacieenligne.ma\/en\/wp-json\/wp\/v2\/media\/15277"}],"wp:attachment":[{"href":"https:\/\/parapharmacieenligne.ma\/en\/wp-json\/wp\/v2\/media?parent=15278"}],"wp:term":[{"taxonomy":"product_cat","embeddable":true,"href":"https:\/\/parapharmacieenligne.ma\/en\/wp-json\/wp\/v2\/product_cat?post=15278"},{"taxonomy":"product_tag","embeddable":true,"href":"https:\/\/parapharmacieenligne.ma\/en\/wp-json\/wp\/v2\/product_tag?post=15278"},{"taxonomy":"yith_product_brand","embeddable":true,"href":"https:\/\/parapharmacieenligne.ma\/en\/wp-json\/wp\/v2\/yith_product_brand?post=15278"}],"curies":[{"name":"wp","href":"https:\/\/api.w.org\/{rel}","templated":true}]}}