{"id":15298,"date":"2026-02-18T22:11:44","date_gmt":"2026-02-18T21:11:44","guid":{"rendered":"https:\/\/parapharmacieenligne.ma\/?post_type=product&#038;p=15298"},"modified":"2026-02-18T22:11:53","modified_gmt":"2026-02-18T21:11:53","slug":"botanika-brume-corporelle-palmier-150-ml","status":"publish","type":"product","link":"https:\/\/parapharmacieenligne.ma\/en\/product\/botanika-brume-corporelle-palmier-150-ml\/","title":{"rendered":"BOTANIKA BRUME CORPORELLE PALMIER 150 ML"},"content":{"rendered":"<p>La brume corporelle Palmier est soigneusement formul\u00e9e avec des ingr\u00e9dients naturels de haute qualit\u00e9, con\u00e7us pour prendre soin de votre peau tout en vous offrant une exp\u00e9rience olfactive enivrante. Sa texture l\u00e9g\u00e8re et non grasse permet une application facile et une absorption rapide, laissant votre peau d\u00e9licatement parfum\u00e9e et rafra\u00eechie.<\/p>","protected":false},"excerpt":{"rendered":"<p>La brume corporelle Palmier est soigneusement formul\u00e9e avec des ingr\u00e9dients naturels de haute qualit\u00e9, con\u00e7us pour prendre soin de votre peau tout&hellip;<\/p>","protected":false},"featured_media":15297,"comment_status":"open","ping_status":"closed","template":"","meta":[],"product_cat":[85],"product_tag":[],"yith_product_brand":[196],"class_list":{"0":"post-15298","1":"product","2":"type-product","3":"status-publish","4":"has-post-thumbnail","6":"product_cat-soins-corps","7":"yith_product_brand-botanika","9":"first","10":"instock","11":"sale","12":"shipping-taxable","13":"purchasable","14":"product-type-simple"},"_links":{"self":[{"href":"https:\/\/parapharmacieenligne.ma\/en\/wp-json\/wp\/v2\/product\/15298","targetHints":{"allow":["GET"]}}],"collection":[{"href":"https:\/\/parapharmacieenligne.ma\/en\/wp-json\/wp\/v2\/product"}],"about":[{"href":"https:\/\/parapharmacieenligne.ma\/en\/wp-json\/wp\/v2\/types\/product"}],"replies":[{"embeddable":true,"href":"https:\/\/parapharmacieenligne.ma\/en\/wp-json\/wp\/v2\/comments?post=15298"}],"version-history":[{"count":1,"href":"https:\/\/parapharmacieenligne.ma\/en\/wp-json\/wp\/v2\/product\/15298\/revisions"}],"predecessor-version":[{"id":15299,"href":"https:\/\/parapharmacieenligne.ma\/en\/wp-json\/wp\/v2\/product\/15298\/revisions\/15299"}],"wp:featuredmedia":[{"embeddable":true,"href":"https:\/\/parapharmacieenligne.ma\/en\/wp-json\/wp\/v2\/media\/15297"}],"wp:attachment":[{"href":"https:\/\/parapharmacieenligne.ma\/en\/wp-json\/wp\/v2\/media?parent=15298"}],"wp:term":[{"taxonomy":"product_cat","embeddable":true,"href":"https:\/\/parapharmacieenligne.ma\/en\/wp-json\/wp\/v2\/product_cat?post=15298"},{"taxonomy":"product_tag","embeddable":true,"href":"https:\/\/parapharmacieenligne.ma\/en\/wp-json\/wp\/v2\/product_tag?post=15298"},{"taxonomy":"yith_product_brand","embeddable":true,"href":"https:\/\/parapharmacieenligne.ma\/en\/wp-json\/wp\/v2\/yith_product_brand?post=15298"}],"curies":[{"name":"wp","href":"https:\/\/api.w.org\/{rel}","templated":true}]}}