{"id":15333,"date":"2026-02-18T22:27:52","date_gmt":"2026-02-18T21:27:52","guid":{"rendered":"https:\/\/parapharmacieenligne.ma\/?post_type=product&#038;p=15333"},"modified":"2026-02-18T22:27:54","modified_gmt":"2026-02-18T21:27:54","slug":"offre-ramadan-la-roche-posay-mela-b3-serum-anthelios-anti-taches-15ml-offert","status":"publish","type":"product","link":"https:\/\/parapharmacieenligne.ma\/en\/product\/offre-ramadan-la-roche-posay-mela-b3-serum-anthelios-anti-taches-15ml-offert\/","title":{"rendered":"Offre Ramadan La Roche-Posay : Mela B3 S\u00e9rum + Anthelios Anti-Taches 15ml OFFERT"},"content":{"rendered":"<p><strong>Combattez les taches brunes \u00e0 la source avec le s\u00e9rum MELA B3 de La Roche-Posay<\/strong>, une innovation dermo-cosm\u00e9tique destin\u00e9e \u00e0 tous les types de peau, m\u00eame les plus sensibles. Gr\u00e2ce \u00e0 sa formule concentr\u00e9e en\u00a0<strong>Melasyl\u2122 multibrevet\u00e9<\/strong>, actif r\u00e9volutionnaire, et en\u00a0<strong>Niacinamide \u00e0 10%<\/strong>, ce s\u00e9rum agit intens\u00e9ment pour\u00a0<strong>corriger les taches brunes<\/strong>, m\u00eame les plus persistantes, tout en\u00a0<strong>pr\u00e9venant leur r\u00e9apparition<\/strong>.<\/p>","protected":false},"excerpt":{"rendered":"<p>Combattez les taches brunes \u00e0 la source avec le s\u00e9rum MELA B3 de La Roche-Posay, une innovation dermo-cosm\u00e9tique destin\u00e9e \u00e0 tous les&hellip;<\/p>","protected":false},"featured_media":15334,"comment_status":"open","ping_status":"closed","template":"","meta":[],"product_cat":[168,83],"product_tag":[],"yith_product_brand":[202],"class_list":{"0":"post-15333","1":"product","2":"type-product","3":"status-publish","4":"has-post-thumbnail","6":"product_cat-promotions","7":"product_cat-soins-visage","8":"yith_product_brand-la-roche-posay","10":"first","11":"instock","12":"sale","13":"shipping-taxable","14":"purchasable","15":"product-type-simple"},"_links":{"self":[{"href":"https:\/\/parapharmacieenligne.ma\/en\/wp-json\/wp\/v2\/product\/15333","targetHints":{"allow":["GET"]}}],"collection":[{"href":"https:\/\/parapharmacieenligne.ma\/en\/wp-json\/wp\/v2\/product"}],"about":[{"href":"https:\/\/parapharmacieenligne.ma\/en\/wp-json\/wp\/v2\/types\/product"}],"replies":[{"embeddable":true,"href":"https:\/\/parapharmacieenligne.ma\/en\/wp-json\/wp\/v2\/comments?post=15333"}],"version-history":[{"count":1,"href":"https:\/\/parapharmacieenligne.ma\/en\/wp-json\/wp\/v2\/product\/15333\/revisions"}],"predecessor-version":[{"id":15335,"href":"https:\/\/parapharmacieenligne.ma\/en\/wp-json\/wp\/v2\/product\/15333\/revisions\/15335"}],"wp:featuredmedia":[{"embeddable":true,"href":"https:\/\/parapharmacieenligne.ma\/en\/wp-json\/wp\/v2\/media\/15334"}],"wp:attachment":[{"href":"https:\/\/parapharmacieenligne.ma\/en\/wp-json\/wp\/v2\/media?parent=15333"}],"wp:term":[{"taxonomy":"product_cat","embeddable":true,"href":"https:\/\/parapharmacieenligne.ma\/en\/wp-json\/wp\/v2\/product_cat?post=15333"},{"taxonomy":"product_tag","embeddable":true,"href":"https:\/\/parapharmacieenligne.ma\/en\/wp-json\/wp\/v2\/product_tag?post=15333"},{"taxonomy":"yith_product_brand","embeddable":true,"href":"https:\/\/parapharmacieenligne.ma\/en\/wp-json\/wp\/v2\/yith_product_brand?post=15333"}],"curies":[{"name":"wp","href":"https:\/\/api.w.org\/{rel}","templated":true}]}}