{"id":15370,"date":"2026-02-18T22:53:21","date_gmt":"2026-02-18T21:53:21","guid":{"rendered":"https:\/\/parapharmacieenligne.ma\/?post_type=product&#038;p=15370"},"modified":"2026-02-18T22:53:30","modified_gmt":"2026-02-18T21:53:30","slug":"botanika-shampooing-purness-250-ml","status":"publish","type":"product","link":"https:\/\/parapharmacieenligne.ma\/en\/product\/botanika-shampooing-purness-250-ml\/","title":{"rendered":"BOTANIKA SHAMPOOING PURNESS 250 ML"},"content":{"rendered":"<p>Le shampoing Purness de la gamme BOTANIKA MARRAKECH riche en extrait de feuilles d&rsquo;arganier et en huile essentielle de g\u00e9ranium, est une combinaison \u00e9quilibrante aux propri\u00e9t\u00e9s astringentes, id\u00e9ale pour les cheveux gras. Ces derniers retrouvent souplesse, douceur et brillance \u00e0 travers la prot\u00e9ine de soie.<\/p>\n<p>Conseils d&rsquo;utilisation:<\/p>\n<p>Brosser vos cheveux puis mouiller votre chevelure et r\u00e9partisser le shampoing. Frictionner. Rincer.<\/p>","protected":false},"excerpt":{"rendered":"<p>Le shampoing Purness de la gamme BOTANIKA MARRAKECH riche en extrait de feuilles d&rsquo;arganier et en huile essentielle de g\u00e9ranium, est une&hellip;<\/p>","protected":false},"featured_media":15369,"comment_status":"open","ping_status":"closed","template":"","meta":[],"product_cat":[84],"product_tag":[],"yith_product_brand":[196],"class_list":{"0":"post-15370","1":"product","2":"type-product","3":"status-publish","4":"has-post-thumbnail","6":"product_cat-soins-cheveux","7":"yith_product_brand-botanika","9":"first","10":"instock","11":"sale","12":"shipping-taxable","13":"purchasable","14":"product-type-simple"},"_links":{"self":[{"href":"https:\/\/parapharmacieenligne.ma\/en\/wp-json\/wp\/v2\/product\/15370","targetHints":{"allow":["GET"]}}],"collection":[{"href":"https:\/\/parapharmacieenligne.ma\/en\/wp-json\/wp\/v2\/product"}],"about":[{"href":"https:\/\/parapharmacieenligne.ma\/en\/wp-json\/wp\/v2\/types\/product"}],"replies":[{"embeddable":true,"href":"https:\/\/parapharmacieenligne.ma\/en\/wp-json\/wp\/v2\/comments?post=15370"}],"version-history":[{"count":1,"href":"https:\/\/parapharmacieenligne.ma\/en\/wp-json\/wp\/v2\/product\/15370\/revisions"}],"predecessor-version":[{"id":15371,"href":"https:\/\/parapharmacieenligne.ma\/en\/wp-json\/wp\/v2\/product\/15370\/revisions\/15371"}],"wp:featuredmedia":[{"embeddable":true,"href":"https:\/\/parapharmacieenligne.ma\/en\/wp-json\/wp\/v2\/media\/15369"}],"wp:attachment":[{"href":"https:\/\/parapharmacieenligne.ma\/en\/wp-json\/wp\/v2\/media?parent=15370"}],"wp:term":[{"taxonomy":"product_cat","embeddable":true,"href":"https:\/\/parapharmacieenligne.ma\/en\/wp-json\/wp\/v2\/product_cat?post=15370"},{"taxonomy":"product_tag","embeddable":true,"href":"https:\/\/parapharmacieenligne.ma\/en\/wp-json\/wp\/v2\/product_tag?post=15370"},{"taxonomy":"yith_product_brand","embeddable":true,"href":"https:\/\/parapharmacieenligne.ma\/en\/wp-json\/wp\/v2\/yith_product_brand?post=15370"}],"curies":[{"name":"wp","href":"https:\/\/api.w.org\/{rel}","templated":true}]}}