{"id":15390,"date":"2026-02-19T00:01:13","date_gmt":"2026-02-18T23:01:13","guid":{"rendered":"https:\/\/parapharmacieenligne.ma\/?post_type=product&#038;p=15390"},"modified":"2026-02-19T00:03:30","modified_gmt":"2026-02-18T23:03:30","slug":"offre-ramadan-cerave-baume-hydratant-nourrissant-peau-seche-a-tres-seche-creme-lavante-hydratante-visage-offert","status":"publish","type":"product","link":"https:\/\/parapharmacieenligne.ma\/en\/product\/offre-ramadan-cerave-baume-hydratant-nourrissant-peau-seche-a-tres-seche-creme-lavante-hydratante-visage-offert\/","title":{"rendered":"Offre Ramadan CeraVe : Baume Hydratant Nourrissant Peau S\u00e8che \u00e0 Tr\u00e8s S\u00e8che + Cr\u00e8me Lavante Hydratante Visage OFFERT"},"content":{"rendered":"","protected":false},"excerpt":{"rendered":"","protected":false},"featured_media":15392,"comment_status":"open","ping_status":"closed","template":"","meta":[],"product_cat":[168,83],"product_tag":[],"yith_product_brand":[],"class_list":{"0":"post-15390","1":"product","2":"type-product","3":"status-publish","4":"has-post-thumbnail","6":"product_cat-promotions","7":"product_cat-soins-visage","9":"first","10":"instock","11":"sale","12":"shipping-taxable","13":"purchasable","14":"product-type-simple"},"_links":{"self":[{"href":"https:\/\/parapharmacieenligne.ma\/en\/wp-json\/wp\/v2\/product\/15390","targetHints":{"allow":["GET"]}}],"collection":[{"href":"https:\/\/parapharmacieenligne.ma\/en\/wp-json\/wp\/v2\/product"}],"about":[{"href":"https:\/\/parapharmacieenligne.ma\/en\/wp-json\/wp\/v2\/types\/product"}],"replies":[{"embeddable":true,"href":"https:\/\/parapharmacieenligne.ma\/en\/wp-json\/wp\/v2\/comments?post=15390"}],"version-history":[{"count":1,"href":"https:\/\/parapharmacieenligne.ma\/en\/wp-json\/wp\/v2\/product\/15390\/revisions"}],"predecessor-version":[{"id":15393,"href":"https:\/\/parapharmacieenligne.ma\/en\/wp-json\/wp\/v2\/product\/15390\/revisions\/15393"}],"wp:featuredmedia":[{"embeddable":true,"href":"https:\/\/parapharmacieenligne.ma\/en\/wp-json\/wp\/v2\/media\/15392"}],"wp:attachment":[{"href":"https:\/\/parapharmacieenligne.ma\/en\/wp-json\/wp\/v2\/media?parent=15390"}],"wp:term":[{"taxonomy":"product_cat","embeddable":true,"href":"https:\/\/parapharmacieenligne.ma\/en\/wp-json\/wp\/v2\/product_cat?post=15390"},{"taxonomy":"product_tag","embeddable":true,"href":"https:\/\/parapharmacieenligne.ma\/en\/wp-json\/wp\/v2\/product_tag?post=15390"},{"taxonomy":"yith_product_brand","embeddable":true,"href":"https:\/\/parapharmacieenligne.ma\/en\/wp-json\/wp\/v2\/yith_product_brand?post=15390"}],"curies":[{"name":"wp","href":"https:\/\/api.w.org\/{rel}","templated":true}]}}