{"id":15451,"date":"2026-02-19T18:39:49","date_gmt":"2026-02-19T17:39:49","guid":{"rendered":"https:\/\/parapharmacieenligne.ma\/?post_type=product&#038;p=15451"},"modified":"2026-02-19T18:39:57","modified_gmt":"2026-02-19T17:39:57","slug":"dermalift-gel-surgras-nettoyant-500ml","status":"publish","type":"product","link":"https:\/\/parapharmacieenligne.ma\/en\/product\/dermalift-gel-surgras-nettoyant-500ml\/","title":{"rendered":"DERMALIFT GEL SURGRAS NETTOYANT 500ml"},"content":{"rendered":"<p>Le  GEL NETTOYANT Surgras  a \u00e9t\u00e9 sp\u00e9cialement d\u00e9velopp\u00e9 pour les peaux s\u00e8ches et sensibles. Frais et extra-doux, sa base lavante sans savon nettoie en douceur sans agr\u00e9sser la peau tout en respectant le film hydrolipidique. La peau est parfaitement nettoy\u00e9e, hydrat\u00e9e et apais\u00e9e.<\/p>","protected":false},"excerpt":{"rendered":"<p>Le GEL NETTOYANT Surgras a \u00e9t\u00e9 sp\u00e9cialement d\u00e9velopp\u00e9 pour les peaux s\u00e8ches et sensibles. Frais et extra-doux, sa base lavante sans savon&hellip;<\/p>","protected":false},"featured_media":15450,"comment_status":"open","ping_status":"closed","template":"","meta":[],"product_cat":[83],"product_tag":[],"yith_product_brand":[148],"class_list":{"0":"post-15451","1":"product","2":"type-product","3":"status-publish","4":"has-post-thumbnail","6":"product_cat-soins-visage","7":"yith_product_brand-dermalift","9":"first","10":"instock","11":"sale","12":"shipping-taxable","13":"purchasable","14":"product-type-simple"},"_links":{"self":[{"href":"https:\/\/parapharmacieenligne.ma\/en\/wp-json\/wp\/v2\/product\/15451","targetHints":{"allow":["GET"]}}],"collection":[{"href":"https:\/\/parapharmacieenligne.ma\/en\/wp-json\/wp\/v2\/product"}],"about":[{"href":"https:\/\/parapharmacieenligne.ma\/en\/wp-json\/wp\/v2\/types\/product"}],"replies":[{"embeddable":true,"href":"https:\/\/parapharmacieenligne.ma\/en\/wp-json\/wp\/v2\/comments?post=15451"}],"version-history":[{"count":1,"href":"https:\/\/parapharmacieenligne.ma\/en\/wp-json\/wp\/v2\/product\/15451\/revisions"}],"predecessor-version":[{"id":15452,"href":"https:\/\/parapharmacieenligne.ma\/en\/wp-json\/wp\/v2\/product\/15451\/revisions\/15452"}],"wp:featuredmedia":[{"embeddable":true,"href":"https:\/\/parapharmacieenligne.ma\/en\/wp-json\/wp\/v2\/media\/15450"}],"wp:attachment":[{"href":"https:\/\/parapharmacieenligne.ma\/en\/wp-json\/wp\/v2\/media?parent=15451"}],"wp:term":[{"taxonomy":"product_cat","embeddable":true,"href":"https:\/\/parapharmacieenligne.ma\/en\/wp-json\/wp\/v2\/product_cat?post=15451"},{"taxonomy":"product_tag","embeddable":true,"href":"https:\/\/parapharmacieenligne.ma\/en\/wp-json\/wp\/v2\/product_tag?post=15451"},{"taxonomy":"yith_product_brand","embeddable":true,"href":"https:\/\/parapharmacieenligne.ma\/en\/wp-json\/wp\/v2\/yith_product_brand?post=15451"}],"curies":[{"name":"wp","href":"https:\/\/api.w.org\/{rel}","templated":true}]}}