{"id":15560,"date":"2026-02-21T00:33:56","date_gmt":"2026-02-20T23:33:56","guid":{"rendered":"https:\/\/parapharmacieenligne.ma\/?post_type=product&#038;p=15560"},"modified":"2026-02-21T00:34:04","modified_gmt":"2026-02-20T23:34:04","slug":"janssen-cosmetics-concentre-vitaforce-c-30-ml","status":"publish","type":"product","link":"https:\/\/parapharmacieenligne.ma\/en\/product\/janssen-cosmetics-concentre-vitaforce-c-30-ml\/","title":{"rendered":"JANSSEN COSMETICS CONCENTRE VITAFORCE C 30 ML"},"content":{"rendered":"<p>APPLICATION<br \/>\nUtilisez le concentr\u00e9 en cure le matin et\/ou le soir. Pr\u00e9levez la quantit\u00e9 de 2 \u00e0 3 pressions du flacon doseur et appliquez-la sur la peau nettoy\u00e9e du visage. P\u00e9n\u00e8tre parfaitement sans laisser de traces. Appliquez ensuite votre cr\u00e8me de jour ou de nuit.<\/p>\n<p>Conseil :<br \/>\nsi la peau exigeante est plut\u00f4t grasse, vous pouvez parfaitement utiliser uniquement le Concentr\u00e9 Vitaforce C en guise de soin hydratant.<\/p>\n<p>INGR\u00c9DIENTS<br \/>\n\u2022 Vitamine C-phosphate : stimule la synth\u00e8se des fibres de collag\u00e8ne, am\u00e9liore l\u2019\u00e9lasticit\u00e9, prot\u00e8ge contre les radicaux libres et pr\u00e9vient la formation de m\u00e9lanine \u2022 Acide hyaluronique \u00e0 cha\u00eenes longues et courtes : hydrate et lisse instantan\u00e9ment la peau tout en gommant les ridules de s\u00e9cheresse \u2022 Extrait de citron : rafra\u00eechissant et tonifiant<\/p>","protected":false},"excerpt":{"rendered":"<p>APPLICATION Utilisez le concentr\u00e9 en cure le matin et\/ou le soir. Pr\u00e9levez la quantit\u00e9 de 2 \u00e0 3 pressions du flacon doseur&hellip;<\/p>","protected":false},"featured_media":15559,"comment_status":"open","ping_status":"closed","template":"","meta":[],"product_cat":[83],"product_tag":[],"yith_product_brand":[197],"class_list":{"0":"post-15560","1":"product","2":"type-product","3":"status-publish","4":"has-post-thumbnail","6":"product_cat-soins-visage","7":"yith_product_brand-janssen-cosmetics","9":"first","10":"instock","11":"sale","12":"shipping-taxable","13":"purchasable","14":"product-type-simple"},"_links":{"self":[{"href":"https:\/\/parapharmacieenligne.ma\/en\/wp-json\/wp\/v2\/product\/15560","targetHints":{"allow":["GET"]}}],"collection":[{"href":"https:\/\/parapharmacieenligne.ma\/en\/wp-json\/wp\/v2\/product"}],"about":[{"href":"https:\/\/parapharmacieenligne.ma\/en\/wp-json\/wp\/v2\/types\/product"}],"replies":[{"embeddable":true,"href":"https:\/\/parapharmacieenligne.ma\/en\/wp-json\/wp\/v2\/comments?post=15560"}],"version-history":[{"count":1,"href":"https:\/\/parapharmacieenligne.ma\/en\/wp-json\/wp\/v2\/product\/15560\/revisions"}],"predecessor-version":[{"id":15561,"href":"https:\/\/parapharmacieenligne.ma\/en\/wp-json\/wp\/v2\/product\/15560\/revisions\/15561"}],"wp:featuredmedia":[{"embeddable":true,"href":"https:\/\/parapharmacieenligne.ma\/en\/wp-json\/wp\/v2\/media\/15559"}],"wp:attachment":[{"href":"https:\/\/parapharmacieenligne.ma\/en\/wp-json\/wp\/v2\/media?parent=15560"}],"wp:term":[{"taxonomy":"product_cat","embeddable":true,"href":"https:\/\/parapharmacieenligne.ma\/en\/wp-json\/wp\/v2\/product_cat?post=15560"},{"taxonomy":"product_tag","embeddable":true,"href":"https:\/\/parapharmacieenligne.ma\/en\/wp-json\/wp\/v2\/product_tag?post=15560"},{"taxonomy":"yith_product_brand","embeddable":true,"href":"https:\/\/parapharmacieenligne.ma\/en\/wp-json\/wp\/v2\/yith_product_brand?post=15560"}],"curies":[{"name":"wp","href":"https:\/\/api.w.org\/{rel}","templated":true}]}}