{"id":15581,"date":"2026-02-21T00:49:06","date_gmt":"2026-02-20T23:49:06","guid":{"rendered":"https:\/\/parapharmacieenligne.ma\/?post_type=product&#038;p=15581"},"modified":"2026-02-21T00:49:12","modified_gmt":"2026-02-20T23:49:12","slug":"janssen-cosmetics-demaquillant-contour-des-yeux-100-ml","status":"publish","type":"product","link":"https:\/\/parapharmacieenligne.ma\/en\/product\/janssen-cosmetics-demaquillant-contour-des-yeux-100-ml\/","title":{"rendered":"JANSSEN COSMETICS DEMAQUILLANT CONTOUR DES YEUX 100 ML"},"content":{"rendered":"<p>Gel nettoyant sans huile pour tous les types de peau.<\/p>\n<p>APPLICATION<br \/>\nL\u2019\u00e9limination du maquillage des paupi\u00e8res et des cils devrait toujours s\u2019effectuer avant le nettoyage du visage. Utilisez de pr\u00e9f\u00e9rence un coton pour chaque \u0153il en imbibant celui-ci avec D\u00e9maquillant Contour des Yeux. Laissez poser la rondelle de coton un bref instant sur l&rsquo;\u0153il et passez d\u00e9licatement de la racine des cils vers le bas. Ne frottez pas trop fort sur les paupi\u00e8res afin d&rsquo;\u00e9viter une p\u00e9n\u00e9tration du m\u00e9lange de produit nettoyant et de maquillage dans les yeux. vous pouvez \u00e9galement l\u00b4utiliser pour d\u00e9maquiller vos l\u00e8vres.<\/p>\n<p>INGR\u00c9DIENTS<br \/>\n\u2022 Butyl\u00e8ne glycol : agent nettoyant qui maintient le taux hydrique de la peau. Parfaitement tol\u00e9r\u00e9 &#8211; m\u00eame lors d&rsquo;une utilisation quotidienne<\/p>","protected":false},"excerpt":{"rendered":"<p>Gel nettoyant sans huile pour tous les types de peau. APPLICATION L\u2019\u00e9limination du maquillage des paupi\u00e8res et des cils devrait toujours s\u2019effectuer&hellip;<\/p>","protected":false},"featured_media":15580,"comment_status":"open","ping_status":"closed","template":"","meta":[],"product_cat":[83],"product_tag":[],"yith_product_brand":[197],"class_list":{"0":"post-15581","1":"product","2":"type-product","3":"status-publish","4":"has-post-thumbnail","6":"product_cat-soins-visage","7":"yith_product_brand-janssen-cosmetics","9":"first","10":"instock","11":"sale","12":"shipping-taxable","13":"purchasable","14":"product-type-simple"},"_links":{"self":[{"href":"https:\/\/parapharmacieenligne.ma\/en\/wp-json\/wp\/v2\/product\/15581","targetHints":{"allow":["GET"]}}],"collection":[{"href":"https:\/\/parapharmacieenligne.ma\/en\/wp-json\/wp\/v2\/product"}],"about":[{"href":"https:\/\/parapharmacieenligne.ma\/en\/wp-json\/wp\/v2\/types\/product"}],"replies":[{"embeddable":true,"href":"https:\/\/parapharmacieenligne.ma\/en\/wp-json\/wp\/v2\/comments?post=15581"}],"version-history":[{"count":1,"href":"https:\/\/parapharmacieenligne.ma\/en\/wp-json\/wp\/v2\/product\/15581\/revisions"}],"predecessor-version":[{"id":15582,"href":"https:\/\/parapharmacieenligne.ma\/en\/wp-json\/wp\/v2\/product\/15581\/revisions\/15582"}],"wp:featuredmedia":[{"embeddable":true,"href":"https:\/\/parapharmacieenligne.ma\/en\/wp-json\/wp\/v2\/media\/15580"}],"wp:attachment":[{"href":"https:\/\/parapharmacieenligne.ma\/en\/wp-json\/wp\/v2\/media?parent=15581"}],"wp:term":[{"taxonomy":"product_cat","embeddable":true,"href":"https:\/\/parapharmacieenligne.ma\/en\/wp-json\/wp\/v2\/product_cat?post=15581"},{"taxonomy":"product_tag","embeddable":true,"href":"https:\/\/parapharmacieenligne.ma\/en\/wp-json\/wp\/v2\/product_tag?post=15581"},{"taxonomy":"yith_product_brand","embeddable":true,"href":"https:\/\/parapharmacieenligne.ma\/en\/wp-json\/wp\/v2\/yith_product_brand?post=15581"}],"curies":[{"name":"wp","href":"https:\/\/api.w.org\/{rel}","templated":true}]}}