{"id":15608,"date":"2026-02-21T00:53:07","date_gmt":"2026-02-20T23:53:07","guid":{"rendered":"https:\/\/parapharmacieenligne.ma\/?post_type=product&#038;p=15608"},"modified":"2026-02-21T00:53:13","modified_gmt":"2026-02-20T23:53:13","slug":"janssen-cosmetics-creme-equilibrante-peau-mixte-50-ml","status":"publish","type":"product","link":"https:\/\/parapharmacieenligne.ma\/en\/product\/janssen-cosmetics-creme-equilibrante-peau-mixte-50-ml\/","title":{"rendered":"JANSSEN COSMETICS CREME EQUILIBRANTE PEAU MIXTE 50 ML"},"content":{"rendered":"<p>Cr\u00e8me de soin \u00e9quilibrante pour peaux mixtes. Pour un teint mat, clair et uniforme et une sensation de peau agr\u00e9ablement douce !<\/p>\n<p>Surtout dans la zone T, la peau mixte a tendance \u00e0 avoir un \u00e9clat graisseux inesth\u00e9tique. M\u00eame le meilleur maquillage est sans pouvoir ici. Ces zones de peau grasses ne sont pas seulement impopulaires sur le plan optique, elles ont aussi tendance \u00e0 contenir des impuret\u00e9s. Gr\u00e2ce \u00e0 une substance sucr\u00e9e du son de riz, la Cr\u00e8me \u00c9quilibrante r\u00e9tablit l&rsquo;\u00e9quilibre lipidique des peaux s\u00e8ches et grasses, r\u00e9duit et normalise le flux excessif de s\u00e9bum. Les com\u00e9dons et les pores dilat\u00e9s n&rsquo;ont aucune chance ! La texture l\u00e9g\u00e8re p\u00e9n\u00e8tre rapidement dans la peau, affine les pores et hydrate. Les rides de s\u00e9cheresse sont att\u00e9nu\u00e9es et la peau retrouve un aspect uniforme, clair et merveilleusement mat et est particuli\u00e8rement douce au toucher !<\/p>\n<p>Conseils d&rsquo;utilisation:<\/p>\n<p>La Cr\u00e8me \u00c9quilibrante s&rsquo;applique r\u00e9guli\u00e8rement sur la peau nettoy\u00e9e matin et\/ou soir et s&rsquo;applique en massage doux.<\/p>","protected":false},"excerpt":{"rendered":"<p>Cr\u00e8me de soin \u00e9quilibrante pour peaux mixtes. Pour un teint mat, clair et uniforme et une sensation de peau agr\u00e9ablement douce !&hellip;<\/p>","protected":false},"featured_media":15607,"comment_status":"open","ping_status":"closed","template":"","meta":[],"product_cat":[83],"product_tag":[],"yith_product_brand":[197],"class_list":{"0":"post-15608","1":"product","2":"type-product","3":"status-publish","4":"has-post-thumbnail","6":"product_cat-soins-visage","7":"yith_product_brand-janssen-cosmetics","9":"first","10":"instock","11":"sale","12":"shipping-taxable","13":"purchasable","14":"product-type-simple"},"_links":{"self":[{"href":"https:\/\/parapharmacieenligne.ma\/en\/wp-json\/wp\/v2\/product\/15608","targetHints":{"allow":["GET"]}}],"collection":[{"href":"https:\/\/parapharmacieenligne.ma\/en\/wp-json\/wp\/v2\/product"}],"about":[{"href":"https:\/\/parapharmacieenligne.ma\/en\/wp-json\/wp\/v2\/types\/product"}],"replies":[{"embeddable":true,"href":"https:\/\/parapharmacieenligne.ma\/en\/wp-json\/wp\/v2\/comments?post=15608"}],"version-history":[{"count":1,"href":"https:\/\/parapharmacieenligne.ma\/en\/wp-json\/wp\/v2\/product\/15608\/revisions"}],"predecessor-version":[{"id":15609,"href":"https:\/\/parapharmacieenligne.ma\/en\/wp-json\/wp\/v2\/product\/15608\/revisions\/15609"}],"wp:featuredmedia":[{"embeddable":true,"href":"https:\/\/parapharmacieenligne.ma\/en\/wp-json\/wp\/v2\/media\/15607"}],"wp:attachment":[{"href":"https:\/\/parapharmacieenligne.ma\/en\/wp-json\/wp\/v2\/media?parent=15608"}],"wp:term":[{"taxonomy":"product_cat","embeddable":true,"href":"https:\/\/parapharmacieenligne.ma\/en\/wp-json\/wp\/v2\/product_cat?post=15608"},{"taxonomy":"product_tag","embeddable":true,"href":"https:\/\/parapharmacieenligne.ma\/en\/wp-json\/wp\/v2\/product_tag?post=15608"},{"taxonomy":"yith_product_brand","embeddable":true,"href":"https:\/\/parapharmacieenligne.ma\/en\/wp-json\/wp\/v2\/yith_product_brand?post=15608"}],"curies":[{"name":"wp","href":"https:\/\/api.w.org\/{rel}","templated":true}]}}