{"id":15671,"date":"2026-02-21T01:14:26","date_gmt":"2026-02-21T00:14:26","guid":{"rendered":"https:\/\/parapharmacieenligne.ma\/?post_type=product&#038;p=15671"},"modified":"2026-02-21T01:14:43","modified_gmt":"2026-02-21T00:14:43","slug":"janssen-cosmetics-men-nettoyant-rasage-purifiant-75ml","status":"publish","type":"product","link":"https:\/\/parapharmacieenligne.ma\/en\/product\/janssen-cosmetics-men-nettoyant-rasage-purifiant-75ml\/","title":{"rendered":"JANSSEN COSMETICS MEN NETTOYANT + RASAGE PURIFIANT 75ML"},"content":{"rendered":"<p>Ce n&rsquo;est pas un simple gel nettoyant ou une simple mousse \u00e0 raser, c&rsquo;est une formule deux-en-un, con\u00e7ue pour vous offrir un nettoyage purifiant et un rasage d&rsquo;une douceur incomparable.<\/p>\n<p>JANSSEN COSMETICS, une marque experte en soins de la peau, a con\u00e7u ce produit pour une efficacit\u00e9 et une sensorialit\u00e9 in\u00e9gal\u00e9es :<\/p>\n<p>Une Formule 2-en-1 pour un Gain de Temps et d&rsquo;Efficacit\u00e9 : La force de ce produit r\u00e9side dans sa formule polyvalente. Il se transforme en une mousse fine et onctueuse qui agit sur deux fronts. Premi\u00e8rement, elle permet un nettoyage en profondeur, \u00e9liminant efficacement les impuret\u00e9s, l&rsquo;exc\u00e8s de s\u00e9bum et les traces de pollution qui s&rsquo;accumulent tout au long de la journ\u00e9e. Deuxi\u00e8mement, cette m\u00eame mousse pr\u00e9pare votre peau pour un rasage doux et sans irritation. La glisse de la lame est facilit\u00e9e, ce qui r\u00e9duit les risques de coupures et de rougeurs, pour une peau parfaitement apais\u00e9e.<\/p>\n<p>Une Sensation de Confort et de Fra\u00eecheur Durable : Fini les sensations de tiraillement apr\u00e8s le rasage ! Le Nettoyant + Rasage Purifiant vous offre un confort absolu. Votre peau est imm\u00e9diatement nettoy\u00e9e et rafra\u00eechie, et gr\u00e2ce \u00e0 sa formule douce, elle est apais\u00e9e pendant le rasage. Apr\u00e8s utilisation, vous profitez d&rsquo;une sensation durable de fra\u00eecheur et de douceur, pour un visage qui respire la propret\u00e9 et la vitalit\u00e9.<\/p>\n<p>Conseils d&rsquo;utilisation:<\/p>\n<p>Faire mousser une petite quantit\u00e9 de produit dans les mains et appliquer sur le visage. Pour le rasage, masser d\u00e9licatement la barbe et laisser agir. Puis effectuer le rasage. Retirez l&rsquo;exc\u00e9dent de produit avec de l&rsquo;eau chaude.<\/p>\n<p>Composition :<\/p>\n<p>Panth\u00e9nol : am\u00e9liore la facult\u00e9 de r\u00e9g\u00e9n\u00e9ration de la peau, augmente sa protection naturelle, apaise les irritations cutan\u00e9es, adoucit<\/p>","protected":false},"excerpt":{"rendered":"<p>Ce n&rsquo;est pas un simple gel nettoyant ou une simple mousse \u00e0 raser, c&rsquo;est une formule deux-en-un, con\u00e7ue pour vous offrir un&hellip;<\/p>","protected":false},"featured_media":15670,"comment_status":"open","ping_status":"closed","template":"","meta":[],"product_cat":[194],"product_tag":[],"yith_product_brand":[197],"class_list":{"0":"post-15671","1":"product","2":"type-product","3":"status-publish","4":"has-post-thumbnail","6":"product_cat-soins-homme","7":"yith_product_brand-janssen-cosmetics","9":"first","10":"instock","11":"sale","12":"shipping-taxable","13":"purchasable","14":"product-type-simple"},"_links":{"self":[{"href":"https:\/\/parapharmacieenligne.ma\/en\/wp-json\/wp\/v2\/product\/15671","targetHints":{"allow":["GET"]}}],"collection":[{"href":"https:\/\/parapharmacieenligne.ma\/en\/wp-json\/wp\/v2\/product"}],"about":[{"href":"https:\/\/parapharmacieenligne.ma\/en\/wp-json\/wp\/v2\/types\/product"}],"replies":[{"embeddable":true,"href":"https:\/\/parapharmacieenligne.ma\/en\/wp-json\/wp\/v2\/comments?post=15671"}],"version-history":[{"count":1,"href":"https:\/\/parapharmacieenligne.ma\/en\/wp-json\/wp\/v2\/product\/15671\/revisions"}],"predecessor-version":[{"id":15672,"href":"https:\/\/parapharmacieenligne.ma\/en\/wp-json\/wp\/v2\/product\/15671\/revisions\/15672"}],"wp:featuredmedia":[{"embeddable":true,"href":"https:\/\/parapharmacieenligne.ma\/en\/wp-json\/wp\/v2\/media\/15670"}],"wp:attachment":[{"href":"https:\/\/parapharmacieenligne.ma\/en\/wp-json\/wp\/v2\/media?parent=15671"}],"wp:term":[{"taxonomy":"product_cat","embeddable":true,"href":"https:\/\/parapharmacieenligne.ma\/en\/wp-json\/wp\/v2\/product_cat?post=15671"},{"taxonomy":"product_tag","embeddable":true,"href":"https:\/\/parapharmacieenligne.ma\/en\/wp-json\/wp\/v2\/product_tag?post=15671"},{"taxonomy":"yith_product_brand","embeddable":true,"href":"https:\/\/parapharmacieenligne.ma\/en\/wp-json\/wp\/v2\/yith_product_brand?post=15671"}],"curies":[{"name":"wp","href":"https:\/\/api.w.org\/{rel}","templated":true}]}}