{"id":15706,"date":"2026-02-21T01:26:21","date_gmt":"2026-02-21T00:26:21","guid":{"rendered":"https:\/\/parapharmacieenligne.ma\/?post_type=product&#038;p=15706"},"modified":"2026-02-21T01:26:30","modified_gmt":"2026-02-21T00:26:30","slug":"loreal-paris-liner-perfect-slim","status":"publish","type":"product","link":"https:\/\/parapharmacieenligne.ma\/en\/product\/loreal-paris-liner-perfect-slim\/","title":{"rendered":"L&rsquo;OREAL PARIS LINER PERFECT SLIM"},"content":{"rendered":"<p>La formule de ce liner d&rsquo;exception garantit une couleur intense qui ne faiblit pas au fil des heures. Sa longue tenue vous assure un regard impeccable du matin jusqu&rsquo;au soir, sans bavure niMigration. Et pour celles qui vivent \u00e0 cent \u00e0 l&rsquo;heure, sa r\u00e9sistance \u00e0 l&rsquo;humidit\u00e9, son caract\u00e8re waterproof, vous offre une tranquillit\u00e9 d&rsquo;esprit in\u00e9gal\u00e9e, d\u00e9fiant les al\u00e9as du quotidien.<\/p>\n<p>Con\u00e7u pour le confort de toutes, m\u00eame les yeux les plus sensibles et les porteurs de lentilles, le L&rsquo;Or\u00e9al Paris Liner Perfect Slim allie performance et douceur. Sa texture agr\u00e9able facilite l&rsquo;application, permettant m\u00eame aux novices d&rsquo;obtenir un trac\u00e9 net et pr\u00e9cis d\u00e8s le premier essai. N&rsquo;ayez plus peur d&rsquo;exp\u00e9rimenter et de sublimer votre regard selon vos envies.<\/p>\n<p>Ce n&rsquo;est pas seulement un eyeliner, c&rsquo;est la promesse d&rsquo;un regard sign\u00e9, d&rsquo;une expression affirm\u00e9e. Que vous souhaitiez subtilement souligner la frange sup\u00e9rieure de vos cils pour un effet naturel et \u00e9l\u00e9gant, ou intensifier le coin externe de votre \u0153il pour un look plus sophistiqu\u00e9 et envo\u00fbtant, le L&rsquo;Or\u00e9al Paris Liner Perfect Slim r\u00e9pond \u00e0 toutes vos attentes. Sa pr\u00e9cision millim\u00e9tr\u00e9e vous donne le pouvoir de personnaliser votre regard, d&rsquo;affirmer votre style et de laisser une empreinte inoubliable. Adoptez le L&rsquo;Or\u00e9al Paris Liner Perfect Slim et d\u00e9couvrez la facilit\u00e9 d&rsquo;un trac\u00e9 parfait, la puissance d&rsquo;un regard intens\u00e9ment d\u00e9fini.<\/p>\n<p>Conseils d&rsquo;utilisation<br \/>\nPour un effet naturel : Tracez une ligne fine le long de la frange sup\u00e9rieure de vos cils, en partant du coin interne de l&rsquo;\u0153il vers l&rsquo;ext\u00e9rieur.<br \/>\nPour un effet \u00ab\u00a0\u0153il de biche\u00a0\u00bb : Commencez par tracer une ligne fine le long de la frange sup\u00e9rieure des cils. Au niveau du coin externe de l&rsquo;\u0153il, \u00e9paississez progressivement le trait et prolongez-le l\u00e9g\u00e8rement vers le haut en direction de l&rsquo;extr\u00e9mit\u00e9 de votre sourcil.<br \/>\nPour une intensit\u00e9 accrue, vous pouvez repasser le trait une seconde fois.<br \/>\nAssurez-vous que votre paupi\u00e8re est propre et s\u00e8che avant l&rsquo;application.<br \/>\nRefermez bien le stylo apr\u00e8s utilisation pour \u00e9viter que la mine ne s\u00e8che.<br \/>\nComposition<br \/>\nAQUA \/ WATER, CI 77266 NANO \/ BLACK 2, METHYLPROPANEDIOL, STYRENE\/ACRYLATES COPOLYMER, STYRENE\/ACRYLATES\/AMMONIUM METHACRYLATE COPOLYMER, CELLULOSE, PEG-60 HYDROGENATED CASTOR OIL, COCO-GLUCOSIDE, POLOXAMER 407, CITRIC ACID, PHENOXYETHANOL, POTASSIUM SORBATE, PHENYLPROPANOL, SODIUM BENZOATE, CAPRYLYL GLYCOL, SODIUM DEHYDROACETATE, SODIUM LAURETH SULFATE, SODIUM LAURYL SULFATE, BHT<\/p>","protected":false},"excerpt":{"rendered":"<p>La formule de ce liner d&rsquo;exception garantit une couleur intense qui ne faiblit pas au fil des heures. Sa longue tenue vous&hellip;<\/p>","protected":false},"featured_media":15705,"comment_status":"open","ping_status":"closed","template":"","meta":[],"product_cat":[91],"product_tag":[],"yith_product_brand":[198],"class_list":{"0":"post-15706","1":"product","2":"type-product","3":"status-publish","4":"has-post-thumbnail","6":"product_cat-maquillage","7":"yith_product_brand-loreal-paris","9":"first","10":"instock","11":"sale","12":"shipping-taxable","13":"purchasable","14":"product-type-simple"},"_links":{"self":[{"href":"https:\/\/parapharmacieenligne.ma\/en\/wp-json\/wp\/v2\/product\/15706","targetHints":{"allow":["GET"]}}],"collection":[{"href":"https:\/\/parapharmacieenligne.ma\/en\/wp-json\/wp\/v2\/product"}],"about":[{"href":"https:\/\/parapharmacieenligne.ma\/en\/wp-json\/wp\/v2\/types\/product"}],"replies":[{"embeddable":true,"href":"https:\/\/parapharmacieenligne.ma\/en\/wp-json\/wp\/v2\/comments?post=15706"}],"version-history":[{"count":1,"href":"https:\/\/parapharmacieenligne.ma\/en\/wp-json\/wp\/v2\/product\/15706\/revisions"}],"predecessor-version":[{"id":15707,"href":"https:\/\/parapharmacieenligne.ma\/en\/wp-json\/wp\/v2\/product\/15706\/revisions\/15707"}],"wp:featuredmedia":[{"embeddable":true,"href":"https:\/\/parapharmacieenligne.ma\/en\/wp-json\/wp\/v2\/media\/15705"}],"wp:attachment":[{"href":"https:\/\/parapharmacieenligne.ma\/en\/wp-json\/wp\/v2\/media?parent=15706"}],"wp:term":[{"taxonomy":"product_cat","embeddable":true,"href":"https:\/\/parapharmacieenligne.ma\/en\/wp-json\/wp\/v2\/product_cat?post=15706"},{"taxonomy":"product_tag","embeddable":true,"href":"https:\/\/parapharmacieenligne.ma\/en\/wp-json\/wp\/v2\/product_tag?post=15706"},{"taxonomy":"yith_product_brand","embeddable":true,"href":"https:\/\/parapharmacieenligne.ma\/en\/wp-json\/wp\/v2\/yith_product_brand?post=15706"}],"curies":[{"name":"wp","href":"https:\/\/api.w.org\/{rel}","templated":true}]}}