{"id":15712,"date":"2026-02-21T01:26:59","date_gmt":"2026-02-21T00:26:59","guid":{"rendered":"https:\/\/parapharmacieenligne.ma\/?post_type=product&#038;p=15712"},"modified":"2026-02-21T01:27:20","modified_gmt":"2026-02-21T00:27:20","slug":"loreal-paris-infaillible-wear-concealer","status":"publish","type":"product","link":"https:\/\/parapharmacieenligne.ma\/en\/product\/loreal-paris-infaillible-wear-concealer\/","title":{"rendered":"L&rsquo;OREAL PARIS INFAILLIBLE WEAR CONCEALER"},"content":{"rendered":"<p>Ce correcteur multi-usages propose une tenue infaillible pendant 24h sans effet masque. Sa texture fluide, l\u00e9g\u00e8re et confortable \u00e9pouse la peau \u00e0 la perfection sans la marquer, pour un effet seconde peau. Ce produit est adapt\u00e9 \u00e0 tous les types de peau, m\u00eame sensibles, et se d\u00e9cline en 25 teintes, pour correspondre \u00e0 toutes les carnations.<\/p>\n<p>Son applicateur intelligent facilite son utilisation au quotidien :<\/p>\n<p>La pointe arrondie permet une application cibl\u00e9e (cernes, ailes du nez, imperfections\u2026),<\/p>\n<p>La face plate est id\u00e9ale pour \u00e9tirer la mati\u00e8re comme un fond de teint.<\/p>\n<p>Formul\u00e9 sans com\u00e9dog\u00e8nes, ce correcteur a \u00e9t\u00e9 test\u00e9 sous contr\u00f4le dermatologique et ophtalmologique, pour un respect optimal de la peau et du contour des yeux.<\/p>\n<p>Conseils d&rsquo;utilisation<br \/>\nEn correcteur : appliquez par petites touches sous les yeux, sur les rougeurs et les zones \u00e0 corriger. Tapotez avec une \u00e9ponge ou au doigt.<\/p>\n<p>En fond de teint : utilisez la partie plate de l\u2019applicateur pour d\u00e9poser la mati\u00e8re, puis estompez avec un pinceau ou une \u00e9ponge pour un teint parfaitement unifi\u00e9.<\/p>\n<p>Pour les retouches : gardez le dans votre sac pour des retouches express tout au long de la journ\u00e9e.<\/p>\n<p> Composition<br \/>\nAqua, Undecane, Glycerin, Dimethicone, Polyglyceryl-4 Isostearate, Synthetic Fluorphlogopite, Pentylene Glycol, Butylene Glycol, Tridecane, Cetyl PEG\/PPG-10\/1 Dimethicone, Hexyl Laurate, Isononyl Isononanoate, Magnesium Sulfate, Polyhydroxystearic Acid, Octyldodecanol, Disteardimonium Hectorite, Disodium Stearoyl Glutamate, Silica Silylate, Cellulose Gum, Ethylhexylglycerin, Phenoxyethanol, Parfum, Trihydroxystearin, Aluminum Hydroxide, Acetylated Glycol Stearate, Hexyl Cinnamal, Benzyl Salicylate, Silica, Linalool, Alpha-Isomethyl Ionone, Benzyl Alcohol, Tocopherol, Helianthus Annuus Seed Oil, Pentaerythrityl Tetra-Di-T-Butyl Hydroxyhydrocinnamate, CI 77891, CI 77491, CI 77492, CI 77499, CI 77007<\/p>","protected":false},"excerpt":{"rendered":"<p>Ce correcteur multi-usages propose une tenue infaillible pendant 24h sans effet masque. Sa texture fluide, l\u00e9g\u00e8re et confortable \u00e9pouse la peau \u00e0&hellip;<\/p>","protected":false},"featured_media":15711,"comment_status":"open","ping_status":"closed","template":"","meta":[],"product_cat":[91],"product_tag":[],"yith_product_brand":[198],"class_list":{"0":"post-15712","1":"product","2":"type-product","3":"status-publish","4":"has-post-thumbnail","6":"product_cat-maquillage","7":"yith_product_brand-loreal-paris","9":"first","10":"instock","11":"sale","12":"shipping-taxable","13":"purchasable","14":"product-type-simple"},"_links":{"self":[{"href":"https:\/\/parapharmacieenligne.ma\/en\/wp-json\/wp\/v2\/product\/15712","targetHints":{"allow":["GET"]}}],"collection":[{"href":"https:\/\/parapharmacieenligne.ma\/en\/wp-json\/wp\/v2\/product"}],"about":[{"href":"https:\/\/parapharmacieenligne.ma\/en\/wp-json\/wp\/v2\/types\/product"}],"replies":[{"embeddable":true,"href":"https:\/\/parapharmacieenligne.ma\/en\/wp-json\/wp\/v2\/comments?post=15712"}],"version-history":[{"count":1,"href":"https:\/\/parapharmacieenligne.ma\/en\/wp-json\/wp\/v2\/product\/15712\/revisions"}],"predecessor-version":[{"id":15713,"href":"https:\/\/parapharmacieenligne.ma\/en\/wp-json\/wp\/v2\/product\/15712\/revisions\/15713"}],"wp:featuredmedia":[{"embeddable":true,"href":"https:\/\/parapharmacieenligne.ma\/en\/wp-json\/wp\/v2\/media\/15711"}],"wp:attachment":[{"href":"https:\/\/parapharmacieenligne.ma\/en\/wp-json\/wp\/v2\/media?parent=15712"}],"wp:term":[{"taxonomy":"product_cat","embeddable":true,"href":"https:\/\/parapharmacieenligne.ma\/en\/wp-json\/wp\/v2\/product_cat?post=15712"},{"taxonomy":"product_tag","embeddable":true,"href":"https:\/\/parapharmacieenligne.ma\/en\/wp-json\/wp\/v2\/product_tag?post=15712"},{"taxonomy":"yith_product_brand","embeddable":true,"href":"https:\/\/parapharmacieenligne.ma\/en\/wp-json\/wp\/v2\/yith_product_brand?post=15712"}],"curies":[{"name":"wp","href":"https:\/\/api.w.org\/{rel}","templated":true}]}}