{"id":15715,"date":"2026-02-21T01:28:41","date_gmt":"2026-02-21T00:28:41","guid":{"rendered":"https:\/\/parapharmacieenligne.ma\/?post_type=product&#038;p=15715"},"modified":"2026-02-21T01:43:31","modified_gmt":"2026-02-21T00:43:31","slug":"loreal-paris-fond-de-teint-infaillible-32h-fresh-wear","status":"publish","type":"product","link":"https:\/\/parapharmacieenligne.ma\/en\/product\/loreal-paris-fond-de-teint-infaillible-32h-fresh-wear\/","title":{"rendered":"L&rsquo;OREAL PARIS FOND DE TEINT INFAILLIBLE 32H FRESH WEAR"},"content":{"rendered":"<p>Imaginez un fond de teint qui fusionne avec votre peau pour un confort in\u00e9gal\u00e9, tout en offrant une haute couvrance impeccable. Sa texture ultra-l\u00e9g\u00e8re et respirante laisse votre peau libre de respirer, \u00e9vitant toute sensation d&rsquo;\u00e9touffement. Fini le teint qui s&rsquo;oxyde au fil des heures ! La formule Infaillible Fresh Wear 32H garantit une couleur intense et r\u00e9sistante qui reste fid\u00e8le \u00e0 l&rsquo;application, vous assurant un look parfait du matin jusqu&rsquo;au soir.<\/p>\n<p>Plus qu&rsquo;un simple fond de teint, c&rsquo;est votre alli\u00e9 quotidien contre les agressions ext\u00e9rieures. R\u00e9sistant \u00e0 la pollution, aux UV (gr\u00e2ce \u00e0 son FPS 25), \u00e0 l&rsquo;eau, \u00e0 l&rsquo;humidit\u00e9 et m\u00eame au transfert sous le masque, il vous offre une tranquillit\u00e9 d&rsquo;esprit \u00e0 toute \u00e9preuve. Sa formule non com\u00e9dog\u00e8ne et test\u00e9e sous contr\u00f4le dermatologique convient \u00e0 tous les types de peau, m\u00eame les plus sensibles.<\/p>\n<p>Laissez-vous s\u00e9duire par la richesse de ses teintes \u00e9clatantes et longue tenue, con\u00e7ues pour sublimer chaque carnation. Trouvez la nuance parfaite qui se fondra naturellement avec votre peau et r\u00e9v\u00e9lez votre beaut\u00e9 unique.<\/p>\n<p>Conseils d\u2019utilisation<br \/>\nPr\u00e9levez une petite quantit\u00e9 de produit selon la couvrance d\u00e9sir\u00e9e.<\/p>\n<p>Appliquez du centre du visage vers l\u2019ext\u00e9rieur avec un pinceau, une \u00e9ponge blender ou simplement au doigt.<\/p>\n<p>Pour une correction optimale, utilisez le correcteur More Than Concealer sur les cernes et imperfections.<\/p>\n<p>Pour un fini mat et renforc\u00e9, appliquez la poudre Infaillible Fresh Wear en compl\u00e9ment.<\/p>\n<p>Composition<br \/>\nAqua\/Water, Dimethicone, Isododecane, Alcohol Denat., Ethylhexyl Methoxycinnamate, Trimethylsiloxysilicate, Butylene Glycol, Titanium Dioxide [Nano]\/Titanium Dioxide, PEG-10 Dimethicone, Perlite, Synthetic Fluorphlogopite, Nylon-12, Isopropyl Lauroyl Sarcosinate, Diisopropyl Sebacate, HDI\/Trimethylol Hexyllactone Crosspolymer, Disteardimonium Hectorite, Bis-PEG\/PPG-14\/14 Dimethicone, Magnesium Sulfate, Aluminum Hydroxide, Phenoxyethanol, Disodium Stearoyl Glutamate, Hydrogen Dimethicone, Cellulose, Dipentaerythrityl Tetrahydroxystearate\/Tetraisostearate, Ascorbyl Glucoside, Silica Silylate, Parfum\/Fragrance, Calcium Aluminum Borosilicate, Tocopherol, Silica, Hexyl Cinnamal, Benzyl Salicylate, BHT, Linalool, Alpha-Isomethyl Ionone, Benzyl Alcohol, Citronellol, CI 77891\/Titanium Dioxide, CI 77491, CI 77492, CI 77499\/Iron Oxides, CI 77163\/Bismuth Oxychloride, Mica<\/p>\n","protected":false},"excerpt":{"rendered":"<p>Imaginez un fond de teint qui fusionne avec votre peau pour un confort in\u00e9gal\u00e9, tout en offrant une haute couvrance impeccable. Sa&hellip;<\/p>","protected":false},"featured_media":15714,"comment_status":"open","ping_status":"closed","template":"","meta":[],"product_cat":[91],"product_tag":[],"yith_product_brand":[198],"class_list":{"0":"post-15715","1":"product","2":"type-product","3":"status-publish","4":"has-post-thumbnail","6":"product_cat-maquillage","7":"yith_product_brand-loreal-paris","9":"first","10":"instock","11":"sale","12":"shipping-taxable","13":"purchasable","14":"product-type-simple"},"_links":{"self":[{"href":"https:\/\/parapharmacieenligne.ma\/en\/wp-json\/wp\/v2\/product\/15715","targetHints":{"allow":["GET"]}}],"collection":[{"href":"https:\/\/parapharmacieenligne.ma\/en\/wp-json\/wp\/v2\/product"}],"about":[{"href":"https:\/\/parapharmacieenligne.ma\/en\/wp-json\/wp\/v2\/types\/product"}],"replies":[{"embeddable":true,"href":"https:\/\/parapharmacieenligne.ma\/en\/wp-json\/wp\/v2\/comments?post=15715"}],"version-history":[{"count":1,"href":"https:\/\/parapharmacieenligne.ma\/en\/wp-json\/wp\/v2\/product\/15715\/revisions"}],"predecessor-version":[{"id":15716,"href":"https:\/\/parapharmacieenligne.ma\/en\/wp-json\/wp\/v2\/product\/15715\/revisions\/15716"}],"wp:featuredmedia":[{"embeddable":true,"href":"https:\/\/parapharmacieenligne.ma\/en\/wp-json\/wp\/v2\/media\/15714"}],"wp:attachment":[{"href":"https:\/\/parapharmacieenligne.ma\/en\/wp-json\/wp\/v2\/media?parent=15715"}],"wp:term":[{"taxonomy":"product_cat","embeddable":true,"href":"https:\/\/parapharmacieenligne.ma\/en\/wp-json\/wp\/v2\/product_cat?post=15715"},{"taxonomy":"product_tag","embeddable":true,"href":"https:\/\/parapharmacieenligne.ma\/en\/wp-json\/wp\/v2\/product_tag?post=15715"},{"taxonomy":"yith_product_brand","embeddable":true,"href":"https:\/\/parapharmacieenligne.ma\/en\/wp-json\/wp\/v2\/yith_product_brand?post=15715"}],"curies":[{"name":"wp","href":"https:\/\/api.w.org\/{rel}","templated":true}]}}