{"id":15742,"date":"2026-02-21T01:47:13","date_gmt":"2026-02-21T00:47:13","guid":{"rendered":"https:\/\/parapharmacieenligne.ma\/?post_type=product&#038;p=15742"},"modified":"2026-02-21T01:47:23","modified_gmt":"2026-02-21T00:47:23","slug":"loreal-paris-lumi-le-glass-stick-eclat-6-5g","status":"publish","type":"product","link":"https:\/\/parapharmacieenligne.ma\/en\/product\/loreal-paris-lumi-le-glass-stick-eclat-6-5g\/","title":{"rendered":"L&rsquo;OREAL PARIS LUMI LE GLASS STICK ECLAT 6.5G"},"content":{"rendered":"<p>L&rsquo;Or\u00e9al Paris, expert mondial du maquillage, a formul\u00e9 ce stick illuminateur innovant pour une action compl\u00e8te et une efficacit\u00e9 prouv\u00e9e :<\/p>\n<p>Une Formule L\u00e9g\u00e8re et Soyeuse : La Fusion Parfaite avec Votre Peau ! La force de ce produit r\u00e9side dans sa texture unique. Sa formule l\u00e9g\u00e8re et fondante s&rsquo;applique facilement et se fond parfaitement sur la peau. Finie la sensation de mati\u00e8re \u00e9paisse ou collante. Le stick illuminateur Lumi Le Glass laisse une texture fra\u00eeche et soyeuse, pour un confort optimal et un r\u00e9sultat qui se confond avec votre \u00e9piderme.<\/p>\n<p>Un \u00c9clat Modulable, pour Toutes les Envies : Que vous pr\u00e9f\u00e9riez un \u00e9clat discret et naturel ou une brillance plus intense et sophistiqu\u00e9e, ce stick est l&rsquo;outil qu&rsquo;il vous faut. Sa formule est ultra-modulable, vous permettant de superposer les couches pour obtenir l&rsquo;intensit\u00e9 souhait\u00e9e. Il est disponible en quatre teintes \u00e9l\u00e9gantes, allant de finis transparents effet \u00ab mouill\u00e9 \u00bb aux nuances brillantes satin\u00e9es, pour s&rsquo;adapter \u00e0 toutes les carnations et tous les styles.<\/p>\n<p>Polyvalence et Praticit\u00e9 : Un Seul Produit pour Tout Sublimer ! Ce n&rsquo;est pas un simple illuminateur pour les pommettes. Le Lumi Le Glass Highlighter Stick est un produit polyvalent qui sublime toutes les zones de votre choix. Appliquez-le sur les pommettes, l\u2019arcade sourcili\u00e8re, l\u2019arc de Cupidon ou l\u2019ar\u00eate du nez pour un effet sculptant. Vous pouvez m\u00eame l&rsquo;utiliser sur les \u00e9paules ou le d\u00e9collet\u00e9 pour un look encore plus glamour. Son format compact de 6.5g est id\u00e9al pour le glisser dans votre sac \u00e0 main et le transporter partout avec vous.<\/p>\n<p>Une Tenue Longue Dur\u00e9e pour un Teint Radieux : Gr\u00e2ce \u00e0 sa formule de haute qualit\u00e9, ce stick garantit un \u00e9clat frais et lumineux qui dure toute la journ\u00e9e. Fini les retouches constantes et les teints qui s&rsquo;\u00e9teignent. Le Lumi Le Glass Highlighter Stick vous assure un visage radieux et \u00e9clatant, \u00e0 tout moment, et convient \u00e0 tous les types de peau.<\/p>\n<p>Conseils d&rsquo;utilisation :<\/p>\n<p>Appliquez ce stick illuminateur sur les pommettes, l\u2019arcade sourcili\u00e8re, l\u2019arc de Cupidon, le nez ou sur toute autre zone que vous souhaitez illuminer. Gr\u00e2ce \u00e0 sa texture douce, il se fond parfaitement sur la peau pour un r\u00e9sultat naturel. Vous pouvez moduler l\u2019intensit\u00e9 du glow selon vos pr\u00e9f\u00e9rences, d\u2019un \u00e9clat subtil \u00e0 une brillance plus intense. Le Lumi Le Glass est le produit incontournable pour un teint radieux et \u00e9clatant, \u00e0 tout moment.<\/p>","protected":false},"excerpt":{"rendered":"<p>L&rsquo;Or\u00e9al Paris, expert mondial du maquillage, a formul\u00e9 ce stick illuminateur innovant pour une action compl\u00e8te et une efficacit\u00e9 prouv\u00e9e : Une&hellip;<\/p>","protected":false},"featured_media":15741,"comment_status":"open","ping_status":"closed","template":"","meta":[],"product_cat":[91],"product_tag":[],"yith_product_brand":[198],"class_list":{"0":"post-15742","1":"product","2":"type-product","3":"status-publish","4":"has-post-thumbnail","6":"product_cat-maquillage","7":"yith_product_brand-loreal-paris","9":"first","10":"instock","11":"sale","12":"shipping-taxable","13":"purchasable","14":"product-type-simple"},"_links":{"self":[{"href":"https:\/\/parapharmacieenligne.ma\/en\/wp-json\/wp\/v2\/product\/15742","targetHints":{"allow":["GET"]}}],"collection":[{"href":"https:\/\/parapharmacieenligne.ma\/en\/wp-json\/wp\/v2\/product"}],"about":[{"href":"https:\/\/parapharmacieenligne.ma\/en\/wp-json\/wp\/v2\/types\/product"}],"replies":[{"embeddable":true,"href":"https:\/\/parapharmacieenligne.ma\/en\/wp-json\/wp\/v2\/comments?post=15742"}],"version-history":[{"count":1,"href":"https:\/\/parapharmacieenligne.ma\/en\/wp-json\/wp\/v2\/product\/15742\/revisions"}],"predecessor-version":[{"id":15743,"href":"https:\/\/parapharmacieenligne.ma\/en\/wp-json\/wp\/v2\/product\/15742\/revisions\/15743"}],"wp:featuredmedia":[{"embeddable":true,"href":"https:\/\/parapharmacieenligne.ma\/en\/wp-json\/wp\/v2\/media\/15741"}],"wp:attachment":[{"href":"https:\/\/parapharmacieenligne.ma\/en\/wp-json\/wp\/v2\/media?parent=15742"}],"wp:term":[{"taxonomy":"product_cat","embeddable":true,"href":"https:\/\/parapharmacieenligne.ma\/en\/wp-json\/wp\/v2\/product_cat?post=15742"},{"taxonomy":"product_tag","embeddable":true,"href":"https:\/\/parapharmacieenligne.ma\/en\/wp-json\/wp\/v2\/product_tag?post=15742"},{"taxonomy":"yith_product_brand","embeddable":true,"href":"https:\/\/parapharmacieenligne.ma\/en\/wp-json\/wp\/v2\/yith_product_brand?post=15742"}],"curies":[{"name":"wp","href":"https:\/\/api.w.org\/{rel}","templated":true}]}}