{"id":15748,"date":"2026-02-21T01:47:48","date_gmt":"2026-02-21T00:47:48","guid":{"rendered":"https:\/\/parapharmacieenligne.ma\/?post_type=product&#038;p=15748"},"modified":"2026-02-21T01:47:57","modified_gmt":"2026-02-21T00:47:57","slug":"loreal-paris-lumi-le-blush-liquide-11-ml","status":"publish","type":"product","link":"https:\/\/parapharmacieenligne.ma\/en\/product\/loreal-paris-lumi-le-blush-liquide-11-ml\/","title":{"rendered":"L&rsquo;OREAL PARIS LUMI LE BLUSH LIQUIDE 11 ML"},"content":{"rendered":"<p>Sa formule ultra-pigment\u00e9e mais a\u00e9rienne permet une application pr\u00e9cise, fluide et parfaitement homog\u00e8ne. Gr\u00e2ce \u00e0 son syst\u00e8me de dosage intelligent, il vous suffit d\u2019ajuster le nombre de points pour moduler l\u2019intensit\u00e9 : 1 point pour un \u00e9clat subtil, parfait pour un effet \u201cbonne mine\u201d instantan\u00e9 ; 2 points pour une couleur plus marqu\u00e9e, id\u00e9ale pour un maquillage quotidien \u00e9clatant ; 3 points pour une intensit\u00e9 maximale, parfaite pour les occasions sp\u00e9ciales o\u00f9 vous souhaitez un teint structur\u00e9 et radieux. Cette approche intuitive et personnalis\u00e9e fait du Lumi Le Blush Liquide un indispensable de votre routine beaut\u00e9.<\/p>\n<p>Contrairement aux blushs poudre traditionnels, sa texture liquide fusionne parfaitement avec la peau, laissant un fini naturel, lumineux et longue tenue. Il ne marque pas les pores, ne fait pas d\u2019effet mati\u00e8re et reste confortable toute la journ\u00e9e. Gr\u00e2ce \u00e0 sa formule l\u00e9g\u00e8re et sensorielle, il s\u2019estompe facilement au doigt, \u00e0 l\u2019\u00e9ponge ou au pinceau, offrant un rendu parfaitement lisse et uniforme.<\/p>\n<p>Adapt\u00e9 \u00e0 toutes les routines maquillage, du plus minimaliste au plus \u00e9labor\u00e9, ce blush rehausse instantan\u00e9ment l\u2019\u00e9clat du visage et met en valeur les pommettes avec une fra\u00eecheur incomparable. Son format compact de 11 ml est id\u00e9al pour \u00eatre gliss\u00e9 dans un sac et permet des retouches express tout au long de la journ\u00e9e. Que vous soyez adepte d\u2019un look naturel ou d\u2019un fini intense, le L\u2019Or\u00e9al Paris Lumi Le Blush Liquide vous accompagne au quotidien pour un teint \u00e9clatant, moderne et lumineux.<\/p>\n<p>Conseils d&rsquo;utilisation:<br \/>\nAppliquer 1, 2 ou 3 points de produit selon l\u2019intensit\u00e9 d\u00e9sir\u00e9e.<\/p>\n<p>Tapoter doucement du bout des doigts ou \u00e0 l\u2019\u00e9ponge pour fondre la mati\u00e8re.<\/p>\n<p>Utiliser sur fond de teint ou directement sur peau nue.<\/p>\n<p>Estomper vers les tempes pour un effet lift\u00e9.<\/p>\n<p>Superposer les couches pour une intensit\u00e9 plus soutenue.<\/p>\n<p>Composition:<br \/>\nAQUA \/ EAU \u2022 DIM\u00c9THICONE \u2022 ISODOD\u00c9CANE \u2022 BUTYL\u00c8NE GLYCOL \u2022 ALCOOL \u2022 COPOLYM\u00c8RE D&rsquo;ACRYLATES\/POLYTRIM\u00c9THYLSILOXYM\u00c9THACRYLATE \u2022 DIM\u00c9THICONE C\u00c9TYL PEG\/PPG-10\/1 \u2022 TRIM\u00c9THYL PENTAPHENYL TRISILOXANE \u2022 FLUORPHLOGOPITE SYNTH\u00c9TIQUE \u2022 HECTORITE DE DIST\u00c9ARDIMONIUM \u2022 ISOST\u00c9ARATE DE POLYGLYC\u00c9RYL-4 \u2022 SULFATE DE MAGN\u00c9SIUM \u2022 PH\u00c9NOXY\u00c9THANOL \u2022 CARBONATE DE PROPYL\u00c8NE \u2022 DIM\u00c9THICONE PEG\/PPG-18\/18 \u2022 SILICE \u2022 OXYDE D&rsquo;\u00c9TAIN \u2022 BOROSILICATE DE CALCIUM ET D&rsquo;ALUMINIUM \u2022 ST\u00c9AROYL GLUTAMATE DISODIQUE \u2022 HYDROXYDE D&rsquo;ALUMINIUM \u2022 T\u00c9TRA-DI-T-BUTYL HYDROXYHYDROCINNAMATE DE PENTA\u00c9RYTHRITYL \u2022 TOCOPH\u00c9ROL<\/p>","protected":false},"excerpt":{"rendered":"<p>Sa formule ultra-pigment\u00e9e mais a\u00e9rienne permet une application pr\u00e9cise, fluide et parfaitement homog\u00e8ne. Gr\u00e2ce \u00e0 son syst\u00e8me de dosage intelligent, il vous&hellip;<\/p>","protected":false},"featured_media":15747,"comment_status":"open","ping_status":"closed","template":"","meta":[],"product_cat":[91],"product_tag":[],"yith_product_brand":[198],"class_list":{"0":"post-15748","1":"product","2":"type-product","3":"status-publish","4":"has-post-thumbnail","6":"product_cat-maquillage","7":"yith_product_brand-loreal-paris","9":"first","10":"instock","11":"sale","12":"shipping-taxable","13":"purchasable","14":"product-type-simple"},"_links":{"self":[{"href":"https:\/\/parapharmacieenligne.ma\/en\/wp-json\/wp\/v2\/product\/15748","targetHints":{"allow":["GET"]}}],"collection":[{"href":"https:\/\/parapharmacieenligne.ma\/en\/wp-json\/wp\/v2\/product"}],"about":[{"href":"https:\/\/parapharmacieenligne.ma\/en\/wp-json\/wp\/v2\/types\/product"}],"replies":[{"embeddable":true,"href":"https:\/\/parapharmacieenligne.ma\/en\/wp-json\/wp\/v2\/comments?post=15748"}],"version-history":[{"count":1,"href":"https:\/\/parapharmacieenligne.ma\/en\/wp-json\/wp\/v2\/product\/15748\/revisions"}],"predecessor-version":[{"id":15749,"href":"https:\/\/parapharmacieenligne.ma\/en\/wp-json\/wp\/v2\/product\/15748\/revisions\/15749"}],"wp:featuredmedia":[{"embeddable":true,"href":"https:\/\/parapharmacieenligne.ma\/en\/wp-json\/wp\/v2\/media\/15747"}],"wp:attachment":[{"href":"https:\/\/parapharmacieenligne.ma\/en\/wp-json\/wp\/v2\/media?parent=15748"}],"wp:term":[{"taxonomy":"product_cat","embeddable":true,"href":"https:\/\/parapharmacieenligne.ma\/en\/wp-json\/wp\/v2\/product_cat?post=15748"},{"taxonomy":"product_tag","embeddable":true,"href":"https:\/\/parapharmacieenligne.ma\/en\/wp-json\/wp\/v2\/product_tag?post=15748"},{"taxonomy":"yith_product_brand","embeddable":true,"href":"https:\/\/parapharmacieenligne.ma\/en\/wp-json\/wp\/v2\/yith_product_brand?post=15748"}],"curies":[{"name":"wp","href":"https:\/\/api.w.org\/{rel}","templated":true}]}}