{"id":15760,"date":"2026-02-21T01:53:01","date_gmt":"2026-02-21T00:53:01","guid":{"rendered":"https:\/\/parapharmacieenligne.ma\/?post_type=product&#038;p=15760"},"modified":"2026-02-21T01:53:11","modified_gmt":"2026-02-21T00:53:11","slug":"loreal-men-expert-hydra-hyaluronic-gel-douche-hydratant-300ml","status":"publish","type":"product","link":"https:\/\/parapharmacieenligne.ma\/en\/product\/loreal-men-expert-hydra-hyaluronic-gel-douche-hydratant-300ml\/","title":{"rendered":"L&rsquo;OREAL MEN EXPERT HYDRA HYALURONIC GEL DOUCHE HYDRATANT 300ML"},"content":{"rendered":"<p>La Puissance de l&rsquo;Acide Hyaluronique pour le Corps<br \/>\nL&rsquo;actif star de la cosm\u00e9tique moderne, l&rsquo;Acide Hyaluronique, est ici d\u00e9clin\u00e9 pour le corps afin d&rsquo;offrir une triple action in\u00e9gal\u00e9e :<\/p>\n<p>Hydratation Intense : Capable de retenir jusqu&rsquo;\u00e0 1000 fois son poids en eau, l&rsquo;Acide Hyaluronique infuse la peau d&rsquo;une hydratation imm\u00e9diate. D\u00e8s le premier lavage, votre peau retrouve sa souplesse et son \u00e9lasticit\u00e9 naturelle.<\/p>\n<p>R\u00e9duction des Tiraillements : Fini la sensation de peau qui \u00ab\u00a0gratte\u00a0\u00bb en sortant de la douche. Sa formule avanc\u00e9e apaise l&rsquo;\u00e9piderme et neutralise les effets dess\u00e9chants de l&rsquo;eau calcaire, laissant la peau confortable tout au long de la journ\u00e9e.<\/p>\n<p>Rafra\u00eechissement Instantan\u00e9 : Sa texture gel fondante se transforme en une mousse g\u00e9n\u00e9reuse qui \u00e9limine les impuret\u00e9s tout en diffusant une fragrance masculine tonifiante. Vous sortez de la douche avec un sentiment de fra\u00eecheur et d&rsquo;\u00e9nergie renouvel\u00e9.<\/p>\n<p>L&rsquo;Expertise Men Expert au Quotidien<br \/>\nAvec son format pratique de 300 ml, le gel douche Hydra Hyaluronic s&rsquo;adresse \u00e0 l&rsquo;homme moderne qui ne veut plus choisir entre efficacit\u00e9 et confort. Il pr\u00e9vient le dess\u00e8chement cutan\u00e9 et pr\u00e9pare la peau \u00e0 affronter les agressions ext\u00e9rieures, tout en offrant une peau visiblement plus saine et revitalis\u00e9e<\/p>\n<p>Conseils d&rsquo;utilisation :<br \/>\nAppliquez le produit sur la peau humide et rincez toutes les impuret\u00e9s. Rincez abondamment.<\/p>\n<p>Composition :<br \/>\nAQUA \/ WATER, SODIUM LAURETH SULFATE, GLYCERIN, SODIUM CHLORIDE, COCO-BETAINE, PARFUM \/ FRAGRANCE, CITRIC ACID, MAGNESIUM PCA, SODIUM HYDROXIDE, PENTYLENE GLYCOL, SODIUM BENZOATE (F.I.L. Z70021685\/1).<\/p>","protected":false},"excerpt":{"rendered":"<p>La Puissance de l&rsquo;Acide Hyaluronique pour le Corps L&rsquo;actif star de la cosm\u00e9tique moderne, l&rsquo;Acide Hyaluronique, est ici d\u00e9clin\u00e9 pour le corps&hellip;<\/p>","protected":false},"featured_media":15759,"comment_status":"open","ping_status":"closed","template":"","meta":[],"product_cat":[194],"product_tag":[],"yith_product_brand":[199],"class_list":{"0":"post-15760","1":"product","2":"type-product","3":"status-publish","4":"has-post-thumbnail","6":"product_cat-soins-homme","7":"yith_product_brand-loreal-men-expert","9":"first","10":"instock","11":"sale","12":"shipping-taxable","13":"purchasable","14":"product-type-simple"},"_links":{"self":[{"href":"https:\/\/parapharmacieenligne.ma\/en\/wp-json\/wp\/v2\/product\/15760","targetHints":{"allow":["GET"]}}],"collection":[{"href":"https:\/\/parapharmacieenligne.ma\/en\/wp-json\/wp\/v2\/product"}],"about":[{"href":"https:\/\/parapharmacieenligne.ma\/en\/wp-json\/wp\/v2\/types\/product"}],"replies":[{"embeddable":true,"href":"https:\/\/parapharmacieenligne.ma\/en\/wp-json\/wp\/v2\/comments?post=15760"}],"version-history":[{"count":1,"href":"https:\/\/parapharmacieenligne.ma\/en\/wp-json\/wp\/v2\/product\/15760\/revisions"}],"predecessor-version":[{"id":15761,"href":"https:\/\/parapharmacieenligne.ma\/en\/wp-json\/wp\/v2\/product\/15760\/revisions\/15761"}],"wp:featuredmedia":[{"embeddable":true,"href":"https:\/\/parapharmacieenligne.ma\/en\/wp-json\/wp\/v2\/media\/15759"}],"wp:attachment":[{"href":"https:\/\/parapharmacieenligne.ma\/en\/wp-json\/wp\/v2\/media?parent=15760"}],"wp:term":[{"taxonomy":"product_cat","embeddable":true,"href":"https:\/\/parapharmacieenligne.ma\/en\/wp-json\/wp\/v2\/product_cat?post=15760"},{"taxonomy":"product_tag","embeddable":true,"href":"https:\/\/parapharmacieenligne.ma\/en\/wp-json\/wp\/v2\/product_tag?post=15760"},{"taxonomy":"yith_product_brand","embeddable":true,"href":"https:\/\/parapharmacieenligne.ma\/en\/wp-json\/wp\/v2\/yith_product_brand?post=15760"}],"curies":[{"name":"wp","href":"https:\/\/api.w.org\/{rel}","templated":true}]}}