{"id":15772,"date":"2026-02-21T01:58:41","date_gmt":"2026-02-21T00:58:41","guid":{"rendered":"https:\/\/parapharmacieenligne.ma\/?post_type=product&#038;p=15772"},"modified":"2026-02-21T01:58:51","modified_gmt":"2026-02-21T00:58:51","slug":"loreal-men-expert-stop-stress-gel-douche-relaxant-300ml","status":"publish","type":"product","link":"https:\/\/parapharmacieenligne.ma\/en\/product\/loreal-men-expert-stop-stress-gel-douche-relaxant-300ml\/","title":{"rendered":"L&rsquo;OREAL MEN EXPERT STOP STRESS GEL DOUCHE RELAXANT 300ML"},"content":{"rendered":"<p>Le Pouvoir Relaxant d&rsquo;un Parfum Unique<br \/>\nLe secret du gel douche Stop Stress r\u00e9side dans son architecture olfactive in\u00e9dite. Pour la premi\u00e8re fois, Men Expert int\u00e8gre un complexe de senteurs sp\u00e9cifiquement choisi pour son influence sur le bien-\u00eatre :<\/p>\n<p>Un Parfum Bois\u00e9 et Fruit\u00e9 : Ce m\u00e9lange sophistiqu\u00e9 offre un \u00e9quilibre parfait entre la force de la for\u00eat et la vivacit\u00e9 des fruits. Les notes bois\u00e9es apportent une sensation de stabilit\u00e9 et d\u2019ancrage, tandis que les touches fruit\u00e9es lib\u00e8rent un vent de fra\u00eecheur qui dynamise l\u2019esprit.<\/p>\n<p>Apaisement Imm\u00e9diat : D\u00e8s que la vapeur d\u2019eau chaude rencontre le gel, les effluves se lib\u00e8rent pour cr\u00e9er une atmosph\u00e8re de spa \u00e0 domicile. Cette sensation de bien-\u00eatre instantan\u00e9 aide \u00e0 rel\u00e2cher les muscles et \u00e0 calmer les pens\u00e9es.<\/p>\n<p>Nettoyage Expert : Sa formule efficace \u00e9limine les impuret\u00e9s et les traces de pollution, laissant votre peau parfaitement propre et saine, sans l&rsquo;agresser.<\/p>\n<p>Lib\u00e9rez les Tensions<br \/>\nL\u2019utilisation quotidienne de ce gel douche permet de marquer une pause nette entre le tumulte ext\u00e9rieur et votre confort personnel. En sortant de la douche, vous n&rsquo;\u00eates pas seulement propre ; vous \u00eates ressourc\u00e9, apais\u00e9 et pr\u00eat \u00e0 profiter de votre soir\u00e9e avec une s\u00e9r\u00e9nit\u00e9 retrouv\u00e9e.<\/p>\n<p>Conseils d&rsquo;utilisation :<br \/>\nNettoie le corps, le visage et les cheveux en un seul geste<\/p>\n<p>En cas de contact avec les yeux, rincez abondamment \u00e0 l&rsquo;eau. Test\u00e9 sous contr\u00f4le ophtalmologique et dermatologique.<\/p>\n<p>Composition :<br \/>\nAQUA \/ WATER \u2022 SODIUM LAURETH SULFATE \u2022 GLYCERIN \u2022 SODIUM CHLORIDE \u2022 COCO-BETAINE \u2022 PARFUM \/ FRAGRANCE \u2022 PPG-5-CETETH-20 \u2022 CI 14700 \/ RED 4 \u2022 CI 17200 \/ RED 33 \u2022 SODIUM HYDROXIDE \u2022 SODIUM BENZOATE \u2022 THEOBROMA CACAO EXTRACT \/ COCOA EXTRACT \u2022 SALICYLIC ACID \u2022 POLYQUATERNIUM-7 \u2022 LIMONENE \u2022 LINALOOL \u2022 PENTYLENE GLYCOL \u2022 MENTHA PIPERITA EXTRACT \/ PEPPERMINT EXTRACT \u2022 ALPHA-ISOMETHYL IONONE \u2022 CITRIC ACID \u2022 CITRONELLOL \u2022 BUTYLENE GLYCOL \u2022 VITIS VINIFERA SEED EXTRACT \/ GRAPE SEED EXTRACT \u2022 COUMARIN (F.I.L. C219434\/1).<\/p>","protected":false},"excerpt":{"rendered":"<p>Le Pouvoir Relaxant d&rsquo;un Parfum Unique Le secret du gel douche Stop Stress r\u00e9side dans son architecture olfactive in\u00e9dite. Pour la premi\u00e8re&hellip;<\/p>","protected":false},"featured_media":15771,"comment_status":"open","ping_status":"closed","template":"","meta":[],"product_cat":[194],"product_tag":[],"yith_product_brand":[199],"class_list":{"0":"post-15772","1":"product","2":"type-product","3":"status-publish","4":"has-post-thumbnail","6":"product_cat-soins-homme","7":"yith_product_brand-loreal-men-expert","9":"first","10":"instock","11":"sale","12":"shipping-taxable","13":"purchasable","14":"product-type-simple"},"_links":{"self":[{"href":"https:\/\/parapharmacieenligne.ma\/en\/wp-json\/wp\/v2\/product\/15772","targetHints":{"allow":["GET"]}}],"collection":[{"href":"https:\/\/parapharmacieenligne.ma\/en\/wp-json\/wp\/v2\/product"}],"about":[{"href":"https:\/\/parapharmacieenligne.ma\/en\/wp-json\/wp\/v2\/types\/product"}],"replies":[{"embeddable":true,"href":"https:\/\/parapharmacieenligne.ma\/en\/wp-json\/wp\/v2\/comments?post=15772"}],"version-history":[{"count":1,"href":"https:\/\/parapharmacieenligne.ma\/en\/wp-json\/wp\/v2\/product\/15772\/revisions"}],"predecessor-version":[{"id":15773,"href":"https:\/\/parapharmacieenligne.ma\/en\/wp-json\/wp\/v2\/product\/15772\/revisions\/15773"}],"wp:featuredmedia":[{"embeddable":true,"href":"https:\/\/parapharmacieenligne.ma\/en\/wp-json\/wp\/v2\/media\/15771"}],"wp:attachment":[{"href":"https:\/\/parapharmacieenligne.ma\/en\/wp-json\/wp\/v2\/media?parent=15772"}],"wp:term":[{"taxonomy":"product_cat","embeddable":true,"href":"https:\/\/parapharmacieenligne.ma\/en\/wp-json\/wp\/v2\/product_cat?post=15772"},{"taxonomy":"product_tag","embeddable":true,"href":"https:\/\/parapharmacieenligne.ma\/en\/wp-json\/wp\/v2\/product_tag?post=15772"},{"taxonomy":"yith_product_brand","embeddable":true,"href":"https:\/\/parapharmacieenligne.ma\/en\/wp-json\/wp\/v2\/yith_product_brand?post=15772"}],"curies":[{"name":"wp","href":"https:\/\/api.w.org\/{rel}","templated":true}]}}