{"id":15775,"date":"2026-02-21T01:58:59","date_gmt":"2026-02-21T00:58:59","guid":{"rendered":"https:\/\/parapharmacieenligne.ma\/?post_type=product&#038;p=15775"},"modified":"2026-02-21T01:59:11","modified_gmt":"2026-02-21T00:59:11","slug":"loreal-men-expert-hydra-energetic-gel-douche-extreme-sport-300ml","status":"publish","type":"product","link":"https:\/\/parapharmacieenligne.ma\/en\/product\/loreal-men-expert-hydra-energetic-gel-douche-extreme-sport-300ml\/","title":{"rendered":"L&rsquo;OREAL MEN EXPERT HYDRA ENERGETIC GEL DOUCHE EXTREME SPORT 300ML"},"content":{"rendered":"<p>Technologie Freshness Activator : L&rsquo;Effet -3.8\u00b0C<br \/>\nLa r\u00e9volution de ce gel douche r\u00e9side dans sa formulation de pointe, sp\u00e9cifiquement \u00e9tudi\u00e9e pour les corps en mouvement :<\/p>\n<p>Effet Fraicheur Intense : Boost\u00e9 par la technologie exclusive Freshness Activator, ce gel douche procure une sensation de refroidissement instantan\u00e9e de -3.8\u00b0C sur la peau. C&rsquo;est le choc thermique id\u00e9al pour apaiser les muscles \u00e9chauff\u00e9s et stopper la transpiration post-effort.<\/p>\n<p>Parfum Stimulant : Son sillage frais et \u00e9nergisant agit comme un boost olfactif. Les notes tonifiantes r\u00e9veillent vos sens et dissipent instantan\u00e9ment la l\u00e9thargie qui suit une s\u00e9ance de sport intensive.<\/p>\n<p>Nettoyage Haute Performance : Sa formule \u00e9limine efficacement les toxines, la sueur et les impuret\u00e9s, laissant votre peau nette, saine et parfaitement revitalis\u00e9e.<\/p>\n<p>R\u00e9cup\u00e9ration et \u00c9nergie<br \/>\nPlus qu&rsquo;un simple nettoyage, le gel douche Extreme Sport est un protocole de r\u00e9cup\u00e9ration. En abaissant la temp\u00e9rature ressentie, il aide votre corps \u00e0 retrouver son calme tout en infusant votre esprit d&rsquo;une \u00e9nergie nouvelle.<\/p>\n<p>Conseils d&rsquo;utilisation :<br \/>\nAppliquez le produit sur la peau humide et rincez toutes les impuret\u00e9s. Rincez abondamment.<\/p>\n<p>Composition :<br \/>\nAQUA \/ WATER \u2022 SODIUM LAURETH SULFATE \u2022 GLYCERIN \u2022 PARFUM \/ FRAGRANCE \u2022 COCO-BETAINE \u2022 SODIUM CHLORIDE \u2022 CITRIC ACID \u2022 MENTHOL \u2022 SODIUM HYDROXIDE \u2022 PENTYLENE GLYCOL \u2022 COUMARIN \u2022 LIMONENE \u2022 SODIUM BENZOATE (F.I.L. Z70035159\/1).<\/p>","protected":false},"excerpt":{"rendered":"<p>Technologie Freshness Activator : L&rsquo;Effet -3.8\u00b0C La r\u00e9volution de ce gel douche r\u00e9side dans sa formulation de pointe, sp\u00e9cifiquement \u00e9tudi\u00e9e pour les&hellip;<\/p>","protected":false},"featured_media":15774,"comment_status":"open","ping_status":"closed","template":"","meta":[],"product_cat":[194],"product_tag":[],"yith_product_brand":[199],"class_list":{"0":"post-15775","1":"product","2":"type-product","3":"status-publish","4":"has-post-thumbnail","6":"product_cat-soins-homme","7":"yith_product_brand-loreal-men-expert","9":"first","10":"instock","11":"sale","12":"shipping-taxable","13":"purchasable","14":"product-type-simple"},"_links":{"self":[{"href":"https:\/\/parapharmacieenligne.ma\/en\/wp-json\/wp\/v2\/product\/15775","targetHints":{"allow":["GET"]}}],"collection":[{"href":"https:\/\/parapharmacieenligne.ma\/en\/wp-json\/wp\/v2\/product"}],"about":[{"href":"https:\/\/parapharmacieenligne.ma\/en\/wp-json\/wp\/v2\/types\/product"}],"replies":[{"embeddable":true,"href":"https:\/\/parapharmacieenligne.ma\/en\/wp-json\/wp\/v2\/comments?post=15775"}],"version-history":[{"count":1,"href":"https:\/\/parapharmacieenligne.ma\/en\/wp-json\/wp\/v2\/product\/15775\/revisions"}],"predecessor-version":[{"id":15776,"href":"https:\/\/parapharmacieenligne.ma\/en\/wp-json\/wp\/v2\/product\/15775\/revisions\/15776"}],"wp:featuredmedia":[{"embeddable":true,"href":"https:\/\/parapharmacieenligne.ma\/en\/wp-json\/wp\/v2\/media\/15774"}],"wp:attachment":[{"href":"https:\/\/parapharmacieenligne.ma\/en\/wp-json\/wp\/v2\/media?parent=15775"}],"wp:term":[{"taxonomy":"product_cat","embeddable":true,"href":"https:\/\/parapharmacieenligne.ma\/en\/wp-json\/wp\/v2\/product_cat?post=15775"},{"taxonomy":"product_tag","embeddable":true,"href":"https:\/\/parapharmacieenligne.ma\/en\/wp-json\/wp\/v2\/product_tag?post=15775"},{"taxonomy":"yith_product_brand","embeddable":true,"href":"https:\/\/parapharmacieenligne.ma\/en\/wp-json\/wp\/v2\/yith_product_brand?post=15775"}],"curies":[{"name":"wp","href":"https:\/\/api.w.org\/{rel}","templated":true}]}}