{"id":15781,"date":"2026-02-21T01:59:41","date_gmt":"2026-02-21T00:59:41","guid":{"rendered":"https:\/\/parapharmacieenligne.ma\/?post_type=product&#038;p=15781"},"modified":"2026-02-21T01:59:49","modified_gmt":"2026-02-21T00:59:49","slug":"loreal-men-expert-hydra-energetic-gel-douche-taurine-300ml","status":"publish","type":"product","link":"https:\/\/parapharmacieenligne.ma\/en\/product\/loreal-men-expert-hydra-energetic-gel-douche-taurine-300ml\/","title":{"rendered":"L&rsquo;OREAL MEN EXPERT HYDRA ENERGETIC GEL DOUCHE TAURINE 300ML"},"content":{"rendered":"<p>La Science du R\u00e9veil : 100 mg de Taurine Pure<br \/>\nPour la premi\u00e8re fois, Men Expert int\u00e8gre un ingr\u00e9dient phare de la performance dans votre rituel de toilette. Ce gel douche n&rsquo;est pas un simple nettoyant, c&rsquo;est un v\u00e9ritable shot d&rsquo;\u00e9nergie :<\/p>\n<p>Boost de Taurine : Avec 100 mg de Taurine infus\u00e9s dans chaque flacon, ce gel douche aide \u00e0 stimuler l&rsquo;\u00e9piderme et \u00e0 chasser les signes de fatigue cutan\u00e9e. C\u2019est le \u00ab\u00a0coup de fouet\u00a0\u00bb dont votre corps a besoin pour sortir de la l\u00e9thargie.<\/p>\n<p>Effet R\u00e9veil Instantan\u00e9 : Sa texture gel ultra-fra\u00eeche se transforme en une mousse tonifiante qui revitalise chaque pore de votre peau. Vous ne vous contentez pas de vous laver, vous vous r\u00e9activez.<\/p>\n<p>Parfum Frais Bois\u00e9 : Les notes bois\u00e9es apportent une virilit\u00e9 \u00e9l\u00e9gante tandis que la fra\u00eecheur des effluves stimule vos sens. Ce parfum signature a \u00e9t\u00e9 sp\u00e9cifiquement \u00e9labor\u00e9 pour offrir une sensation de propret\u00e9 et de dynamisme qui dure.<\/p>\n<p>Pr\u00eat pour la Journ\u00e9e<br \/>\nLe Gel Douche Hydra Energetic est le partenaire id\u00e9al des matins difficiles. Il nettoie en profondeur sans dess\u00e9cher la peau, tout en laissant une sensation de confort et une \u00e9nergie d\u00e9bordante.<\/p>\n<p>Conseils d&rsquo;utilisation :<br \/>\nNettoie le corps, le visage et les cheveux en un seul geste<\/p>\n<p>En cas de contact avec les yeux, rincez abondamment \u00e0 l&rsquo;eau. Test\u00e9 sous contr\u00f4le ophtalmologique et dermatologique.<\/p>\n<p>Composition :<br \/>\nAqua \/ Water Sodium Laureth Sulfate Glycerin Sodium Chloride Coco-Betaine Parfum \/ Fragrance Citric Acid Taurine Pentylene Glycol Benzyl Salicylate Limonene Linalool Sodium Benzoate<\/p>","protected":false},"excerpt":{"rendered":"<p>La Science du R\u00e9veil : 100 mg de Taurine Pure Pour la premi\u00e8re fois, Men Expert int\u00e8gre un ingr\u00e9dient phare de la&hellip;<\/p>","protected":false},"featured_media":15780,"comment_status":"open","ping_status":"closed","template":"","meta":[],"product_cat":[194],"product_tag":[],"yith_product_brand":[199],"class_list":{"0":"post-15781","1":"product","2":"type-product","3":"status-publish","4":"has-post-thumbnail","6":"product_cat-soins-homme","7":"yith_product_brand-loreal-men-expert","9":"first","10":"instock","11":"sale","12":"shipping-taxable","13":"purchasable","14":"product-type-simple"},"_links":{"self":[{"href":"https:\/\/parapharmacieenligne.ma\/en\/wp-json\/wp\/v2\/product\/15781","targetHints":{"allow":["GET"]}}],"collection":[{"href":"https:\/\/parapharmacieenligne.ma\/en\/wp-json\/wp\/v2\/product"}],"about":[{"href":"https:\/\/parapharmacieenligne.ma\/en\/wp-json\/wp\/v2\/types\/product"}],"replies":[{"embeddable":true,"href":"https:\/\/parapharmacieenligne.ma\/en\/wp-json\/wp\/v2\/comments?post=15781"}],"version-history":[{"count":1,"href":"https:\/\/parapharmacieenligne.ma\/en\/wp-json\/wp\/v2\/product\/15781\/revisions"}],"predecessor-version":[{"id":15782,"href":"https:\/\/parapharmacieenligne.ma\/en\/wp-json\/wp\/v2\/product\/15781\/revisions\/15782"}],"wp:featuredmedia":[{"embeddable":true,"href":"https:\/\/parapharmacieenligne.ma\/en\/wp-json\/wp\/v2\/media\/15780"}],"wp:attachment":[{"href":"https:\/\/parapharmacieenligne.ma\/en\/wp-json\/wp\/v2\/media?parent=15781"}],"wp:term":[{"taxonomy":"product_cat","embeddable":true,"href":"https:\/\/parapharmacieenligne.ma\/en\/wp-json\/wp\/v2\/product_cat?post=15781"},{"taxonomy":"product_tag","embeddable":true,"href":"https:\/\/parapharmacieenligne.ma\/en\/wp-json\/wp\/v2\/product_tag?post=15781"},{"taxonomy":"yith_product_brand","embeddable":true,"href":"https:\/\/parapharmacieenligne.ma\/en\/wp-json\/wp\/v2\/yith_product_brand?post=15781"}],"curies":[{"name":"wp","href":"https:\/\/api.w.org\/{rel}","templated":true}]}}