{"id":15784,"date":"2026-02-21T01:59:59","date_gmt":"2026-02-21T00:59:59","guid":{"rendered":"https:\/\/parapharmacieenligne.ma\/?post_type=product&#038;p=15784"},"modified":"2026-02-21T02:00:15","modified_gmt":"2026-02-21T01:00:15","slug":"loreal-men-expert-barber-club-3-en-1-gel-nettoyant-200ml","status":"publish","type":"product","link":"https:\/\/parapharmacieenligne.ma\/en\/product\/loreal-men-expert-barber-club-3-en-1-gel-nettoyant-200ml\/","title":{"rendered":"L&rsquo;OREAL MEN EXPERT BARBER CLUB 3 EN 1 GEL NETTOYANT 200ML"},"content":{"rendered":"<p>Le Pouvoir Purifiant de l&rsquo;Huile Essentielle de Bois de C\u00e8dre<br \/>\nAu c\u0153ur de cette formule se trouve l&rsquo;huile essentielle de bois de c\u00e8dre, un ingr\u00e9dient noble reconnu pour ses vertus apaisantes et son parfum masculin envo\u00fbtant. Ce gel agit sur trois piliers fondamentaux :<\/p>\n<p>Pour la Barbe : Il ne se contente pas de laver. Il \u00e9limine radicalement les impuret\u00e9s, les r\u00e9sidus de pollution et les peaux mortes qui s&rsquo;accumulent sous les poils. Son action adoucissante transforme les barbes les plus drues en une mati\u00e8re souple et soyeuse, agr\u00e9able au toucher.<\/p>\n<p>Pour le Visage : Sa base lavante purifie la peau en profondeur sans jamais l&rsquo;agresser. Elle r\u00e9gule l&rsquo;exc\u00e8s de s\u00e9bum et pr\u00e9vient les irritations li\u00e9es \u00e0 la pousse du poil, laissant votre visage frais et net.<\/p>\n<p>Pour les Cheveux : Ce gel nettoie la fibre capillaire tout en respectant l&rsquo;\u00e9quilibre d\u00e9licat du cuir chevelu. Son action d\u00e9m\u00ealante facilite le coiffage imm\u00e9diat, apportant volume et brillance naturelle.<\/p>\n<p>Un Rituel de Soin Authentique<br \/>\nChaque utilisation lib\u00e8re des notes bois\u00e9es et terreuses qui \u00e9voquent l&rsquo;atmosph\u00e8re chaleureuse d&rsquo;un salon de barbier traditionnel.<\/p>\n<p>Conseils d&rsquo;utilisation :<br \/>\nMouiller Humidifiez la barbe, le visage et les cheveux avec de l\u2019eau ti\u00e8de. L\u2019eau ti\u00e8de ouvre les pores et aide \u00e0 dissoudre les impuret\u00e9s.<\/p>\n<p>Appliquer le produit Versez une petite quantit\u00e9 du nettoyant dans la paume de la main (une noisette \u00e0 une noix, selon la longueur de votre barbe \/ cheveux).<\/p>\n<p>Frottez l\u00e9g\u00e8rement entre les mains pour faire mousser. Massages \/ nettoyage Sur la barbe, massez bien jusqu\u2019\u00e0 la peau, pour nettoyer aussi le dessous.<\/p>\n<p>Composition :<br \/>\nQUA \/ WATER \u2022 SODIUM LAURETH SULFATE \u2022 GLYCERIN \u2022 COCO-BETAINE \u2022 GLYCOL DISTEARATE \u2022 GUAR HYDROXYPROPYLTRIMONIUM CHLORIDE \u2022 EUCALYPTUS GLOBULUS LEAF OIL \u2022 TOCOPHEROL \u2022 SODIUM CHLORIDE \u2022 SODIUM BENZOATE \u2022 CEDRUS ATLANTICA BARK OIL \u2022 SODIUM ACETATE \u2022 SODIUM HYDROXIDE \u2022 PPG-5-CETETH-20 \u2022 PEG-55 PROPYLENE GLYCOL OLEATE \u2022 SALICYLIC ACID \u2022 POLYQUATERNIUM-10 \u2022 LIMONENE \u2022 FUMARIC ACID \u2022 MENTHOL \u2022 BENZYL SALICYLATE \u2022 BENZYL ALCOHOL \u2022 PENTYLENE GLYCOL \u2022 MENTHA PIPERITA EXTRACT \/ PEPPERMINT EXTRACT \u2022 PROPYLENE GLYCOL \u2022 ISOPROPYL ALCOHOL \u2022 ALPHA-ISOMETHYL IONONE \u2022 PARFUM \/ FRAGRANCE \u2022 CARBOMER \u2022 FUSANUS SPICATUS WOOD OIL \u2022 OCTYLDODECANOL \u2022 CITRIC ACID \u2022 COUMARIN (F.I.L. C210103\/1).<\/p>","protected":false},"excerpt":{"rendered":"<p>Le Pouvoir Purifiant de l&rsquo;Huile Essentielle de Bois de C\u00e8dre Au c\u0153ur de cette formule se trouve l&rsquo;huile essentielle de bois de&hellip;<\/p>","protected":false},"featured_media":15783,"comment_status":"open","ping_status":"closed","template":"","meta":[],"product_cat":[194],"product_tag":[],"yith_product_brand":[199],"class_list":{"0":"post-15784","1":"product","2":"type-product","3":"status-publish","4":"has-post-thumbnail","6":"product_cat-soins-homme","7":"yith_product_brand-loreal-men-expert","9":"first","10":"instock","11":"sale","12":"shipping-taxable","13":"purchasable","14":"product-type-simple"},"_links":{"self":[{"href":"https:\/\/parapharmacieenligne.ma\/en\/wp-json\/wp\/v2\/product\/15784","targetHints":{"allow":["GET"]}}],"collection":[{"href":"https:\/\/parapharmacieenligne.ma\/en\/wp-json\/wp\/v2\/product"}],"about":[{"href":"https:\/\/parapharmacieenligne.ma\/en\/wp-json\/wp\/v2\/types\/product"}],"replies":[{"embeddable":true,"href":"https:\/\/parapharmacieenligne.ma\/en\/wp-json\/wp\/v2\/comments?post=15784"}],"version-history":[{"count":1,"href":"https:\/\/parapharmacieenligne.ma\/en\/wp-json\/wp\/v2\/product\/15784\/revisions"}],"predecessor-version":[{"id":15785,"href":"https:\/\/parapharmacieenligne.ma\/en\/wp-json\/wp\/v2\/product\/15784\/revisions\/15785"}],"wp:featuredmedia":[{"embeddable":true,"href":"https:\/\/parapharmacieenligne.ma\/en\/wp-json\/wp\/v2\/media\/15783"}],"wp:attachment":[{"href":"https:\/\/parapharmacieenligne.ma\/en\/wp-json\/wp\/v2\/media?parent=15784"}],"wp:term":[{"taxonomy":"product_cat","embeddable":true,"href":"https:\/\/parapharmacieenligne.ma\/en\/wp-json\/wp\/v2\/product_cat?post=15784"},{"taxonomy":"product_tag","embeddable":true,"href":"https:\/\/parapharmacieenligne.ma\/en\/wp-json\/wp\/v2\/product_tag?post=15784"},{"taxonomy":"yith_product_brand","embeddable":true,"href":"https:\/\/parapharmacieenligne.ma\/en\/wp-json\/wp\/v2\/yith_product_brand?post=15784"}],"curies":[{"name":"wp","href":"https:\/\/api.w.org\/{rel}","templated":true}]}}