{"id":15793,"date":"2026-02-21T02:02:51","date_gmt":"2026-02-21T01:02:51","guid":{"rendered":"https:\/\/parapharmacieenligne.ma\/?post_type=product&#038;p=15793"},"modified":"2026-02-21T02:02:59","modified_gmt":"2026-02-21T01:02:59","slug":"loreal-men-expert-invincible-anti-transpirant-96h-50-ml","status":"publish","type":"product","link":"https:\/\/parapharmacieenligne.ma\/en\/product\/loreal-men-expert-invincible-anti-transpirant-96h-50-ml\/","title":{"rendered":"L&rsquo;OREAL MEN EXPERT INVINCIBLE ANTI TRANSPIRANT 96H 50 ML"},"content":{"rendered":"<p>Bienfaits :<br \/>\nProtection anti-transpirante 96H non-stop pour une efficacit\u00e9 longue dur\u00e9e<\/p>\n<p>Formule enrichie en Magn\u00e9sie pour r\u00e9guler l\u2019humidit\u00e9<\/p>\n<p>Effet toucher sec imm\u00e9diat et durable<\/p>\n<p>Combat efficacement les mauvaises odeurs<\/p>\n<p>R\u00e9gule la transpiration m\u00eame en conditions extr\u00eames<\/p>\n<p>Parfum frais bois\u00e9 masculin et \u00e9nergisant<\/p>\n<p>Format bille 50 ml pratique et facile \u00e0 transporter<\/p>\n<p>Gr\u00e2ce \u00e0 sa technologie enrichie en carbonate de magn\u00e9sium (Magn\u00e9sie), cet anti-transpirant homme absorbe l\u2019humidit\u00e9 et aide \u00e0 maintenir des aisselles s\u00e8ches plus longtemps. Il agit directement sur la transpiration excessive tout en offrant une sensation de confort optimal. Sa formule performante contient de l\u2019Aluminum Chlorohydrate reconnu pour son efficacit\u00e9 anti-transpirante, associ\u00e9 \u00e0 des agents adoucissants pour pr\u00e9server la peau.<\/p>\n<p>Id\u00e9al pour le sport, les journ\u00e9es intenses ou les situations de stress, cet anti-transpirant Invincible Sport garantit fra\u00eecheur, confiance et protection maximale. Si vous recherchez un d\u00e9odorant anti-transpirant homme 96H performant, \u00e0 l\u2019efficacit\u00e9 prouv\u00e9e et au parfum masculin, ce soin est fait pour vous.<\/p>\n<p>Conseils d\u2019utilisation :<br \/>\nBien agiter avant chaque utilisation. Appliquer l\u2019anti-transpirant bille sur des aisselles propres et s\u00e8ches. Laisser s\u00e9cher quelques instants avant de s\u2019habiller. Usage quotidien recommand\u00e9 pour une protection optimale 96H.<\/p>\n<p>Composition :<br \/>\nAqua (Eau), Aluminum Chlorohydrate, Dimethicone, C14-22 Alcohols, Parfum (Fragrance), Steareth-100\/PEG-136\/HDI Copolymer, Perlite, CI 77713 (Carbonate de Magn\u00e9sium), C12-20 Alkyl Glucoside, Iodopropynyl Butylcarbamate, PEG-4 Dilaurate, PEG-4 Laurate, PEG-4, Eugenol, Limonene, Benzyl Salicylate, Linalool, Benzyl Alcohol, Isoeugenol, Alpha-Isomethyl Ionone, Citronellol, Coumarin.<\/p>","protected":false},"excerpt":{"rendered":"<p>Bienfaits : Protection anti-transpirante 96H non-stop pour une efficacit\u00e9 longue dur\u00e9e Formule enrichie en Magn\u00e9sie pour r\u00e9guler l\u2019humidit\u00e9 Effet toucher sec imm\u00e9diat&hellip;<\/p>","protected":false},"featured_media":15792,"comment_status":"open","ping_status":"closed","template":"","meta":[],"product_cat":[194],"product_tag":[],"yith_product_brand":[199],"class_list":{"0":"post-15793","1":"product","2":"type-product","3":"status-publish","4":"has-post-thumbnail","6":"product_cat-soins-homme","7":"yith_product_brand-loreal-men-expert","9":"first","10":"instock","11":"sale","12":"shipping-taxable","13":"purchasable","14":"product-type-simple"},"_links":{"self":[{"href":"https:\/\/parapharmacieenligne.ma\/en\/wp-json\/wp\/v2\/product\/15793","targetHints":{"allow":["GET"]}}],"collection":[{"href":"https:\/\/parapharmacieenligne.ma\/en\/wp-json\/wp\/v2\/product"}],"about":[{"href":"https:\/\/parapharmacieenligne.ma\/en\/wp-json\/wp\/v2\/types\/product"}],"replies":[{"embeddable":true,"href":"https:\/\/parapharmacieenligne.ma\/en\/wp-json\/wp\/v2\/comments?post=15793"}],"version-history":[{"count":1,"href":"https:\/\/parapharmacieenligne.ma\/en\/wp-json\/wp\/v2\/product\/15793\/revisions"}],"predecessor-version":[{"id":15794,"href":"https:\/\/parapharmacieenligne.ma\/en\/wp-json\/wp\/v2\/product\/15793\/revisions\/15794"}],"wp:featuredmedia":[{"embeddable":true,"href":"https:\/\/parapharmacieenligne.ma\/en\/wp-json\/wp\/v2\/media\/15792"}],"wp:attachment":[{"href":"https:\/\/parapharmacieenligne.ma\/en\/wp-json\/wp\/v2\/media?parent=15793"}],"wp:term":[{"taxonomy":"product_cat","embeddable":true,"href":"https:\/\/parapharmacieenligne.ma\/en\/wp-json\/wp\/v2\/product_cat?post=15793"},{"taxonomy":"product_tag","embeddable":true,"href":"https:\/\/parapharmacieenligne.ma\/en\/wp-json\/wp\/v2\/product_tag?post=15793"},{"taxonomy":"yith_product_brand","embeddable":true,"href":"https:\/\/parapharmacieenligne.ma\/en\/wp-json\/wp\/v2\/yith_product_brand?post=15793"}],"curies":[{"name":"wp","href":"https:\/\/api.w.org\/{rel}","templated":true}]}}