{"id":15796,"date":"2026-02-21T02:03:10","date_gmt":"2026-02-21T01:03:10","guid":{"rendered":"https:\/\/parapharmacieenligne.ma\/?post_type=product&#038;p=15796"},"modified":"2026-02-21T02:03:17","modified_gmt":"2026-02-21T01:03:17","slug":"loreal-men-expert-thermic-resist-anti-transpirant-48h-50-ml","status":"publish","type":"product","link":"https:\/\/parapharmacieenligne.ma\/en\/product\/loreal-men-expert-thermic-resist-anti-transpirant-48h-50-ml\/","title":{"rendered":"L&rsquo;OREAL MEN EXPERT THERMIC RESIST ANTI TRANSPIRANT 48H 50 ML"},"content":{"rendered":"<p>Bienfaits :<br \/>\nEfficacit\u00e9 anti-transpirante 48H longue dur\u00e9e<\/p>\n<p>Technologie Ceramic-System performante jusqu\u2019\u00e0 45\u00b0C<\/p>\n<p>Aide \u00e0 combattre les coups de chaud<\/p>\n<p>R\u00e9duit les pics de transpiration li\u00e9s au stress<\/p>\n<p>Id\u00e9al pour les activit\u00e9s intenses et climats chauds<\/p>\n<p>Format bille 50 ml pratique et pr\u00e9cis<\/p>\n<p>Sensation de fra\u00eecheur durable<\/p>\n<p>Pens\u00e9 pour les hommes actifs, ce d\u00e9odorant anti-transpirant homme agit comme un v\u00e9ritable bouclier thermique. Sa formule innovante aide \u00e0 contr\u00f4ler la transpiration excessive m\u00eame en conditions extr\u00eames, tout en maintenant une sensation de confort. Que vous soyez en plein effort sportif, en d\u00e9placement sous forte chaleur ou confront\u00e9 \u00e0 une journ\u00e9e stressante, cet anti-transpirant 48H vous assure une protection fiable et continue.<\/p>\n<p>Le format bille permet une application cibl\u00e9e et homog\u00e8ne, id\u00e9ale pour une utilisation quotidienne. Compact et pratique, il se glisse facilement dans un sac de sport ou une trousse de toilette. Si vous recherchez un anti-transpirant homme r\u00e9sistant \u00e0 la chaleur, capable de vous accompagner jusqu\u2019\u00e0 45\u00b0C, Thermic Resist est une solution efficace pour garder confiance en toutes circonstances.<\/p>\n<p>Conseils d\u2019utilisation :<br \/>\nBien agiter avant chaque utilisation. Appliquer sur des aisselles propres et s\u00e8ches. Laisser s\u00e9cher quelques instants avant de s\u2019habiller. Utilisation quotidienne recommand\u00e9e pour une protection anti-transpirante optimale 48H.<\/p>","protected":false},"excerpt":{"rendered":"<p>Bienfaits : Efficacit\u00e9 anti-transpirante 48H longue dur\u00e9e Technologie Ceramic-System performante jusqu\u2019\u00e0 45\u00b0C Aide \u00e0 combattre les coups de chaud R\u00e9duit les pics&hellip;<\/p>","protected":false},"featured_media":15795,"comment_status":"open","ping_status":"closed","template":"","meta":[],"product_cat":[194],"product_tag":[],"yith_product_brand":[199],"class_list":{"0":"post-15796","1":"product","2":"type-product","3":"status-publish","4":"has-post-thumbnail","6":"product_cat-soins-homme","7":"yith_product_brand-loreal-men-expert","9":"first","10":"instock","11":"sale","12":"shipping-taxable","13":"purchasable","14":"product-type-simple"},"_links":{"self":[{"href":"https:\/\/parapharmacieenligne.ma\/en\/wp-json\/wp\/v2\/product\/15796","targetHints":{"allow":["GET"]}}],"collection":[{"href":"https:\/\/parapharmacieenligne.ma\/en\/wp-json\/wp\/v2\/product"}],"about":[{"href":"https:\/\/parapharmacieenligne.ma\/en\/wp-json\/wp\/v2\/types\/product"}],"replies":[{"embeddable":true,"href":"https:\/\/parapharmacieenligne.ma\/en\/wp-json\/wp\/v2\/comments?post=15796"}],"version-history":[{"count":1,"href":"https:\/\/parapharmacieenligne.ma\/en\/wp-json\/wp\/v2\/product\/15796\/revisions"}],"predecessor-version":[{"id":15797,"href":"https:\/\/parapharmacieenligne.ma\/en\/wp-json\/wp\/v2\/product\/15796\/revisions\/15797"}],"wp:featuredmedia":[{"embeddable":true,"href":"https:\/\/parapharmacieenligne.ma\/en\/wp-json\/wp\/v2\/media\/15795"}],"wp:attachment":[{"href":"https:\/\/parapharmacieenligne.ma\/en\/wp-json\/wp\/v2\/media?parent=15796"}],"wp:term":[{"taxonomy":"product_cat","embeddable":true,"href":"https:\/\/parapharmacieenligne.ma\/en\/wp-json\/wp\/v2\/product_cat?post=15796"},{"taxonomy":"product_tag","embeddable":true,"href":"https:\/\/parapharmacieenligne.ma\/en\/wp-json\/wp\/v2\/product_tag?post=15796"},{"taxonomy":"yith_product_brand","embeddable":true,"href":"https:\/\/parapharmacieenligne.ma\/en\/wp-json\/wp\/v2\/yith_product_brand?post=15796"}],"curies":[{"name":"wp","href":"https:\/\/api.w.org\/{rel}","templated":true}]}}