{"id":15873,"date":"2026-02-23T18:04:35","date_gmt":"2026-02-23T17:04:35","guid":{"rendered":"https:\/\/parapharmacieenligne.ma\/?post_type=product&#038;p=15873"},"modified":"2026-02-23T18:04:44","modified_gmt":"2026-02-23T17:04:44","slug":"loreal-professionnel-metal-detox-masque-professionnelle-250-ml","status":"publish","type":"product","link":"https:\/\/parapharmacieenligne.ma\/en\/product\/loreal-professionnel-metal-detox-masque-professionnelle-250-ml\/","title":{"rendered":"L&rsquo;OREAL PROFESSIONNEL METAL DETOX MASQUE PROFESSIONNELLE 250 ML"},"content":{"rendered":"<p>Enrichi en Glicoamine et en Ion\u00e8ne, ce masque prot\u00e8ge la fibre du d\u00e9p\u00f4t de particules en la rendant moins perm\u00e9able*. Sa formule exclusive brevet\u00e9e est sp\u00e9cialement con\u00e7ue pour r\u00e9pondre aux exigences des cheveux cassants ou ab\u00eem\u00e9s. Avec ce masque professionnelle protecteur anti-d\u00e9p\u00f4t, le cheveu est intens\u00e9ment nourrit*.<\/p>\n<p>*Test instrumental : Metal Detox shampooing + masque.<\/p>\n<p>Conseils d&rsquo;utilisation:<\/p>\n<p>Pour des r\u00e9sultats optimaux, appliquer apr\u00e8s le shampooing professionnel. Appliquer sur cheveux lav\u00e9s et essor\u00e9s. Bien repartir. Laisser poser 2 \u00e0 15 minutes. 15 minutes pour un soin en profondeur. Rincez.<\/p>\n<p>Ingr\u00e9dients :<\/p>\n<p>AQUA \/ WATER \/ EAU . CETEARYL ALCOHOL . AMODIMETHICONE . BEHENTRIMONIUM CHLORIDE . CETYL ESTERS . PARFUM \/ FRAGRANCE . ISOPROPYL ALCOHOL . TRIDECETH-6 . PHENOXYETHANOL . LIMONENE . CETRIMONIUM CHLORIDE . HEXYL CINNAMAL . LINALOOL . CHLORHEXIDINE DIHYDROCHLORIDE . CITRAL . GERANIOL . GLYCINE . TOCOPHEROL . POLYQUATERNIUM-7 . SODIUM BENZOATE (F.I.L. C263113\/1)<\/p>","protected":false},"excerpt":{"rendered":"<p>Enrichi en Glicoamine et en Ion\u00e8ne, ce masque prot\u00e8ge la fibre du d\u00e9p\u00f4t de particules en la rendant moins perm\u00e9able*. Sa formule&hellip;<\/p>","protected":false},"featured_media":15872,"comment_status":"open","ping_status":"closed","template":"","meta":[],"product_cat":[84],"product_tag":[],"yith_product_brand":[200],"class_list":{"0":"post-15873","1":"product","2":"type-product","3":"status-publish","4":"has-post-thumbnail","6":"product_cat-soins-cheveux","7":"yith_product_brand-loreal-professionnel-paris","9":"first","10":"instock","11":"sale","12":"shipping-taxable","13":"purchasable","14":"product-type-simple"},"_links":{"self":[{"href":"https:\/\/parapharmacieenligne.ma\/en\/wp-json\/wp\/v2\/product\/15873","targetHints":{"allow":["GET"]}}],"collection":[{"href":"https:\/\/parapharmacieenligne.ma\/en\/wp-json\/wp\/v2\/product"}],"about":[{"href":"https:\/\/parapharmacieenligne.ma\/en\/wp-json\/wp\/v2\/types\/product"}],"replies":[{"embeddable":true,"href":"https:\/\/parapharmacieenligne.ma\/en\/wp-json\/wp\/v2\/comments?post=15873"}],"version-history":[{"count":1,"href":"https:\/\/parapharmacieenligne.ma\/en\/wp-json\/wp\/v2\/product\/15873\/revisions"}],"predecessor-version":[{"id":15874,"href":"https:\/\/parapharmacieenligne.ma\/en\/wp-json\/wp\/v2\/product\/15873\/revisions\/15874"}],"wp:featuredmedia":[{"embeddable":true,"href":"https:\/\/parapharmacieenligne.ma\/en\/wp-json\/wp\/v2\/media\/15872"}],"wp:attachment":[{"href":"https:\/\/parapharmacieenligne.ma\/en\/wp-json\/wp\/v2\/media?parent=15873"}],"wp:term":[{"taxonomy":"product_cat","embeddable":true,"href":"https:\/\/parapharmacieenligne.ma\/en\/wp-json\/wp\/v2\/product_cat?post=15873"},{"taxonomy":"product_tag","embeddable":true,"href":"https:\/\/parapharmacieenligne.ma\/en\/wp-json\/wp\/v2\/product_tag?post=15873"},{"taxonomy":"yith_product_brand","embeddable":true,"href":"https:\/\/parapharmacieenligne.ma\/en\/wp-json\/wp\/v2\/yith_product_brand?post=15873"}],"curies":[{"name":"wp","href":"https:\/\/api.w.org\/{rel}","templated":true}]}}