{"id":15876,"date":"2026-02-23T18:04:56","date_gmt":"2026-02-23T17:04:56","guid":{"rendered":"https:\/\/parapharmacieenligne.ma\/?post_type=product&#038;p=15876"},"modified":"2026-02-23T18:05:15","modified_gmt":"2026-02-23T17:05:15","slug":"loreal-professionnel-metal-detox-shampooing-professionnel-sans-sulfate-300-ml","status":"publish","type":"product","link":"https:\/\/parapharmacieenligne.ma\/en\/product\/loreal-professionnel-metal-detox-shampooing-professionnel-sans-sulfate-300-ml\/","title":{"rendered":"L&rsquo;OREAL PROFESSIONNEL METAL DETOX SHAMPOOING PROFESSIONNEL SANS SULFATE 300 ML"},"content":{"rendered":"<p>Le 1er shampooing professionnel* sans sulfate qui nettoie la fibre et \u00e9limine l&rsquo;accumulation de particules de m\u00e9tal, telles que le cuivre* et autres particules de pollution. Une formule exclusive brevet\u00e9e, enrichie \u00e0 la Glicoamine et en Ion\u00e8ne, sp\u00e9cialement con\u00e7ue pour r\u00e9pondre aux exigences des cheveux abim\u00e9s et cassants.<\/p>\n<p>Avec cette cr\u00e8me lavante sans sulfate, le cheveu se d\u00e9leste des particules de m\u00e9tal**, il para\u00eet plus sain et retrouve sa brillance avec un r\u00e9sultat jusqu&rsquo;\u00e0 -97% de casse***.<\/p>\n<p>*Chez L&rsquo;Or\u00e9al Professionnel<\/p>\n<p>**Test instrumental : Metal Detox pr\u00e9-traitement + proc\u00e9dure technique + shampooing.<\/p>\n<p>***Test instrumental : Metal Detox shampooing + masque + huile.<\/p>\n<p>Conseils d&rsquo;utilisation:<\/p>\n<p>R\u00e9partir sur cheveux mouill\u00e9s. \u00c9mulsionner jusqu&rsquo;\u00e0 l&rsquo;obtention d&rsquo;une mousse onctueuse. Rincer. Pour des r\u00e9sultats optimaux, suivre avec le masque protecteur anti-d\u00e9p\u00f4t.<\/p>\n<p>Ingr\u00e9dients :<\/p>\n<p>AQUA \/ WATER \/ EAU . SODIUM COCOYL ISETHIONATE . DISODIUM LAURETH SULFOSUCCINATE . GLYCOL DISTEARATE . SODIUM LAURYL SULFOACETATE . SODIUM LAUROYL SARCOSINATE . GLYCERIN . PARFUM \/ FRAGRANCE . PPG-5-CETETH-20 . DECYL GLUCOSIDE . COCAMIDOPROPYL BETAINE . COCO-BETAINE . DIVINYLDIMETHICONE\/DIMETHICONE COPOLYMER . AMODIMETHICONE . CITRIC ACID . SODIUM HYDROXIDE . POLYQUATERNIUM-7 . POLYQUATERNIUM-10 . CARBOMER . SODIUM BENZOATE . SODIUM CHLORIDE . LIMONENE . PEG-55 PROPYLENE GLYCOL OLEATE . PROPYLENE GLYCOL . SALICYLIC ACID . BENZOIC ACID . POLYSORBATE 21 . HEXYL CINNAMAL . LINALOOL . TRIDECETH-6 . C12-13 PARETH-23 . C12-13 PARETH-3 . CITRAL . GERANIOL . GLYCINE . TOCOPHEROL . CETRIMONIUM CHLORIDE . PHENOXYETHANOL (F.I.L. C277901\/1).<\/p>","protected":false},"excerpt":{"rendered":"<p>Le 1er shampooing professionnel* sans sulfate qui nettoie la fibre et \u00e9limine l&rsquo;accumulation de particules de m\u00e9tal, telles que le cuivre* et&hellip;<\/p>","protected":false},"featured_media":15875,"comment_status":"open","ping_status":"closed","template":"","meta":[],"product_cat":[84],"product_tag":[],"yith_product_brand":[200],"class_list":{"0":"post-15876","1":"product","2":"type-product","3":"status-publish","4":"has-post-thumbnail","6":"product_cat-soins-cheveux","7":"yith_product_brand-loreal-professionnel-paris","9":"first","10":"instock","11":"sale","12":"shipping-taxable","13":"purchasable","14":"product-type-simple"},"_links":{"self":[{"href":"https:\/\/parapharmacieenligne.ma\/en\/wp-json\/wp\/v2\/product\/15876","targetHints":{"allow":["GET"]}}],"collection":[{"href":"https:\/\/parapharmacieenligne.ma\/en\/wp-json\/wp\/v2\/product"}],"about":[{"href":"https:\/\/parapharmacieenligne.ma\/en\/wp-json\/wp\/v2\/types\/product"}],"replies":[{"embeddable":true,"href":"https:\/\/parapharmacieenligne.ma\/en\/wp-json\/wp\/v2\/comments?post=15876"}],"version-history":[{"count":1,"href":"https:\/\/parapharmacieenligne.ma\/en\/wp-json\/wp\/v2\/product\/15876\/revisions"}],"predecessor-version":[{"id":15877,"href":"https:\/\/parapharmacieenligne.ma\/en\/wp-json\/wp\/v2\/product\/15876\/revisions\/15877"}],"wp:featuredmedia":[{"embeddable":true,"href":"https:\/\/parapharmacieenligne.ma\/en\/wp-json\/wp\/v2\/media\/15875"}],"wp:attachment":[{"href":"https:\/\/parapharmacieenligne.ma\/en\/wp-json\/wp\/v2\/media?parent=15876"}],"wp:term":[{"taxonomy":"product_cat","embeddable":true,"href":"https:\/\/parapharmacieenligne.ma\/en\/wp-json\/wp\/v2\/product_cat?post=15876"},{"taxonomy":"product_tag","embeddable":true,"href":"https:\/\/parapharmacieenligne.ma\/en\/wp-json\/wp\/v2\/product_tag?post=15876"},{"taxonomy":"yith_product_brand","embeddable":true,"href":"https:\/\/parapharmacieenligne.ma\/en\/wp-json\/wp\/v2\/yith_product_brand?post=15876"}],"curies":[{"name":"wp","href":"https:\/\/api.w.org\/{rel}","templated":true}]}}