{"id":15894,"date":"2026-02-23T18:07:12","date_gmt":"2026-02-23T17:07:12","guid":{"rendered":"https:\/\/parapharmacieenligne.ma\/?post_type=product&#038;p=15894"},"modified":"2026-02-23T18:07:25","modified_gmt":"2026-02-23T17:07:25","slug":"loreal-professionnel-liss-unlimited-masque-professionnel-250ml","status":"publish","type":"product","link":"https:\/\/parapharmacieenligne.ma\/en\/product\/loreal-professionnel-liss-unlimited-masque-professionnel-250ml\/","title":{"rendered":"L&rsquo;OREAL PROFESSIONNEL LISS UNLIMITED MASQUE PROFESSIONNEL 250ml"},"content":{"rendered":"<p>Le masque lisseur intense de L&rsquo;Or\u00e9al Professionnel pour cheveux indisciplin\u00e9s est enrichi en Pro-k\u00e9ratine, qui renforce les cheveux, et en huiles de Kukui et d&rsquo;Onagre connues pour les prot\u00e9ger. En plus de permettre un lissage intense, il laisse vos cheveux nourris et prot\u00e9g\u00e9s.<\/p>\n<p>Conseils d&rsquo;utilisation:<\/p>\n<p>R\u00e9partir sur cheveux lav\u00e9s et essor\u00e9s. Laisser poser 3-5 minutes. Rincer. En cas de contact avec les yeux, les rincer imm\u00e9diatement.<\/p>\n<p>Ingr\u00e9dients :<\/p>\n<p>AQUA \/ WATER \/ EAU . GLYCERIN . PROPYLENE GLYCOL . CETEARYL ALCOHOL . HYDROGENATED STARCH HYDROLYSATE . BEHENTRIMONIUM CHLORIDE . PEG-180 . OLEA EUROPAEA FRUIT OIL \/ OLIVE FRUIT OIL . DIMETHICONE . CETYL ESTERS . ISOPROPYL ALCOHOL . PHENOXYETHANOL . PEG\/PPG\/POLYBUTYLENE GLYCOL-8\/5\/3 GLYCERIN . MICA . AMODIMETHICONE . OENOTHERA BIENNIS OIL \/ EVENING PRIMROSE OIL . HYDROXYETHYLCELLULOSE . ALEURITES MOLUCCANUS SEED OIL . CITRIC ACID . CI 77891 \/ TITANIUM DIOXIDE . HEXYL CINNAMAL . ARGININE . GLUTAMIC ACID . CHLORHEXIDINE DIGLUCONATE . LIMONENE . BENZYL ALCOHOL . BENZYL SALICYLATE . SERINE . HYDROXYPROPYLTRIMONIUM HYDROLYZED WHEAT PROTEIN . CITRONELLOL . POTASSIUM HYDROXIDE . DILAURYL THIODIPROPIONATE . 2-OLEAMIDO-1,3-OCTADECANEDIOL . TOCOPHEROL . ASCORBYL PALMITATE . PARFUM \/ FRAGRANCE (F.I.L. C243059\/1).<\/p>","protected":false},"excerpt":{"rendered":"<p>Le masque lisseur intense de L&rsquo;Or\u00e9al Professionnel pour cheveux indisciplin\u00e9s est enrichi en Pro-k\u00e9ratine, qui renforce les cheveux, et en huiles de&hellip;<\/p>","protected":false},"featured_media":15893,"comment_status":"open","ping_status":"closed","template":"","meta":[],"product_cat":[84],"product_tag":[],"yith_product_brand":[200],"class_list":{"0":"post-15894","1":"product","2":"type-product","3":"status-publish","4":"has-post-thumbnail","6":"product_cat-soins-cheveux","7":"yith_product_brand-loreal-professionnel-paris","9":"first","10":"instock","11":"sale","12":"shipping-taxable","13":"purchasable","14":"product-type-simple"},"_links":{"self":[{"href":"https:\/\/parapharmacieenligne.ma\/en\/wp-json\/wp\/v2\/product\/15894","targetHints":{"allow":["GET"]}}],"collection":[{"href":"https:\/\/parapharmacieenligne.ma\/en\/wp-json\/wp\/v2\/product"}],"about":[{"href":"https:\/\/parapharmacieenligne.ma\/en\/wp-json\/wp\/v2\/types\/product"}],"replies":[{"embeddable":true,"href":"https:\/\/parapharmacieenligne.ma\/en\/wp-json\/wp\/v2\/comments?post=15894"}],"version-history":[{"count":1,"href":"https:\/\/parapharmacieenligne.ma\/en\/wp-json\/wp\/v2\/product\/15894\/revisions"}],"predecessor-version":[{"id":15895,"href":"https:\/\/parapharmacieenligne.ma\/en\/wp-json\/wp\/v2\/product\/15894\/revisions\/15895"}],"wp:featuredmedia":[{"embeddable":true,"href":"https:\/\/parapharmacieenligne.ma\/en\/wp-json\/wp\/v2\/media\/15893"}],"wp:attachment":[{"href":"https:\/\/parapharmacieenligne.ma\/en\/wp-json\/wp\/v2\/media?parent=15894"}],"wp:term":[{"taxonomy":"product_cat","embeddable":true,"href":"https:\/\/parapharmacieenligne.ma\/en\/wp-json\/wp\/v2\/product_cat?post=15894"},{"taxonomy":"product_tag","embeddable":true,"href":"https:\/\/parapharmacieenligne.ma\/en\/wp-json\/wp\/v2\/product_tag?post=15894"},{"taxonomy":"yith_product_brand","embeddable":true,"href":"https:\/\/parapharmacieenligne.ma\/en\/wp-json\/wp\/v2\/yith_product_brand?post=15894"}],"curies":[{"name":"wp","href":"https:\/\/api.w.org\/{rel}","templated":true}]}}