{"id":15897,"date":"2026-02-23T18:07:36","date_gmt":"2026-02-23T17:07:36","guid":{"rendered":"https:\/\/parapharmacieenligne.ma\/?post_type=product&#038;p=15897"},"modified":"2026-02-23T18:07:45","modified_gmt":"2026-02-23T17:07:45","slug":"loreal-professionnel-liss-unlimited-serum-lisseur-professionnel-125-ml","status":"publish","type":"product","link":"https:\/\/parapharmacieenligne.ma\/en\/product\/loreal-professionnel-liss-unlimited-serum-lisseur-professionnel-125-ml\/","title":{"rendered":"L&rsquo;OREAL PROFESSIONNEL LISS UNLIMITED SERUM LISSEUR PROFESSIONNEL 125 ML"},"content":{"rendered":"<p>FORMULE PROFESSIONNELLE enrichie en Pro-K\u00e9ratine renfor\u00e7atrice et en huiles nutri-protectrices de kukui et d&rsquo;onagre. Ma\u00eetrise, brillance et souplesse des cheveux indisciplin\u00e9s en un seul geste. Le cheveu est liss\u00e9 en toute fluidit\u00e9.<\/p>\n<p>Conseils d&rsquo;utilisation:<\/p>\n<p>Appliquer sur cheveux humides et proc\u00e9der au coiffage. Peut s&rsquo;appliquer en finition. Ne pas rincer<\/p>\n<p>Ingr\u00e9dients :<\/p>\n<p>Cyclopentasiloxane, Alcohol Denat, Dimethiconol, C12-15 Alkyl Benzoate, Oenothera Biennis Oil\/Evening Primrose Oil, Hexyl Cinnamal, Buthylphenyl Methylpropional, Benzyl Alcohol, Aleurites, Moluccana Not Oil\/Aleurites Moluccana Seed Oil, Citronellol, Limonene, Alpha-Isomethyl Ionone, Linalool, Parfum\/Fragrance C160539\/2<\/p>","protected":false},"excerpt":{"rendered":"<p>FORMULE PROFESSIONNELLE enrichie en Pro-K\u00e9ratine renfor\u00e7atrice et en huiles nutri-protectrices de kukui et d&rsquo;onagre. Ma\u00eetrise, brillance et souplesse des cheveux indisciplin\u00e9s en&hellip;<\/p>","protected":false},"featured_media":15896,"comment_status":"open","ping_status":"closed","template":"","meta":[],"product_cat":[84],"product_tag":[],"yith_product_brand":[200],"class_list":{"0":"post-15897","1":"product","2":"type-product","3":"status-publish","4":"has-post-thumbnail","6":"product_cat-soins-cheveux","7":"yith_product_brand-loreal-professionnel-paris","9":"first","10":"instock","11":"sale","12":"shipping-taxable","13":"purchasable","14":"product-type-simple"},"_links":{"self":[{"href":"https:\/\/parapharmacieenligne.ma\/en\/wp-json\/wp\/v2\/product\/15897","targetHints":{"allow":["GET"]}}],"collection":[{"href":"https:\/\/parapharmacieenligne.ma\/en\/wp-json\/wp\/v2\/product"}],"about":[{"href":"https:\/\/parapharmacieenligne.ma\/en\/wp-json\/wp\/v2\/types\/product"}],"replies":[{"embeddable":true,"href":"https:\/\/parapharmacieenligne.ma\/en\/wp-json\/wp\/v2\/comments?post=15897"}],"version-history":[{"count":1,"href":"https:\/\/parapharmacieenligne.ma\/en\/wp-json\/wp\/v2\/product\/15897\/revisions"}],"predecessor-version":[{"id":15898,"href":"https:\/\/parapharmacieenligne.ma\/en\/wp-json\/wp\/v2\/product\/15897\/revisions\/15898"}],"wp:featuredmedia":[{"embeddable":true,"href":"https:\/\/parapharmacieenligne.ma\/en\/wp-json\/wp\/v2\/media\/15896"}],"wp:attachment":[{"href":"https:\/\/parapharmacieenligne.ma\/en\/wp-json\/wp\/v2\/media?parent=15897"}],"wp:term":[{"taxonomy":"product_cat","embeddable":true,"href":"https:\/\/parapharmacieenligne.ma\/en\/wp-json\/wp\/v2\/product_cat?post=15897"},{"taxonomy":"product_tag","embeddable":true,"href":"https:\/\/parapharmacieenligne.ma\/en\/wp-json\/wp\/v2\/product_tag?post=15897"},{"taxonomy":"yith_product_brand","embeddable":true,"href":"https:\/\/parapharmacieenligne.ma\/en\/wp-json\/wp\/v2\/yith_product_brand?post=15897"}],"curies":[{"name":"wp","href":"https:\/\/api.w.org\/{rel}","templated":true}]}}