{"id":15900,"date":"2026-02-23T18:07:54","date_gmt":"2026-02-23T17:07:54","guid":{"rendered":"https:\/\/parapharmacieenligne.ma\/?post_type=product&#038;p=15900"},"modified":"2026-02-23T18:08:11","modified_gmt":"2026-02-23T17:08:11","slug":"loreal-professionnel-liss-unlimated-shampooing-professionnel-300-ml","status":"publish","type":"product","link":"https:\/\/parapharmacieenligne.ma\/en\/product\/loreal-professionnel-liss-unlimated-shampooing-professionnel-300-ml\/","title":{"rendered":"L&rsquo;OREAL PROFESSIONNEL LISS UNLIMATED SHAMPOOING PROFESSIONNEL 300 ML"},"content":{"rendered":"<p>Le Shampoing lisseur intense Liss Unlimited de L&rsquo;Or\u00e9al Professionnel facilite le lissage. Les cheveux rebelles et secs sont assouplis et disciplin\u00e9s. Le Shampoing associe la Pro-k\u00e9ratine, qui renforce votre chevelure sans l&rsquo;alourdir, aux huiles de Kukui et d&rsquo;Onagre, qui la prot\u00e8gent. Lisser vos longueurs est plus simple et plus rapide que jamais. La texture onctueuse du Shampoing et son odeur d\u00e9licate transforment le lavage de vos cheveux en un moment de d\u00e9tente. Pour plus d&rsquo;efficacit\u00e9, peignez vos longueurs avant de mouiller votre chevelure et utilisez de petites quantit\u00e9s de Shampoing. Cela suffira \u00e0 nourrir vos cheveux des racines aux pointes. Pensez aussi \u00e0 associer ce Shampoing au masque lisseur intense.<\/p>\n<p>Conseils d&rsquo;utilisation:<\/p>\n<p>Prenez une noisette du Shampoing lisseur intense Liss Unlimited L&rsquo;Or\u00e9al Professionnel et appliquez-la sur l&rsquo;ensemble de vos cheveux mouill\u00e9s. R\u00e9partissez la mousse uniform\u00e9ment en massant d\u00e9licatement votre cuir chevelu, puis rincez apr\u00e8s avoir laiss\u00e9 poser le Shampoing une \u00e0 deux minutes. Pour une action plus en profondeur, r\u00e9p\u00e9tez l&rsquo;application.<\/p>\n<p>Ingr\u00e9dients :<\/p>\n<p>AQUA \/ WATER \/ EAU . SODIUM LAURETH SULFATE . DISODIUM COCOAMPHODIACETATE . GLYCOL DISTEARATE . POLYQUATERNIUM-10 . PPG-5-CETETH-20 . SODIUM CHLORIDE . CITRIC ACID . SODIUM BENZOATE . SODIUM HYDROXIDE . COCO-BETAINE . CARBOMER . SALICYLIC ACID . HEXYL CINNAMAL . ARGININE . GLUTAMIC ACID . SERINE . HYDROXYPROPYLTRIMONIUM HYDROLYZED WHEAT PROTEIN . OENOTHERA BIENNIS OIL \/ EVENING PRIMROSE OIL . ALEURITES MOLUCCANUS SEED OIL . CITRONELLOL . BENZYL ALCOHOL . 2-OLEAMIDO-1,3-OCTADECANEDIOL . ALPHA-ISOMETHYL IONONE . LIMONENE . PHENOXYETHANOL . TOCOPHEROL . ASCORBYL PALMITATE . PARFUM \/ FRAGRANCE (F.I.L. C240246\/1).<\/p>","protected":false},"excerpt":{"rendered":"<p>Le Shampoing lisseur intense Liss Unlimited de L&rsquo;Or\u00e9al Professionnel facilite le lissage. Les cheveux rebelles et secs sont assouplis et disciplin\u00e9s. Le&hellip;<\/p>","protected":false},"featured_media":15899,"comment_status":"open","ping_status":"closed","template":"","meta":[],"product_cat":[84],"product_tag":[],"yith_product_brand":[200],"class_list":{"0":"post-15900","1":"product","2":"type-product","3":"status-publish","4":"has-post-thumbnail","6":"product_cat-soins-cheveux","7":"yith_product_brand-loreal-professionnel-paris","9":"first","10":"instock","11":"sale","12":"shipping-taxable","13":"purchasable","14":"product-type-simple"},"_links":{"self":[{"href":"https:\/\/parapharmacieenligne.ma\/en\/wp-json\/wp\/v2\/product\/15900","targetHints":{"allow":["GET"]}}],"collection":[{"href":"https:\/\/parapharmacieenligne.ma\/en\/wp-json\/wp\/v2\/product"}],"about":[{"href":"https:\/\/parapharmacieenligne.ma\/en\/wp-json\/wp\/v2\/types\/product"}],"replies":[{"embeddable":true,"href":"https:\/\/parapharmacieenligne.ma\/en\/wp-json\/wp\/v2\/comments?post=15900"}],"version-history":[{"count":1,"href":"https:\/\/parapharmacieenligne.ma\/en\/wp-json\/wp\/v2\/product\/15900\/revisions"}],"predecessor-version":[{"id":15901,"href":"https:\/\/parapharmacieenligne.ma\/en\/wp-json\/wp\/v2\/product\/15900\/revisions\/15901"}],"wp:featuredmedia":[{"embeddable":true,"href":"https:\/\/parapharmacieenligne.ma\/en\/wp-json\/wp\/v2\/media\/15899"}],"wp:attachment":[{"href":"https:\/\/parapharmacieenligne.ma\/en\/wp-json\/wp\/v2\/media?parent=15900"}],"wp:term":[{"taxonomy":"product_cat","embeddable":true,"href":"https:\/\/parapharmacieenligne.ma\/en\/wp-json\/wp\/v2\/product_cat?post=15900"},{"taxonomy":"product_tag","embeddable":true,"href":"https:\/\/parapharmacieenligne.ma\/en\/wp-json\/wp\/v2\/product_tag?post=15900"},{"taxonomy":"yith_product_brand","embeddable":true,"href":"https:\/\/parapharmacieenligne.ma\/en\/wp-json\/wp\/v2\/yith_product_brand?post=15900"}],"curies":[{"name":"wp","href":"https:\/\/api.w.org\/{rel}","templated":true}]}}