{"id":15912,"date":"2026-02-23T18:28:44","date_gmt":"2026-02-23T17:28:44","guid":{"rendered":"https:\/\/parapharmacieenligne.ma\/?post_type=product&#038;p=15912"},"modified":"2026-02-23T18:29:01","modified_gmt":"2026-02-23T17:29:01","slug":"loreal-professionnel-metal-detox-huile-concentre-professionnelle-50-ml","status":"publish","type":"product","link":"https:\/\/parapharmacieenligne.ma\/en\/product\/loreal-professionnel-metal-detox-huile-concentre-professionnelle-50-ml\/","title":{"rendered":"L&rsquo;OREAL PROFESSIONNEL METAL DETOX HUILE CONCENTRE PROFESSIONNELLE 50 ML"},"content":{"rendered":"<p>Enrichie en Glicoamine, cette huile concentr\u00e9e prot\u00e8ge le cheveu du d\u00e9p\u00f4t de particules. Cette nouvelle huile de protection des cheveux fait partie de la gamme S\u00e9rie Expert L\u2019Or\u00e9al Metal Detox qui agit contre la casse des cheveux et pr\u00e9serve leur couleur. Les cheveux cassants retrouvent leur souplesse.<\/p>\n<p>Huile Concentr\u00e9e professionnelle protectrice pour -97% de de casse en 1 seul geste*.<\/p>\n<p>Cheveux 10% plus \u00e9pais, 2x plus brillants et couleur plus intense.<\/p>\n<p>*Test instrumental<\/p>\n<p>Conseils d&rsquo;utilisation:<\/p>\n<p>Appliquer quotidiennement sur cheveux secs ou essor\u00e9s.<\/p>\n<p>Chauffer 1 ou 2 pompes entre les paumes et r\u00e9partir sur les longueurs et les pointes.<\/p>\n<p>Ne pas rincer.<\/p>\n<p>Proc\u00e9der au brushing ou s\u00e9cher \u00e0 l&rsquo;air libre.<\/p>","protected":false},"excerpt":{"rendered":"<p>Enrichie en Glicoamine, cette huile concentr\u00e9e prot\u00e8ge le cheveu du d\u00e9p\u00f4t de particules. Cette nouvelle huile de protection des cheveux fait partie&hellip;<\/p>","protected":false},"featured_media":15911,"comment_status":"open","ping_status":"closed","template":"","meta":[],"product_cat":[84],"product_tag":[],"yith_product_brand":[200],"class_list":{"0":"post-15912","1":"product","2":"type-product","3":"status-publish","4":"has-post-thumbnail","6":"product_cat-soins-cheveux","7":"yith_product_brand-loreal-professionnel-paris","9":"first","10":"instock","11":"sale","12":"shipping-taxable","13":"purchasable","14":"product-type-simple"},"_links":{"self":[{"href":"https:\/\/parapharmacieenligne.ma\/en\/wp-json\/wp\/v2\/product\/15912","targetHints":{"allow":["GET"]}}],"collection":[{"href":"https:\/\/parapharmacieenligne.ma\/en\/wp-json\/wp\/v2\/product"}],"about":[{"href":"https:\/\/parapharmacieenligne.ma\/en\/wp-json\/wp\/v2\/types\/product"}],"replies":[{"embeddable":true,"href":"https:\/\/parapharmacieenligne.ma\/en\/wp-json\/wp\/v2\/comments?post=15912"}],"version-history":[{"count":1,"href":"https:\/\/parapharmacieenligne.ma\/en\/wp-json\/wp\/v2\/product\/15912\/revisions"}],"predecessor-version":[{"id":15913,"href":"https:\/\/parapharmacieenligne.ma\/en\/wp-json\/wp\/v2\/product\/15912\/revisions\/15913"}],"wp:featuredmedia":[{"embeddable":true,"href":"https:\/\/parapharmacieenligne.ma\/en\/wp-json\/wp\/v2\/media\/15911"}],"wp:attachment":[{"href":"https:\/\/parapharmacieenligne.ma\/en\/wp-json\/wp\/v2\/media?parent=15912"}],"wp:term":[{"taxonomy":"product_cat","embeddable":true,"href":"https:\/\/parapharmacieenligne.ma\/en\/wp-json\/wp\/v2\/product_cat?post=15912"},{"taxonomy":"product_tag","embeddable":true,"href":"https:\/\/parapharmacieenligne.ma\/en\/wp-json\/wp\/v2\/product_tag?post=15912"},{"taxonomy":"yith_product_brand","embeddable":true,"href":"https:\/\/parapharmacieenligne.ma\/en\/wp-json\/wp\/v2\/yith_product_brand?post=15912"}],"curies":[{"name":"wp","href":"https:\/\/api.w.org\/{rel}","templated":true}]}}