{"id":15921,"date":"2026-02-23T18:53:14","date_gmt":"2026-02-23T17:53:14","guid":{"rendered":"https:\/\/parapharmacieenligne.ma\/?post_type=product&#038;p=15921"},"modified":"2026-02-23T18:53:27","modified_gmt":"2026-02-23T17:53:27","slug":"loreal-professionnel-absolut-repair-molecular-shampooing-professionnel-sans-sulfate-500-ml","status":"publish","type":"product","link":"https:\/\/parapharmacieenligne.ma\/en\/product\/loreal-professionnel-absolut-repair-molecular-shampooing-professionnel-sans-sulfate-500-ml\/","title":{"rendered":"L&rsquo;OREAL PROFESSIONNEL ABSOLUT REPAIR MOLECULAR SHAMPOOING PROFESSIONNEL SANS SULFATE 500 ML"},"content":{"rendered":"<p>Le Shampoing Absolut Repair Molecular est une formule brevet\u00e9e, formul\u00e9e \u00e0 base de liant peptidique + 5 acides amin\u00e9s.<\/p>\n<p>Plus qu&rsquo;une r\u00e9paration en surface, il reconstruit la structure mol\u00e9culaire du cheveu\u00b3, restaure sa force, son \u00e9lasticit\u00e9 &amp; son mouvement\u2074 + 86% de nutrition\u2075.<\/p>\n<p>[FORMULE PROFESSIONNELLE]<\/p>\n<p>Sans sulfate, sa texture onctueuse se transforme en une mousse g\u00e9n\u00e9reuse pour nettoyer, d\u00eameler et apporter un soin intense aux cheveux endommag\u00e9s.<\/p>\n<p>[RECOMMAND\u00c9 POUR TOUT TYPE DE CHEVEUX ABIM\u00c9S]<\/p>\n<p>Shampoing pour tout type de cheveux ab\u00eem\u00e9s ou endommag\u00e9s par une coloration ou une d\u00e9coloration.<\/p>\n<p>\u00b9Test instrumental sur la structure macro-mol\u00e9culaire de la fibre apr\u00e8s application du shampoing + S\u00e9rum \u00e0 rincer + Masque sans rin\u00e7age Absolut Repair Molecular.<\/p>\n<p>2Acides Amin\u00e9s &amp; liant peptidique.<\/p>\n<p>\u00b3Test instrumental apr\u00e8s 15 applications du Shampoing + S\u00e9rum \u00e0 rincer + Masque sans rin\u00e7age Absolut Repair Molecular.<\/p>\n<p>\u2074Test consommateur apr\u00e8s application du Shampoing + S\u00e9rum \u00e0 rincer + Masque sans rin\u00e7age Absolut Repair Molecular.<\/p>\n<p>\u2075Test instrumental.<\/p>\n<p>Conseils d&rsquo;utilisation:<\/p>\n<p>Le Shampoing r\u00e9parateur Absolut Repair Molecular s&rsquo;applique sur cheveux mouill\u00e9s.<\/p>\n<p>Faites mousser jusqu&rsquo;\u00e0 l&rsquo;obtention d&rsquo;une texture onctueuse.<\/p>\n<p>Rincez abondamment.<\/p>\n<p>Pour un r\u00e9sulat optimal, utilisez la routine pour cheveux ab\u00eem\u00e9s Absolut Repair Molecular.<\/p>\n<p>Apr\u00e8s le Shampoing, poursuivez avec le S\u00e9rum \u00e0 rincer et le Masque sans rin\u00e7age Absolut Repair Molecular.<\/p>\n<p> En cas de contact avec les yeux, les rincer imm\u00e9diatement et abondamment.<\/p>\n<p>Compositions:<\/p>\n<p>1239932 B &#8211; AQUA \/ WATER \/ EAU, SODIUM COCOYL ISETHIONATE, DISODIUM LAURETH SULFOSUCCINATE, GLYCOL DISTEARATE, SODIUM LAURYL SULFOACETATE, SODIUM LAUROYL SARCOSINATE, GLYCERIN, PARFUM \/ FRAGRANCE, DECYL GLUCOSIDE, COCAMIDOPROPYL BETAINE, PPG-5-CETETH-20, COCO-BETAINE, DIVINYLDIMETHICONE\/DIMETHICONE COPOLYMER, AMODIMETHICONE, CITRIC ACID, SODIUM HYDROXIDE, POLYQUATERNIUM-7, POLYQUATERNIUM-10, CARBOMER, SODIUM BENZOATE, SODIUM CHLORIDE, PEG-55 PROPYLENE GLYCOL OLEATE, PROPYLENE GLYCOL, ARGININE, SALICYLIC ACID, BENZOIC ACID, POLYSORBATE 21, TRIDECETH-6, LINALOOL, C12-13 ALKETH-23, C12-13 ALKETH-3, GLYCINE, SERINE, TYROSINE, CETRIMONIUM CHLORIDE, GLUTAMIC ACID, PHENOXYETHANOL (F.I.L. N70026821\/1).<\/p>\n","protected":false},"excerpt":{"rendered":"<p>Le Shampoing Absolut Repair Molecular est une formule brevet\u00e9e, formul\u00e9e \u00e0 base de liant peptidique + 5 acides amin\u00e9s. Plus qu&rsquo;une r\u00e9paration&hellip;<\/p>","protected":false},"featured_media":15920,"comment_status":"open","ping_status":"closed","template":"","meta":[],"product_cat":[84],"product_tag":[],"yith_product_brand":[200],"class_list":{"0":"post-15921","1":"product","2":"type-product","3":"status-publish","4":"has-post-thumbnail","6":"product_cat-soins-cheveux","7":"yith_product_brand-loreal-professionnel-paris","9":"first","10":"instock","11":"sale","12":"shipping-taxable","13":"purchasable","14":"product-type-simple"},"_links":{"self":[{"href":"https:\/\/parapharmacieenligne.ma\/en\/wp-json\/wp\/v2\/product\/15921","targetHints":{"allow":["GET"]}}],"collection":[{"href":"https:\/\/parapharmacieenligne.ma\/en\/wp-json\/wp\/v2\/product"}],"about":[{"href":"https:\/\/parapharmacieenligne.ma\/en\/wp-json\/wp\/v2\/types\/product"}],"replies":[{"embeddable":true,"href":"https:\/\/parapharmacieenligne.ma\/en\/wp-json\/wp\/v2\/comments?post=15921"}],"version-history":[{"count":1,"href":"https:\/\/parapharmacieenligne.ma\/en\/wp-json\/wp\/v2\/product\/15921\/revisions"}],"predecessor-version":[{"id":15922,"href":"https:\/\/parapharmacieenligne.ma\/en\/wp-json\/wp\/v2\/product\/15921\/revisions\/15922"}],"wp:featuredmedia":[{"embeddable":true,"href":"https:\/\/parapharmacieenligne.ma\/en\/wp-json\/wp\/v2\/media\/15920"}],"wp:attachment":[{"href":"https:\/\/parapharmacieenligne.ma\/en\/wp-json\/wp\/v2\/media?parent=15921"}],"wp:term":[{"taxonomy":"product_cat","embeddable":true,"href":"https:\/\/parapharmacieenligne.ma\/en\/wp-json\/wp\/v2\/product_cat?post=15921"},{"taxonomy":"product_tag","embeddable":true,"href":"https:\/\/parapharmacieenligne.ma\/en\/wp-json\/wp\/v2\/product_tag?post=15921"},{"taxonomy":"yith_product_brand","embeddable":true,"href":"https:\/\/parapharmacieenligne.ma\/en\/wp-json\/wp\/v2\/yith_product_brand?post=15921"}],"curies":[{"name":"wp","href":"https:\/\/api.w.org\/{rel}","templated":true}]}}