{"id":15933,"date":"2026-02-23T19:09:00","date_gmt":"2026-02-23T18:09:00","guid":{"rendered":"https:\/\/parapharmacieenligne.ma\/?post_type=product&#038;p=15933"},"modified":"2026-02-23T19:09:18","modified_gmt":"2026-02-23T18:09:18","slug":"loreal-professionnel-absolut-repair-molecular-serum-a-rincer-professionnel-250-ml","status":"publish","type":"product","link":"https:\/\/parapharmacieenligne.ma\/en\/product\/loreal-professionnel-absolut-repair-molecular-serum-a-rincer-professionnel-250-ml\/","title":{"rendered":"L&rsquo;OREAL PROFESSIONNEL ABSOLUT REPAIR MOLECULAR SERUM A RINCER PROFESSIONNEL 250 ML"},"content":{"rendered":"<p>Lorsque le cheveu est ab\u00eem\u00e9, sa structure mol\u00e9culaire compos\u00e9e de peptides se d\u00e9grade. La plupart des peptides, compos\u00e9es d&rsquo;acides amin\u00e9s et de liant peptidique, sont trop grosses pour \u00eatre r\u00e9inject\u00e9es, rendant ces dommages irr\u00e9versibles. D\u00e9couverte scientifique, Absolut Repair Molecular. R\u00e9pare 2 ans de dommages en une application\u00b9. Pour la premi\u00e8re fois, la Recherche Avanc\u00e9e L&rsquo;Or\u00e9al a r\u00e9ussi \u00e0 d\u00e9composer les peptides, pour r\u00e9injecter leurs composants s\u00e9par\u00e9ment \u00e0 l&rsquo;int\u00e9rieur de la fibre\u00b2. Une fois \u00e0 l&rsquo;int\u00e9rieur, ils reforment et reconstruisent la structure mol\u00e9culaire du cheveu\u00b3.<\/p>\n<p>[TECHNOLOGIE BREVET\u00c9E]<\/p>\n<p>Le S\u00e9rum \u00e0 rincer, est hautement concentr\u00e9 avec 2% de liant peptidique + 5 acides amin\u00e9s.<\/p>\n<p>Plus qu&rsquo;une r\u00e9paration en surface, il reconstruit la structure mol\u00e9culaire du cheveu\u00b3, restaure sa force, son \u00e9lasticit\u00e9 &amp; son mouvement\u2074.<\/p>\n<p>[P\u00c9N\u00c9TRATION PROFONDE]<\/p>\n<p>Inspir\u00e9 par les S\u00e9rums des soins de la peau ultra-concentr\u00e9s, le S\u00e9rum va au-del\u00e0 d&rsquo;un masque classique et p\u00e9n\u00e8tre profond\u00e9ment \u00e0 l&rsquo;int\u00e9rieur de la fibre pour reconstruire sa structure mol\u00e9culaire\u00b3.<\/p>\n<p>[TRANSFORMATION INSTANTAN\u00c9E]<\/p>\n<p>Instantan\u00e9ment, les cheveux sont visiblement transform\u00e9s : brillance &amp; douceur sont consid\u00e9rablement am\u00e9lior\u00e9es\u2075.<\/p>\n<p>\u00b9Test instrumental sur la structure macro-mol\u00e9culaire de la fibre apr\u00e8s application du S\u00e9rum \u00e0 rincer Absolut Repair Molecular.<\/p>\n<p>\u00b2Acides Amin\u00e9s &amp; liant peptidique.<\/p>\n<p>\u00b3Test instrumental apr\u00e8s 15 applications du S\u00e9rum \u00e0 rincer Absolut Repair Molecular.<\/p>\n<p>\u2074Test consommateur apr\u00e8s application du Shampoing + S\u00e9rum \u00e0 rincer + Masque sans rin\u00e7age Absolut Repair Molecular.<\/p>\n<p>\u2075Test instrumental apr\u00e8s application du Shampoing + S\u00e9rum \u00e0 rincer Absolut Repair Molecular.<\/p>\n<p>Conseils d\u2019utilisation :<\/p>\n<p>Le S\u00e9rum r\u00e9parateur \u00e0 rincer Absolut Repair Molecular s&rsquo;utilise \u00e0 la place d&rsquo;un masque classique.<\/p>\n<p>Plus concentr\u00e9 et hautement p\u00e9n\u00e9trant, il transforme instantan\u00e9ment la fibre capillaire \u00e0 la source.<\/p>\n<p>Utilisez sur cheveux mouill\u00e9s.<\/p>\n<p>Divisez les cheveux en 2 sections.<\/p>\n<p>Appliquez 2-3 pompes du S\u00e9rum sur les mains. Appliquez uniform\u00e9ment sur la 1\u00e8re section des longueurs aux pointes. R\u00e9p\u00e9tez sur la 2nde section.<\/p>\n<p>Pour les cheveux tr\u00e8s secs, appliquez d\u00e8s la racine.<\/p>\n<p>Faites p\u00e9n\u00e9trer le S\u00e9rum sur les cheveux en le travaillant \u00e0 l&rsquo;aide de la paume des mains pendant 1 \u00e0 2 minutes puis rincez abondamment.<\/p>\n<p>Pour un r\u00e9sultat optimal, utilisez la routine pour cheveux ab\u00eem\u00e9s Absolut Repair Molecular. Pr\u00e9c\u00e9dez le S\u00e9rum par le Shampoing, d\u00e9m\u00ealez les cheveux pour une meilleure absorption du S\u00e9rum, puis finalisez avec le Masque sans rin\u00e7age Absolut Repair Molecular.<\/p>\n<p>En cas de contact avec les yeux, les rincer imm\u00e9diatement et abondamment.<\/p>\n<p>Composition :  <\/p>\n<p>1239930 K -: AQUA \/ WATER \/ EAU, GLYCERIN, PROPYLENE GLYCOL, GLYCINE, CITRIC ACID, PARFUM \/ FRAGRANCE, PEG-40 HYDROGENATED CASTOR OIL, HYDROXYPROPYLTRIMONIUM HYDROLYZED WHEAT PROTEIN, CETRIMONIUM CHLORIDE, POLYSORBATE 20, POLYSORBATE 80, PHENOXYETHANOL, SODIUM HYDROXIDE, GLUTAMIC ACID, QUATERNIUM-80, ARGININE, HYDROXYPROPYL GUAR, HYDROXYPROPYL GUAR HYDROXYPRO<\/p>\n","protected":false},"excerpt":{"rendered":"<p>Lorsque le cheveu est ab\u00eem\u00e9, sa structure mol\u00e9culaire compos\u00e9e de peptides se d\u00e9grade. La plupart des peptides, compos\u00e9es d&rsquo;acides amin\u00e9s et de&hellip;<\/p>","protected":false},"featured_media":15932,"comment_status":"open","ping_status":"closed","template":"","meta":[],"product_cat":[84],"product_tag":[],"yith_product_brand":[200],"class_list":{"0":"post-15933","1":"product","2":"type-product","3":"status-publish","4":"has-post-thumbnail","6":"product_cat-soins-cheveux","7":"yith_product_brand-loreal-professionnel-paris","9":"first","10":"instock","11":"sale","12":"shipping-taxable","13":"purchasable","14":"product-type-simple"},"_links":{"self":[{"href":"https:\/\/parapharmacieenligne.ma\/en\/wp-json\/wp\/v2\/product\/15933","targetHints":{"allow":["GET"]}}],"collection":[{"href":"https:\/\/parapharmacieenligne.ma\/en\/wp-json\/wp\/v2\/product"}],"about":[{"href":"https:\/\/parapharmacieenligne.ma\/en\/wp-json\/wp\/v2\/types\/product"}],"replies":[{"embeddable":true,"href":"https:\/\/parapharmacieenligne.ma\/en\/wp-json\/wp\/v2\/comments?post=15933"}],"version-history":[{"count":1,"href":"https:\/\/parapharmacieenligne.ma\/en\/wp-json\/wp\/v2\/product\/15933\/revisions"}],"predecessor-version":[{"id":15934,"href":"https:\/\/parapharmacieenligne.ma\/en\/wp-json\/wp\/v2\/product\/15933\/revisions\/15934"}],"wp:featuredmedia":[{"embeddable":true,"href":"https:\/\/parapharmacieenligne.ma\/en\/wp-json\/wp\/v2\/media\/15932"}],"wp:attachment":[{"href":"https:\/\/parapharmacieenligne.ma\/en\/wp-json\/wp\/v2\/media?parent=15933"}],"wp:term":[{"taxonomy":"product_cat","embeddable":true,"href":"https:\/\/parapharmacieenligne.ma\/en\/wp-json\/wp\/v2\/product_cat?post=15933"},{"taxonomy":"product_tag","embeddable":true,"href":"https:\/\/parapharmacieenligne.ma\/en\/wp-json\/wp\/v2\/product_tag?post=15933"},{"taxonomy":"yith_product_brand","embeddable":true,"href":"https:\/\/parapharmacieenligne.ma\/en\/wp-json\/wp\/v2\/yith_product_brand?post=15933"}],"curies":[{"name":"wp","href":"https:\/\/api.w.org\/{rel}","templated":true}]}}