{"id":15936,"date":"2026-02-23T19:09:31","date_gmt":"2026-02-23T18:09:31","guid":{"rendered":"https:\/\/parapharmacieenligne.ma\/?post_type=product&#038;p=15936"},"modified":"2026-02-23T19:09:44","modified_gmt":"2026-02-23T18:09:44","slug":"loreal-professionnel-absolut-repair-molecular-masque-professionnel-sans-rincage-100-ml","status":"publish","type":"product","link":"https:\/\/parapharmacieenligne.ma\/en\/product\/loreal-professionnel-absolut-repair-molecular-masque-professionnel-sans-rincage-100-ml\/","title":{"rendered":"L&rsquo;OREAL PROFESSIONNEL ABSOLUT REPAIR MOLECULAR MASQUE PROFESSIONNEL SANS RINCAGE 100 ML"},"content":{"rendered":"<p>[D\u00c9COUVERTE SCIENTIFIQUE &#8211; R\u00c9PARATION MOL\u00c9CULAIRE]<\/p>\n<p>Lorsque le cheveu est ab\u00eem\u00e9, sa structure mol\u00e9culaire compos\u00e9e de peptides se d\u00e9grade. La plupart des peptides, compos\u00e9es d&rsquo;acides amin\u00e9s et de liant peptidique, sont trop grosses pour \u00eatre r\u00e9inject\u00e9es, rendant les dommages de cette ampleur presque irr\u00e9versibles. D\u00e9couverte scientifique, Absolut Repair Molecular. R\u00e9pare 2 ans de dommages en une application\u00b9. Pour la premi\u00e8re fois, la Recherche Avanc\u00e9e L&rsquo;Or\u00e9al a r\u00e9ussi \u00e0 d\u00e9composer les peptides, pour r\u00e9injecter leurs composants s\u00e9par\u00e9ment \u00e0 l&rsquo;int\u00e9rieur de la fibre\u00b2. Une fois \u00e0 l&rsquo;int\u00e9rieur, ils reforment et reconstruisent la structure mol\u00e9culaire du cheveu\u00b3.<\/p>\n<p>[TECHNOLOGIE BREVET\u00c9E]<\/p>\n<p>Le Masque sans rin\u00e7age Absolut Repair Molecular est une formule brevet\u00e9e, formul\u00e9 \u00e0 base de liant peptidique + 5 acides amin\u00e9s.<\/p>\n<p>Il r\u00e9pare la structure macro-mol\u00e9culaire du cheveu\u00b9 qui devient plus fort, avec une \u00e9lasticit\u00e9 et un mouvement am\u00e9lior\u00e9\u2074.<\/p>\n<p>[TRANSFORMATION INSTANTAN\u00c9E]<\/p>\n<p>Un soin profond pour des cheveux instantan\u00e9ment doux, brillants, sains et prot\u00e9g\u00e9s des agressions ext\u00e9rieures.<\/p>\n<p>[PROTECTION CONTRE LA CHALEUR]<\/p>\n<p>Un Masque thermo-protecteur qui prot\u00e8ge les cheveux contre la chaleur jusqu&rsquo;\u00e0 230\u00b0C\u2075.<\/p>\n<p>\u00b9Test instrumental sur la structure macro-mol\u00e9culaire de la fibre apr\u00e8s application du Shampoing + S\u00e9rum \u00e0 rincer + Masque sans rin\u00e7age Absolut Repair Molecular.<\/p>\n<p>\u00b2Acides Amin\u00e9s &amp; liant peptidique.<\/p>\n<p>\u00b3Test instrumental apr\u00e8s 15 applications du Shampoing + S\u00e9rum \u00e0 rincer + Masque sans rin\u00e7age Absolut Repair Molecular.<\/p>\n<p>\u2074Test consommateur apr\u00e8s application du Shampoing + S\u00e9rum \u00e0 rincer + Masque sans rin\u00e7age Absolut Repair Molecular.<\/p>\n<p>\u2075Test instrumental.<\/p>\n<p>Conseils d\u2019utilisation :<\/p>\n<p>Le Masque r\u00e9parateur sans rin\u00e7age Absolut Repair Molecular s&rsquo;applique sur cheveux essor\u00e9s. Sa texture l\u00e9g\u00e8re p\u00e9n\u00e8tre instantan\u00e9ment et restaure la force pour un touch\u00e9 naturel.<\/p>\n<p>Divisez les cheveux en 2 sections et appliquez une pompe par section. Appliquez plus si n\u00e9cessaire.<\/p>\n<p>D\u00e9m\u00ealez pour une r\u00e9partition optimale. Ne pas rincer.<\/p>\n<p>S\u00e9chez avec un s\u00e8che-cheveux ou \u00e0 l&rsquo;air libre.<\/p>\n<p>Pour un r\u00e9sultat optimal, utilisez la routine pour cheveux ab\u00eem\u00e9s Absolut Repair Molecular.<\/p>\n<p>Appliquez ce Masque apr\u00e8s le Shampoing et le S\u00e9rum \u00e0 rincer Absolut Repair Molecular.<\/p>\n<p>En cas de contact avec les yeux, les rincer imm\u00e9diatement et abondamment.<\/p>\n<p>Composition :  <\/p>\n<p>239935 &#8211; : AQUA \/ WATER \/ EAU, ISOPROPYL MYRISTATE, DIMETHICONE, AMODIMETHICONE, TRIETHANOLAMINE, PHENOXYETHANOL, CARBOMER, POLYQUATERNIUM-4, POTATO STARCH MODIFIED, HYDROXYPROPYL GUAR, BEHENTRIMONIUM CHLORIDE, ARGININE, TRIDECETH-6, ISOPROPYL ALCOHOL, CETRIMONIUM CHLORIDE, LINALOOL, GLYCINE, SERINE, TYROSINE, CITRIC ACID, GLUTAMIC ACID, COUMARIN, BENZYL ALCOHOL, BENZYL BENZOATE, ALPHA-ISOMETHYL IONONE, PARFUM \/ FRAGRANCE (F.I.L. N70026829\/1).<\/p>\n","protected":false},"excerpt":{"rendered":"<p>[D\u00c9COUVERTE SCIENTIFIQUE &#8211; R\u00c9PARATION MOL\u00c9CULAIRE] Lorsque le cheveu est ab\u00eem\u00e9, sa structure mol\u00e9culaire compos\u00e9e de peptides se d\u00e9grade. La plupart des peptides,&hellip;<\/p>\n","protected":false},"featured_media":15935,"comment_status":"open","ping_status":"closed","template":"","meta":[],"product_cat":[84],"product_tag":[],"yith_product_brand":[200],"class_list":{"0":"post-15936","1":"product","2":"type-product","3":"status-publish","4":"has-post-thumbnail","6":"product_cat-soins-cheveux","7":"yith_product_brand-loreal-professionnel-paris","9":"first","10":"instock","11":"sale","12":"shipping-taxable","13":"purchasable","14":"product-type-simple"},"_links":{"self":[{"href":"https:\/\/parapharmacieenligne.ma\/en\/wp-json\/wp\/v2\/product\/15936","targetHints":{"allow":["GET"]}}],"collection":[{"href":"https:\/\/parapharmacieenligne.ma\/en\/wp-json\/wp\/v2\/product"}],"about":[{"href":"https:\/\/parapharmacieenligne.ma\/en\/wp-json\/wp\/v2\/types\/product"}],"replies":[{"embeddable":true,"href":"https:\/\/parapharmacieenligne.ma\/en\/wp-json\/wp\/v2\/comments?post=15936"}],"version-history":[{"count":1,"href":"https:\/\/parapharmacieenligne.ma\/en\/wp-json\/wp\/v2\/product\/15936\/revisions"}],"predecessor-version":[{"id":15937,"href":"https:\/\/parapharmacieenligne.ma\/en\/wp-json\/wp\/v2\/product\/15936\/revisions\/15937"}],"wp:featuredmedia":[{"embeddable":true,"href":"https:\/\/parapharmacieenligne.ma\/en\/wp-json\/wp\/v2\/media\/15935"}],"wp:attachment":[{"href":"https:\/\/parapharmacieenligne.ma\/en\/wp-json\/wp\/v2\/media?parent=15936"}],"wp:term":[{"taxonomy":"product_cat","embeddable":true,"href":"https:\/\/parapharmacieenligne.ma\/en\/wp-json\/wp\/v2\/product_cat?post=15936"},{"taxonomy":"product_tag","embeddable":true,"href":"https:\/\/parapharmacieenligne.ma\/en\/wp-json\/wp\/v2\/product_tag?post=15936"},{"taxonomy":"yith_product_brand","embeddable":true,"href":"https:\/\/parapharmacieenligne.ma\/en\/wp-json\/wp\/v2\/yith_product_brand?post=15936"}],"curies":[{"name":"wp","href":"https:\/\/api.w.org\/{rel}","templated":true}]}}