{"id":15945,"date":"2026-02-23T19:10:41","date_gmt":"2026-02-23T18:10:41","guid":{"rendered":"https:\/\/parapharmacieenligne.ma\/?post_type=product&#038;p=15945"},"modified":"2026-02-23T19:10:51","modified_gmt":"2026-02-23T18:10:51","slug":"loreal-professionnel-absolut-repair-shampooing-500-ml","status":"publish","type":"product","link":"https:\/\/parapharmacieenligne.ma\/en\/product\/loreal-professionnel-absolut-repair-shampooing-500-ml\/","title":{"rendered":"L&rsquo;OREAL PROFESSIONNEL ABSOLUT REPAIR SHAMPOOING 500 ML"},"content":{"rendered":"<p>Offrez un soin de qualit\u00e9 professionnelle \u00e0 vos cheveux avec le Shampoing Absolut Repair de L&rsquo;Or\u00e9al Professionel. Cass\u00e9s, ab\u00eem\u00e9s, dess\u00e9ch\u00e9s, ils r\u00e9clament une hydratation intense et une nutrition adapt\u00e9e. Ce Shampoing restructurant va leur fournir tout ce dont ils ont besoin pour retrouver leur vitalit\u00e9 naturelle. Enrichi en prot\u00e9ine de quinoa dor\u00e9e, il agit au coeur de la fibre capillaire pour lui redonner force, brillance et souplesse.<\/p>\n<p>Le Shampoing Absolut Repair agit d\u00e8s les premi\u00e8res utilisations. Votre chevelure est plus lumineuse et l\u00e9g\u00e8re. Gr\u00e2ce \u00e0 sa texture liquide et soyeuse, ce Shampoing hydratant se r\u00e9partit efficacement sur les racines, les longueurs et les pointes. Ainsi, l&rsquo;int\u00e9gralit\u00e9 de la fibre capillaire profite de ses bienfaits. Les zones sensibilis\u00e9es sont r\u00e9par\u00e9es et renforc\u00e9es. Les r\u00e9sultats perdurent au fil des lavages, car le produit \u00e9limine les impuret\u00e9s en douceur et prot\u00e8ge durablement les cheveux des \u00e9preuves qu&rsquo;ils subissent au quotidien.<\/p>\n<p>Pour une routine capillaire compl\u00e8te, vous pouvez combiner ce Shampoing avec le masque Absolut Repair.<\/p>\n<p>Conseils d&rsquo;utilisation:<\/p>\n<p>R\u00e9partissez une noix de Shampoing sur vos cheveux mouill\u00e9s. Faites mousser du bout des doigts, de la racine aux pointes, puis rincez abondamment. En cas de contact avec les yeux, rincez imm\u00e9diatement et abondamment.<\/p>\n<p>Ingr\u00e9dients :<\/p>\n<p>AQUA \/ WATER \/ EAU . SODIUM LAURETH SULFATE . COCAMIDOPROPYL BETAINE . DIMETHICONE . SODIUM CHLORIDE . CITRIC ACID . HEXYLENE GLYCOL . SODIUM BENZOATE . SODIUM HYDROXIDE . AMODIMETHICONE . CARBOMER . GUAR HYDROXYPROPYLTRIMONIUM CHLORIDE . TRIDECETH-10 . GLYCERIN . SALICYLIC ACID . GLYCOL DISTEARATE . LINALOOL . MICA . PEG-100 STEARATE . HEXYL CINNAMAL . PHENOXYETHANOL . STEARETH-6 . COCO-BETAINE . TRIDECETH-3 . CI 77891 \/ TITANIUM DIOXIDE . LIMONENE . CHENOPODIUM QUINOA SEED EXTRACT . ACETIC ACID . FUMARIC ACID . HYDROLYZED WHEAT PROTEIN . CI 19140 \/ YELLOW 5 . HYDROLYZED CORN PROTEIN . HYDROLYZED SOY PROTEIN . CI 17200 \/ RED 33 . PARFUM \/ FRAGRANCE (F.I.L. C228931\/1).<\/p>","protected":false},"excerpt":{"rendered":"<p>Offrez un soin de qualit\u00e9 professionnelle \u00e0 vos cheveux avec le Shampoing Absolut Repair de L&rsquo;Or\u00e9al Professionel. Cass\u00e9s, ab\u00eem\u00e9s, dess\u00e9ch\u00e9s, ils r\u00e9clament&hellip;<\/p>","protected":false},"featured_media":15944,"comment_status":"open","ping_status":"closed","template":"","meta":[],"product_cat":[84],"product_tag":[],"yith_product_brand":[200],"class_list":{"0":"post-15945","1":"product","2":"type-product","3":"status-publish","4":"has-post-thumbnail","6":"product_cat-soins-cheveux","7":"yith_product_brand-loreal-professionnel-paris","9":"first","10":"instock","11":"sale","12":"shipping-taxable","13":"purchasable","14":"product-type-simple"},"_links":{"self":[{"href":"https:\/\/parapharmacieenligne.ma\/en\/wp-json\/wp\/v2\/product\/15945","targetHints":{"allow":["GET"]}}],"collection":[{"href":"https:\/\/parapharmacieenligne.ma\/en\/wp-json\/wp\/v2\/product"}],"about":[{"href":"https:\/\/parapharmacieenligne.ma\/en\/wp-json\/wp\/v2\/types\/product"}],"replies":[{"embeddable":true,"href":"https:\/\/parapharmacieenligne.ma\/en\/wp-json\/wp\/v2\/comments?post=15945"}],"version-history":[{"count":1,"href":"https:\/\/parapharmacieenligne.ma\/en\/wp-json\/wp\/v2\/product\/15945\/revisions"}],"predecessor-version":[{"id":15946,"href":"https:\/\/parapharmacieenligne.ma\/en\/wp-json\/wp\/v2\/product\/15945\/revisions\/15946"}],"wp:featuredmedia":[{"embeddable":true,"href":"https:\/\/parapharmacieenligne.ma\/en\/wp-json\/wp\/v2\/media\/15944"}],"wp:attachment":[{"href":"https:\/\/parapharmacieenligne.ma\/en\/wp-json\/wp\/v2\/media?parent=15945"}],"wp:term":[{"taxonomy":"product_cat","embeddable":true,"href":"https:\/\/parapharmacieenligne.ma\/en\/wp-json\/wp\/v2\/product_cat?post=15945"},{"taxonomy":"product_tag","embeddable":true,"href":"https:\/\/parapharmacieenligne.ma\/en\/wp-json\/wp\/v2\/product_tag?post=15945"},{"taxonomy":"yith_product_brand","embeddable":true,"href":"https:\/\/parapharmacieenligne.ma\/en\/wp-json\/wp\/v2\/yith_product_brand?post=15945"}],"curies":[{"name":"wp","href":"https:\/\/api.w.org\/{rel}","templated":true}]}}