{"id":15948,"date":"2026-02-23T19:11:01","date_gmt":"2026-02-23T18:11:01","guid":{"rendered":"https:\/\/parapharmacieenligne.ma\/?post_type=product&#038;p=15948"},"modified":"2026-02-23T19:11:14","modified_gmt":"2026-02-23T18:11:14","slug":"loreal-professionnel-paris-absout-repair-molecular-mask-peptides-bonder-5-amino-acide-250-ml","status":"publish","type":"product","link":"https:\/\/parapharmacieenligne.ma\/en\/product\/loreal-professionnel-paris-absout-repair-molecular-mask-peptides-bonder-5-amino-acide-250-ml\/","title":{"rendered":"L&rsquo;OREAL PROFESSIONNEL PARIS ABSOUT REPAIR MOLECULAR MASK PEPTIDES BONDER + 5 AMINO ACIDE 250 ML"},"content":{"rendered":"<p>Sa formule avanc\u00e9e p\u00e9n\u00e8tre instantan\u00e9ment dans la fibre sans alourdir, offrant jusqu\u2019\u00e0 85 % de douceur suppl\u00e9mentaire d\u00e8s la premi\u00e8re utilisation. Les cheveux sont d\u00e9m\u00eal\u00e9s en toute facilit\u00e9, plus souples et visiblement plus sains. Gr\u00e2ce \u00e0 cette technologie innovante, les peptides liants r\u00e9parent les structures mol\u00e9culaires, tandis que les acides amin\u00e9s restaurent la vitalit\u00e9 et la texture des cheveux. Le r\u00e9sultat ? Une chevelure soyeuse, pleine de vie, et renforc\u00e9e de l\u2019int\u00e9rieur.<\/p>\n<p>Parfait pour les cheveux fragilis\u00e9s et ab\u00eem\u00e9s, ce masque convient \u00e0 toutes les textures capillaires et int\u00e8gre une routine de soin professionnelle directement \u00e0 domicile. Laissez vous s\u00e9duire par une exp\u00e9rience de soin capillaire haute performance pour des r\u00e9sultats dignes d\u2019un salon.<\/p>\n<p>Bienfaits<br \/>\nR\u00e9pare les cheveux en profondeur gr\u00e2ce aux peptides liants et aux 5 acides amin\u00e9s.<br \/>\nApporte jusqu\u2019\u00e0 85 % de douceur en plus (test instrumental).<br \/>\nFacilite le d\u00e9m\u00ealage et am\u00e9liore la souplesse des cheveux.<br \/>\nFormule l\u00e9g\u00e8re qui n\u2019alourdit pas la chevelure.<br \/>\nConvient \u00e0 tous les types de cheveux ab\u00eem\u00e9s.<br \/>\nComposition<br \/>\n1258145 E &#8211; INGR\u00c9DIENTS : AQUA \/ EAU \u2022 GLYC\u00c9RINE \u2022 ALCOOL C\u00c9T\u00c9ARYLIQUE \u2022 PHOSPHATE DE DIAMIDON \u2022 QUATERNIUM-87 \u2022 DIM\u00c9THICONE \u2022 CHLORURE DE B\u00c9HENTRIMONIUM \u2022 PROPYL\u00c8NE GLYCOL \u2022 PH\u00c9NOXY\u00c9THANOL \u2022 COPOLYM\u00c8RE PEG-150\/ALCOOL D\u00c9CYLIQUE\/SMDI \u2022 AMODIM\u00c9THICONE \u2022 ALCOOL ISOPROPYLIQUE \u2022 TRIDECETH-10 \u2022 DIGLUCONATE DE CHLORHEXIDINE \u2022 ST\u00c9ARATE DE PEG-100 \u2022 ST\u00c9ARETH-6 \u2022 LINALOOL \u2022 TRIDECETH-3 \u2022 GLYCINE \u2022 ARGININE \u2022 S\u00c9RINE \u2022 TYROSINE \u2022 ACIDE CITRIQUE \u2022 ACIDE GLUTAMIQUE \u2022 ACIDE AC\u00c9TIQUE \u2022 PARFUM \/ FRAGRANCE (FIL N70037683\/1).<br \/>\nConseils d\u2019utilisation<br \/>\nApr\u00e8s le shampooing, appliquez une petite quantit\u00e9 de masque sur les longueurs et les pointes des cheveux essor\u00e9s.<br \/>\nR\u00e9partissez uniform\u00e9ment \u00e0 l\u2019aide de vos doigts.<br \/>\nD\u00e9m\u00ealez d\u00e9licatement les cheveux pour une r\u00e9partition optimale.<br \/>\nTorsadez les m\u00e8ches et laissez poser entre 1 et 2 minutes.<br \/>\nRincez abondamment \u00e0 l\u2019eau ti\u00e8de.<br \/>\nPour un soin complet, utilisez ce masque en compl\u00e9ment des autres produits de la gamme Absolut Repair Molecular.<\/p>","protected":false},"excerpt":{"rendered":"<p>Sa formule avanc\u00e9e p\u00e9n\u00e8tre instantan\u00e9ment dans la fibre sans alourdir, offrant jusqu\u2019\u00e0 85 % de douceur suppl\u00e9mentaire d\u00e8s la premi\u00e8re utilisation. Les&hellip;<\/p>","protected":false},"featured_media":15947,"comment_status":"open","ping_status":"closed","template":"","meta":[],"product_cat":[84],"product_tag":[],"yith_product_brand":[200],"class_list":{"0":"post-15948","1":"product","2":"type-product","3":"status-publish","4":"has-post-thumbnail","6":"product_cat-soins-cheveux","7":"yith_product_brand-loreal-professionnel-paris","9":"first","10":"instock","11":"sale","12":"shipping-taxable","13":"purchasable","14":"product-type-simple"},"_links":{"self":[{"href":"https:\/\/parapharmacieenligne.ma\/en\/wp-json\/wp\/v2\/product\/15948","targetHints":{"allow":["GET"]}}],"collection":[{"href":"https:\/\/parapharmacieenligne.ma\/en\/wp-json\/wp\/v2\/product"}],"about":[{"href":"https:\/\/parapharmacieenligne.ma\/en\/wp-json\/wp\/v2\/types\/product"}],"replies":[{"embeddable":true,"href":"https:\/\/parapharmacieenligne.ma\/en\/wp-json\/wp\/v2\/comments?post=15948"}],"version-history":[{"count":1,"href":"https:\/\/parapharmacieenligne.ma\/en\/wp-json\/wp\/v2\/product\/15948\/revisions"}],"predecessor-version":[{"id":15949,"href":"https:\/\/parapharmacieenligne.ma\/en\/wp-json\/wp\/v2\/product\/15948\/revisions\/15949"}],"wp:featuredmedia":[{"embeddable":true,"href":"https:\/\/parapharmacieenligne.ma\/en\/wp-json\/wp\/v2\/media\/15947"}],"wp:attachment":[{"href":"https:\/\/parapharmacieenligne.ma\/en\/wp-json\/wp\/v2\/media?parent=15948"}],"wp:term":[{"taxonomy":"product_cat","embeddable":true,"href":"https:\/\/parapharmacieenligne.ma\/en\/wp-json\/wp\/v2\/product_cat?post=15948"},{"taxonomy":"product_tag","embeddable":true,"href":"https:\/\/parapharmacieenligne.ma\/en\/wp-json\/wp\/v2\/product_tag?post=15948"},{"taxonomy":"yith_product_brand","embeddable":true,"href":"https:\/\/parapharmacieenligne.ma\/en\/wp-json\/wp\/v2\/yith_product_brand?post=15948"}],"curies":[{"name":"wp","href":"https:\/\/api.w.org\/{rel}","templated":true}]}}