{"id":15954,"date":"2026-02-23T19:11:42","date_gmt":"2026-02-23T18:11:42","guid":{"rendered":"https:\/\/parapharmacieenligne.ma\/?post_type=product&#038;p=15954"},"modified":"2026-02-23T19:11:54","modified_gmt":"2026-02-23T18:11:54","slug":"loreal-professionnel-vitamino-color-spectrum-shampooing-professionnel-500ml","status":"publish","type":"product","link":"https:\/\/parapharmacieenligne.ma\/en\/product\/loreal-professionnel-vitamino-color-spectrum-shampooing-professionnel-500ml\/","title":{"rendered":"L&rsquo;OREAL PROFESSIONNEL VITAMINO COLOR SPECTRUM SHAMPOOING PROFESSIONNEL 500ML"},"content":{"rendered":"<p>Le SHAMPOOING VITAMINO COLOR SPECTRUM agit sur les 5 dimensions essentielles de votre couleur\u00b2 pour un r\u00e9sultat professionnel \u00e0 domicile. Il offre une brillance ultra intense qui capture la lumi\u00e8re et magnifie vos reflets. La saturation de votre couleur est pr\u00e9serv\u00e9e, la gardant riche et vibrante comme au premier jour. Le contraste entre les diff\u00e9rentes nuances de votre coloration est optimis\u00e9, cr\u00e9ant une profondeur et une dimension magnifiques. Le ton de votre couleur est respect\u00e9, neutralisant les reflets ind\u00e9sirables pour une puret\u00e9 in\u00e9gal\u00e9e. Enfin, la luminosit\u00e9 de votre couleur, qu&rsquo;elle soit claire ou fonc\u00e9e, est parfaitement pr\u00e9serv\u00e9e, assurant un r\u00e9sultat harmonieux et \u00e9clatant.<\/p>\n<p>Offrez \u00e0 vos cheveux color\u00e9s le soin expert qu&rsquo;ils m\u00e9ritent avec le L&rsquo;OREAL PROFESSIONNEL VITAMINO COLOR SPECTRUM SHAMPOOING PROFESSIONNEL. Sa formule avanc\u00e9e prot\u00e8ge et sublime votre couleur, prolongeant sa tenue et intensifiant son \u00e9clat. Dites oui \u00e0 une couleur vibrante et lumineuse pendant des semaines et r\u00e9v\u00e9lez la beaut\u00e9 de votre chevelure color\u00e9e comme jamais auparavant. Un indispensable pour tous ceux qui veulent pr\u00e9server l&rsquo;investissement de leur coloration et afficher des cheveux \u00e9clatants de sant\u00e9 et de couleur.<\/p>\n<p>Conseils d&rsquo;utilisation recommand\u00e9s :<\/p>\n<p>Application sur cheveux mouill\u00e9s : R\u00e9partissez uniform\u00e9ment une quantit\u00e9 g\u00e9n\u00e9reuse de L&rsquo;OREAL PROFESSIONNEL VITAMINO COLOR SPECTRUM SHAMPOOING PROFESSIONNEL sur cheveux mouill\u00e9s.<br \/>\nMasser d\u00e9licatement : Massez d\u00e9licatement le cuir chevelu et les longueurs pour faire mousser le shampooing.<br \/>\nRin\u00e7age abondant : Rincez abondamment \u00e0 l&rsquo;eau claire jusqu&rsquo;\u00e0 ce que tous les r\u00e9sidus de shampooing soient \u00e9limin\u00e9s.<br \/>\nComposition :<\/p>\n<p>AQUA \/ WATER \/ EAU \u2022 SODIUM COCOYL ISETHIONATE \u2022 DISODIUM LAURETH SULFOSUCCINATE \u2022 GLYCOL DISTEARATE \u2022 SODIUM LAURYL SULFOACETATE \u2022 SODIUM LAUROYL SARCOSINATE \u2022 GLYCERIN \u2022 DECYL GLUCOSIDE \u2022 COCAMIDOPROPYL BETAINE \u2022 COCO-BETAINE \u2022 PPG-5-CETETH-20 \u2022 DIVINYLDIMETHICONE\/DIMETHICONE COPOLYMER \u2022 AMODIMETHICONE \u2022 CITRIC ACID \u2022 SODIUM HYDROXIDE \u2022 POLYQUATERNIUM-7 \u2022 CARBOMER \u2022 POLYQUATERNIUM-10 \u2022 SODIUM BENZOATE \u2022 SODIUM CHLORIDE \u2022 PEG-55 PROPYLENE GLYCOL OLEATE \u2022 PROPYLENE GLYCOL \u2022 SALICYLIC ACID \u2022 BENZOIC ACID \u2022<\/p>","protected":false},"excerpt":{"rendered":"<p>Le SHAMPOOING VITAMINO COLOR SPECTRUM agit sur les 5 dimensions essentielles de votre couleur\u00b2 pour un r\u00e9sultat professionnel \u00e0 domicile. Il offre&hellip;<\/p>","protected":false},"featured_media":15953,"comment_status":"open","ping_status":"closed","template":"","meta":[],"product_cat":[84],"product_tag":[],"yith_product_brand":[200],"class_list":{"0":"post-15954","1":"product","2":"type-product","3":"status-publish","4":"has-post-thumbnail","6":"product_cat-soins-cheveux","7":"yith_product_brand-loreal-professionnel-paris","9":"first","10":"instock","11":"sale","12":"shipping-taxable","13":"purchasable","14":"product-type-simple"},"_links":{"self":[{"href":"https:\/\/parapharmacieenligne.ma\/en\/wp-json\/wp\/v2\/product\/15954","targetHints":{"allow":["GET"]}}],"collection":[{"href":"https:\/\/parapharmacieenligne.ma\/en\/wp-json\/wp\/v2\/product"}],"about":[{"href":"https:\/\/parapharmacieenligne.ma\/en\/wp-json\/wp\/v2\/types\/product"}],"replies":[{"embeddable":true,"href":"https:\/\/parapharmacieenligne.ma\/en\/wp-json\/wp\/v2\/comments?post=15954"}],"version-history":[{"count":1,"href":"https:\/\/parapharmacieenligne.ma\/en\/wp-json\/wp\/v2\/product\/15954\/revisions"}],"predecessor-version":[{"id":15955,"href":"https:\/\/parapharmacieenligne.ma\/en\/wp-json\/wp\/v2\/product\/15954\/revisions\/15955"}],"wp:featuredmedia":[{"embeddable":true,"href":"https:\/\/parapharmacieenligne.ma\/en\/wp-json\/wp\/v2\/media\/15953"}],"wp:attachment":[{"href":"https:\/\/parapharmacieenligne.ma\/en\/wp-json\/wp\/v2\/media?parent=15954"}],"wp:term":[{"taxonomy":"product_cat","embeddable":true,"href":"https:\/\/parapharmacieenligne.ma\/en\/wp-json\/wp\/v2\/product_cat?post=15954"},{"taxonomy":"product_tag","embeddable":true,"href":"https:\/\/parapharmacieenligne.ma\/en\/wp-json\/wp\/v2\/product_tag?post=15954"},{"taxonomy":"yith_product_brand","embeddable":true,"href":"https:\/\/parapharmacieenligne.ma\/en\/wp-json\/wp\/v2\/yith_product_brand?post=15954"}],"curies":[{"name":"wp","href":"https:\/\/api.w.org\/{rel}","templated":true}]}}