{"id":15963,"date":"2026-02-23T19:16:13","date_gmt":"2026-02-23T18:16:13","guid":{"rendered":"https:\/\/parapharmacieenligne.ma\/?post_type=product&#038;p=15963"},"modified":"2026-02-23T19:16:21","modified_gmt":"2026-02-23T18:16:21","slug":"loreal-professionnel-vitamino-color-spectrum-serum-concentre-brillance-miroir-50ml","status":"publish","type":"product","link":"https:\/\/parapharmacieenligne.ma\/en\/product\/loreal-professionnel-vitamino-color-spectrum-serum-concentre-brillance-miroir-50ml\/","title":{"rendered":"L&rsquo;OREAL PROFESSIONNEL VITAMINO COLOR SPECTRUM SERUM CONCENTRE BRILLANCE MIROIR 50ML"},"content":{"rendered":"<p>Le S\u00c9RUM CONCENTR\u00c9 BRILLANCE MIROIR VITAMINO COLOR SPECTRUM est bien plus qu&rsquo;un simple produit de coiffage. C&rsquo;est un v\u00e9ritable soin protecteur pour vos cheveux color\u00e9s. L&rsquo;Alpha-Silane, activ\u00e9 par la chaleur, forme un film l\u00e9ger et imperceptible qui scelle la cuticule, prot\u00e9geant ainsi les pigments color\u00e9s des agressions ext\u00e9rieures et de l&rsquo;affadissement d\u00fb aux lavages. Vos cheveux sont non seulement incroyablement brillants, mais aussi plus lisses, plus doux et visiblement plus sains. Sa texture l\u00e9g\u00e8re ne graisse pas et neText-to-speech output for the word \u00ab\u00a0alourdit\u00a0\u00bb (French) is not available. However, here&rsquo;s a phonetic transcription: \/a.lu\u0281.di\/. vos cheveux, vous permettant de cr\u00e9er des coiffures sophistiqu\u00e9es ou de simplement sublimer votre couleur naturelle avec un \u00e9clat professionnel.<\/p>\n<p>Transformez vos cheveux color\u00e9s en une cascade de lumi\u00e8re avec le L&rsquo;OREAL PROFESSIONNEL VITAMINO COLOR SPECTRUM S\u00c9RUM CONCENTR\u00c9 BRILLANCE MIROIR. Offrez-leur une brillance instantan\u00e9e, une protection durable de la couleur et une douceur incomparable gr\u00e2ce \u00e0 la puissance de l&rsquo;Alpha-Silane. Faites de ce s\u00e9rum votre secret pour une couleur vibrante et des cheveux \u00e9clatants de sant\u00e9 \u00e0 chaque coiffage. Un indispensable pour sublimer votre coloration et afficher une chevelure digne d&rsquo;un salon de coiffure, jour apr\u00e8s jour.<\/p>\n<p>\u00b9Test instrumental apr\u00e8s application du s\u00e9rum.<\/p>\n<p>Conseils d&rsquo;utilisation :<\/p>\n<p>Sur cheveux humides : Apr\u00e8s avoir lav\u00e9 et essor\u00e9 vos cheveux avec la gamme L&rsquo;OREAL PROFESSIONNEL VITAMINO COLOR SPECTRUM, appliquez une petite quantit\u00e9 de s\u00e9rum (1 \u00e0 2 pressions) dans le creux de vos mains.<br \/>\nR\u00e9partition uniforme : R\u00e9partissez uniform\u00e9ment le s\u00e9rum sur les longueurs et les pointes de vos cheveux humides.<br \/>\nNe pas rincer : Ne rincez pas le s\u00e9rum.<br \/>\nComposition :<\/p>\n<p>DIMETHICONE \u2022 BIS-(MORPHOLINOMETHYL C1-4 DIALKOXYSILOXY) DIMETHICONE \u2022 BIS-CETEARYL AMODIMETHICONE \u2022 HEXYL CINNAMAL \u2022 CITRONELLOL \u2022 GERANIOL \u2022 LINALOOL \u2022 LIMONENE \u2022 BENZYL ALCOHOL \u2022 PARFUM \/ FRAGRANCE (F.I.L. N70047519\/4).<\/p>","protected":false},"excerpt":{"rendered":"<p>Le S\u00c9RUM CONCENTR\u00c9 BRILLANCE MIROIR VITAMINO COLOR SPECTRUM est bien plus qu&rsquo;un simple produit de coiffage. C&rsquo;est un v\u00e9ritable soin protecteur pour&hellip;<\/p>","protected":false},"featured_media":15962,"comment_status":"open","ping_status":"closed","template":"","meta":[],"product_cat":[84],"product_tag":[],"yith_product_brand":[200],"class_list":{"0":"post-15963","1":"product","2":"type-product","3":"status-publish","4":"has-post-thumbnail","6":"product_cat-soins-cheveux","7":"yith_product_brand-loreal-professionnel-paris","9":"first","10":"instock","11":"sale","12":"shipping-taxable","13":"purchasable","14":"product-type-simple"},"_links":{"self":[{"href":"https:\/\/parapharmacieenligne.ma\/en\/wp-json\/wp\/v2\/product\/15963","targetHints":{"allow":["GET"]}}],"collection":[{"href":"https:\/\/parapharmacieenligne.ma\/en\/wp-json\/wp\/v2\/product"}],"about":[{"href":"https:\/\/parapharmacieenligne.ma\/en\/wp-json\/wp\/v2\/types\/product"}],"replies":[{"embeddable":true,"href":"https:\/\/parapharmacieenligne.ma\/en\/wp-json\/wp\/v2\/comments?post=15963"}],"version-history":[{"count":1,"href":"https:\/\/parapharmacieenligne.ma\/en\/wp-json\/wp\/v2\/product\/15963\/revisions"}],"predecessor-version":[{"id":15964,"href":"https:\/\/parapharmacieenligne.ma\/en\/wp-json\/wp\/v2\/product\/15963\/revisions\/15964"}],"wp:featuredmedia":[{"embeddable":true,"href":"https:\/\/parapharmacieenligne.ma\/en\/wp-json\/wp\/v2\/media\/15962"}],"wp:attachment":[{"href":"https:\/\/parapharmacieenligne.ma\/en\/wp-json\/wp\/v2\/media?parent=15963"}],"wp:term":[{"taxonomy":"product_cat","embeddable":true,"href":"https:\/\/parapharmacieenligne.ma\/en\/wp-json\/wp\/v2\/product_cat?post=15963"},{"taxonomy":"product_tag","embeddable":true,"href":"https:\/\/parapharmacieenligne.ma\/en\/wp-json\/wp\/v2\/product_tag?post=15963"},{"taxonomy":"yith_product_brand","embeddable":true,"href":"https:\/\/parapharmacieenligne.ma\/en\/wp-json\/wp\/v2\/yith_product_brand?post=15963"}],"curies":[{"name":"wp","href":"https:\/\/api.w.org\/{rel}","templated":true}]}}