{"id":15969,"date":"2026-02-23T19:16:48","date_gmt":"2026-02-23T18:16:48","guid":{"rendered":"https:\/\/parapharmacieenligne.ma\/?post_type=product&#038;p=15969"},"modified":"2026-02-23T19:16:57","modified_gmt":"2026-02-23T18:16:57","slug":"loreal-professionnel-metal-detox-recharge-shampooing-500ml","status":"publish","type":"product","link":"https:\/\/parapharmacieenligne.ma\/en\/product\/loreal-professionnel-metal-detox-recharge-shampooing-500ml\/","title":{"rendered":"L&rsquo;OREAL PROFESSIONNEL METAL DETOX RECHARGE SHAMPOOING 500ML"},"content":{"rendered":"<p>Au quotidien, le m\u00e9tal pr\u00e9sent dans l\u2019eau \u2013 notamment le cuivre \u2013 s\u2019infiltre dans la fibre capillaire, fragilise sa structure et entra\u00eene des casses ainsi qu\u2019une alt\u00e9ration de la couleur. Ce shampoing innovant agit comme un bouclier en \u00e9liminant efficacement l\u2019accumulation de ces particules pour pr\u00e9server la sant\u00e9 et la beaut\u00e9 de vos cheveux.<\/p>\n<p>Enrichi en Glicoamine, une mol\u00e9cule brevet\u00e9e par L\u2019Or\u00e9al Professionnel, ce shampoing anti-m\u00e9tal agit en profondeur pour d\u00e9toxifier la fibre sans l\u2019agresser. Sa texture cr\u00e8me luxueuse et sans sulfate se transforme en une mousse onctueuse, qui nettoie d\u00e9licatement tout en apportant confort et protection. R\u00e9sultat : les cheveux paraissent plus forts, plus brillants et leur couleur reste \u00e9clatante plus longtemps.<\/p>\n<p>Id\u00e9al pour les cheveux color\u00e9s, m\u00e9ch\u00e9s ou d\u00e9color\u00e9s, le Metal Detox Recharge Shampoing s\u2019int\u00e8gre parfaitement dans une routine professionnelle \u00e0 domicile. Lavage apr\u00e8s lavage, il am\u00e9liore la r\u00e9sistance de la fibre, r\u00e9duit la casse et sublime la brillance naturelle du cheveu.<\/p>\n<p>Offrez \u00e0 vos cheveux le soin qu\u2019ils m\u00e9ritent avec cette formule experte, pour un r\u00e9sultat digne des salons L\u2019Or\u00e9al Professionnel.<\/p>\n<p>Conseils d&rsquo;utilisation :<\/p>\n<p>R\u00e9partir sur cheveux mouill\u00e9s. \u00c9mulsionner jusqu&rsquo;\u00e0 obtenir une cr\u00e8me onctueuse. Rincer. Pour des r\u00e9sultats optimaux, suivre avec le masque protecteur Metal Detox.<\/p>\n<p>Composition :<\/p>\n<p>AQUA \/ WATER \/ EAU \u2022 SODIUM COCOYL ISETHIONATE \u2022 DISODIUM LAURETH SULFOSUCCINATE \u2022 GLYCOL DISTEARATE \u2022 SODIUM LAURYL SULFOACETATE \u2022 SODIUM LAUROYL SARCOSINATE \u2022 GLYCERIN \u2022 PARFUM \/ FRAGRANCE \u2022 PPG-5-CETETH-20 \u2022 DECYL GLUCOSIDE \u2022 COCAMIDOPROPYL BETAINE \u2022 COCO-BETAINE \u2022 DIVINYLDIMETHICONE\/DIMETHICONE COPOLYMER \u2022 AMODIMETHICONE \u2022 CITRIC ACID \u2022 SODIUM HYDROXIDE<\/p>","protected":false},"excerpt":{"rendered":"<p>Au quotidien, le m\u00e9tal pr\u00e9sent dans l\u2019eau \u2013 notamment le cuivre \u2013 s\u2019infiltre dans la fibre capillaire, fragilise sa structure et entra\u00eene&hellip;<\/p>","protected":false},"featured_media":15968,"comment_status":"open","ping_status":"closed","template":"","meta":[],"product_cat":[84],"product_tag":[],"yith_product_brand":[200],"class_list":{"0":"post-15969","1":"product","2":"type-product","3":"status-publish","4":"has-post-thumbnail","6":"product_cat-soins-cheveux","7":"yith_product_brand-loreal-professionnel-paris","9":"first","10":"instock","11":"sale","12":"shipping-taxable","13":"purchasable","14":"product-type-simple"},"_links":{"self":[{"href":"https:\/\/parapharmacieenligne.ma\/en\/wp-json\/wp\/v2\/product\/15969","targetHints":{"allow":["GET"]}}],"collection":[{"href":"https:\/\/parapharmacieenligne.ma\/en\/wp-json\/wp\/v2\/product"}],"about":[{"href":"https:\/\/parapharmacieenligne.ma\/en\/wp-json\/wp\/v2\/types\/product"}],"replies":[{"embeddable":true,"href":"https:\/\/parapharmacieenligne.ma\/en\/wp-json\/wp\/v2\/comments?post=15969"}],"version-history":[{"count":1,"href":"https:\/\/parapharmacieenligne.ma\/en\/wp-json\/wp\/v2\/product\/15969\/revisions"}],"predecessor-version":[{"id":15970,"href":"https:\/\/parapharmacieenligne.ma\/en\/wp-json\/wp\/v2\/product\/15969\/revisions\/15970"}],"wp:featuredmedia":[{"embeddable":true,"href":"https:\/\/parapharmacieenligne.ma\/en\/wp-json\/wp\/v2\/media\/15968"}],"wp:attachment":[{"href":"https:\/\/parapharmacieenligne.ma\/en\/wp-json\/wp\/v2\/media?parent=15969"}],"wp:term":[{"taxonomy":"product_cat","embeddable":true,"href":"https:\/\/parapharmacieenligne.ma\/en\/wp-json\/wp\/v2\/product_cat?post=15969"},{"taxonomy":"product_tag","embeddable":true,"href":"https:\/\/parapharmacieenligne.ma\/en\/wp-json\/wp\/v2\/product_tag?post=15969"},{"taxonomy":"yith_product_brand","embeddable":true,"href":"https:\/\/parapharmacieenligne.ma\/en\/wp-json\/wp\/v2\/yith_product_brand?post=15969"}],"curies":[{"name":"wp","href":"https:\/\/api.w.org\/{rel}","templated":true}]}}