{"id":15972,"date":"2026-02-23T19:17:11","date_gmt":"2026-02-23T18:17:11","guid":{"rendered":"https:\/\/parapharmacieenligne.ma\/?post_type=product&#038;p=15972"},"modified":"2026-02-23T19:17:19","modified_gmt":"2026-02-23T18:17:19","slug":"loreal-professionnel-duo-anti-breakage-metal-detox","status":"publish","type":"product","link":"https:\/\/parapharmacieenligne.ma\/en\/product\/loreal-professionnel-duo-anti-breakage-metal-detox\/","title":{"rendered":"L&rsquo;OREAL PROFESSIONNEL DUO ANTI BREAKAGE METAL DETOX"},"content":{"rendered":"<p>Le secret de ce kit r\u00e9side dans la Glycoamine, un ingr\u00e9dient actif brevet\u00e9 capable de p\u00e9n\u00e9trer au c\u0153ur de la fibre pour neutraliser et \u00e9liminer les particules m\u00e9talliques responsables du ternissement et de la fragilisation. Associ\u00e9e \u00e0 l\u2019Ion\u00e8ne, cette technologie agit en profondeur pour purifier, prot\u00e9ger et renforcer les cheveux. R\u00e9sultat : une fibre plus r\u00e9sistante, une couleur plus \u00e9clatante et une chevelure visiblement revitalis\u00e9e.<\/p>\n<p>Le Shampoing Metal Detox 300 ml, sans sulfates, nettoie en douceur tout en \u00e9liminant les m\u00e9taux, la pollution et les impuret\u00e9s qui alt\u00e8rent la sant\u00e9 capillaire. Sa texture onctueuse offre une exp\u00e9rience sensorielle agr\u00e9able, tout en pr\u00e9servant l\u2019int\u00e9grit\u00e9 des cheveux color\u00e9s ou m\u00e9ch\u00e9s.<\/p>\n<p>Le Masque Metal Detox 250 ml compl\u00e8te parfaitement le rituel en cr\u00e9ant une barri\u00e8re protectrice contre les futurs d\u00e9p\u00f4ts m\u00e9talliques. Sa formule nourrissante enveloppe la fibre, la lisse, la renforce et prolonge l\u2019\u00e9clat de la couleur. Les cheveux sont imm\u00e9diatement plus doux, visiblement plus brillants et beaucoup plus faciles \u00e0 coiffer.<\/p>\n<p>Ce duo est id\u00e9al avant et apr\u00e8s toute coloration, balayage ou d\u00e9coloration pour assurer un rendu optimal, une couleur uniforme et durable, ainsi qu\u2019une fibre plus saine. Avec Metal Detox, vos cheveux retrouvent une seconde vie : plus forts, plus lumineux et impeccablement prot\u00e9g\u00e9s.<\/p>\n<p>Conseils d&rsquo;utilisation :<br \/>\nShampoing Metal Detox<br \/>\nAppliquer sur cheveux mouill\u00e9s.<\/p>\n<p>Masser d\u00e9licatement le cuir chevelu et les longueurs.<\/p>\n<p>Rincer abondamment.<\/p>\n<p>R\u00e9p\u00e9ter si n\u00e9cessaire pour un nettoyage optimal.<\/p>\n<p>Masque Metal Detox<br \/>\nAppliquer apr\u00e8s le shampoing, sur cheveux essor\u00e9s.<\/p>\n<p>R\u00e9partir sur les longueurs et pointes.<\/p>\n<p>Laisser poser 3 \u00e0 5 minutes.<\/p>\n<p>Rincer soigneusement.<\/p>","protected":false},"excerpt":{"rendered":"<p>Le secret de ce kit r\u00e9side dans la Glycoamine, un ingr\u00e9dient actif brevet\u00e9 capable de p\u00e9n\u00e9trer au c\u0153ur de la fibre pour&hellip;<\/p>","protected":false},"featured_media":15971,"comment_status":"open","ping_status":"closed","template":"","meta":[],"product_cat":[84],"product_tag":[],"yith_product_brand":[200],"class_list":{"0":"post-15972","1":"product","2":"type-product","3":"status-publish","4":"has-post-thumbnail","6":"product_cat-soins-cheveux","7":"yith_product_brand-loreal-professionnel-paris","9":"first","10":"instock","11":"sale","12":"shipping-taxable","13":"purchasable","14":"product-type-simple"},"_links":{"self":[{"href":"https:\/\/parapharmacieenligne.ma\/en\/wp-json\/wp\/v2\/product\/15972","targetHints":{"allow":["GET"]}}],"collection":[{"href":"https:\/\/parapharmacieenligne.ma\/en\/wp-json\/wp\/v2\/product"}],"about":[{"href":"https:\/\/parapharmacieenligne.ma\/en\/wp-json\/wp\/v2\/types\/product"}],"replies":[{"embeddable":true,"href":"https:\/\/parapharmacieenligne.ma\/en\/wp-json\/wp\/v2\/comments?post=15972"}],"version-history":[{"count":1,"href":"https:\/\/parapharmacieenligne.ma\/en\/wp-json\/wp\/v2\/product\/15972\/revisions"}],"predecessor-version":[{"id":15973,"href":"https:\/\/parapharmacieenligne.ma\/en\/wp-json\/wp\/v2\/product\/15972\/revisions\/15973"}],"wp:featuredmedia":[{"embeddable":true,"href":"https:\/\/parapharmacieenligne.ma\/en\/wp-json\/wp\/v2\/media\/15971"}],"wp:attachment":[{"href":"https:\/\/parapharmacieenligne.ma\/en\/wp-json\/wp\/v2\/media?parent=15972"}],"wp:term":[{"taxonomy":"product_cat","embeddable":true,"href":"https:\/\/parapharmacieenligne.ma\/en\/wp-json\/wp\/v2\/product_cat?post=15972"},{"taxonomy":"product_tag","embeddable":true,"href":"https:\/\/parapharmacieenligne.ma\/en\/wp-json\/wp\/v2\/product_tag?post=15972"},{"taxonomy":"yith_product_brand","embeddable":true,"href":"https:\/\/parapharmacieenligne.ma\/en\/wp-json\/wp\/v2\/yith_product_brand?post=15972"}],"curies":[{"name":"wp","href":"https:\/\/api.w.org\/{rel}","templated":true}]}}