{"id":15987,"date":"2026-02-23T19:18:52","date_gmt":"2026-02-23T18:18:52","guid":{"rendered":"https:\/\/parapharmacieenligne.ma\/?post_type=product&#038;p=15987"},"modified":"2026-02-23T19:19:01","modified_gmt":"2026-02-23T18:19:01","slug":"loreal-professionnel-curl-expression-masque-professionnel-250-ml","status":"publish","type":"product","link":"https:\/\/parapharmacieenligne.ma\/en\/product\/loreal-professionnel-curl-expression-masque-professionnel-250-ml\/","title":{"rendered":"L&rsquo;OREAL PROFESSIONNEL CURL EXPRESSION MASQUE PROFESSIONNEL 250 ML"},"content":{"rendered":"<p>D\u00e8s la premi\u00e8re utilisation, ce masque hydrate intens\u00e9ment et pr\u00e9pare les cheveux au d\u00e9m\u00ealage, tout en respectant leur texture naturelle. Les boucles sont visiblement plus fluides, plus l\u00e9g\u00e8res et plus faciles \u00e0 coiffer, sans effet alourdissant. Gr\u00e2ce \u00e0 son action cibl\u00e9e, la chevelure retrouve un toucher naturel et un aspect sain durablement.<\/p>\n<p>Bienfaits du Masque Hydratant Intensif Curl Expression<br \/>\nHydratation intensive pour cheveux boucl\u00e9s \u00e0 cr\u00e9pus<\/p>\n<p>Pr\u00e9-d\u00e9m\u00ealage efficace pour limiter la casse<\/p>\n<p>Cheveux deux fois plus brillants<\/p>\n<p>Contr\u00f4le des frisottis pour une meilleure d\u00e9finition<\/p>\n<p>Douceur imm\u00e9diate d\u00e8s l\u2019application<\/p>\n<p>Souplesse et l\u00e9g\u00e8ret\u00e9 sans r\u00e9sidus<\/p>\n<p>Am\u00e9liore la fluidit\u00e9 naturelle des boucles<\/p>\n<p>Id\u00e9al pour cheveux fragilis\u00e9s et sensibilis\u00e9s<\/p>\n<p>Ce masque professionnel est enrichi en actifs hautement concentr\u00e9s soigneusement s\u00e9lectionn\u00e9s pour r\u00e9pondre aux besoins sp\u00e9cifiques des cheveux textur\u00e9s. La Glyc\u00e9rine d\u2019origine v\u00e9g\u00e9tale \u00e0 2,5 % agit comme un puissant humectant qui capte et retient l\u2019eau pour une hydratation longue dur\u00e9e, m\u00eame sur les cheveux tr\u00e8s secs. L\u2019Urea H contribue \u00e0 renforcer la barri\u00e8re hydrolipidique du cheveu tout en am\u00e9liorant son niveau d\u2019hydratation. L\u2019extrait de graine d\u2019Hibiscus, reconnu pour sa richesse en acides amin\u00e9s et vitamines, aide \u00e0 fortifier la fibre et \u00e0 sublimer la mati\u00e8re.<\/p>\n<p>Sa texture douce et fondante p\u00e9n\u00e8tre instantan\u00e9ment la fibre capillaire, enveloppant les cheveux d\u2019un soin sensoriel sans les alourdir. L\u2019exp\u00e9rience est sublim\u00e9e par un parfum addictif, m\u00ealant Jasmin \u00e9toil\u00e9, Orchid\u00e9e et Freesia, relev\u00e9 par une note raffin\u00e9e de bois de c\u00e8dre, pour un v\u00e9ritable moment de plaisir sous la douche.<\/p>\n<p>Conseils d\u2019utilisation :<br \/>\nApr\u00e8s le shampoing, appliquez le Masque Hydratant Intensif Curl Expression sur cheveux essor\u00e9s<br \/>\nR\u00e9partissez uniform\u00e9ment sur les longueurs et les pointes<br \/>\nLaissez poser 10 minutes afin de permettre aux actifs de p\u00e9n\u00e9trer la fibre capillaire<br \/>\nRincez abondamment<\/p>\n<p>Conseil de pro<br \/>\nUtilisez ce masque r\u00e9guli\u00e8rement pour maintenir un niveau d\u2019hydratation optimal et obtenir des cheveux boucl\u00e9s et cr\u00e9pus plus fluides, doux et faciles \u00e0 coiffer<\/p>\n<p>Composition :<br \/>\naqua \/ water \/ eau, cetearyl alcohol, dimethicone, glycerin, behentrimonium chloride, amodimethicone, cetrimonium chloride, phenoxyethanol, isopropyl alcohol, sodium laureth sulfate, lactic acid, hydroxyethyl urea, hibiscus esculentus seed extract, parfum \/ fragrance<\/p>","protected":false},"excerpt":{"rendered":"<p>D\u00e8s la premi\u00e8re utilisation, ce masque hydrate intens\u00e9ment et pr\u00e9pare les cheveux au d\u00e9m\u00ealage, tout en respectant leur texture naturelle. Les boucles&hellip;<\/p>","protected":false},"featured_media":15986,"comment_status":"open","ping_status":"closed","template":"","meta":[],"product_cat":[84],"product_tag":[],"yith_product_brand":[200],"class_list":{"0":"post-15987","1":"product","2":"type-product","3":"status-publish","4":"has-post-thumbnail","6":"product_cat-soins-cheveux","7":"yith_product_brand-loreal-professionnel-paris","9":"first","10":"instock","11":"sale","12":"shipping-taxable","13":"purchasable","14":"product-type-simple"},"_links":{"self":[{"href":"https:\/\/parapharmacieenligne.ma\/en\/wp-json\/wp\/v2\/product\/15987","targetHints":{"allow":["GET"]}}],"collection":[{"href":"https:\/\/parapharmacieenligne.ma\/en\/wp-json\/wp\/v2\/product"}],"about":[{"href":"https:\/\/parapharmacieenligne.ma\/en\/wp-json\/wp\/v2\/types\/product"}],"replies":[{"embeddable":true,"href":"https:\/\/parapharmacieenligne.ma\/en\/wp-json\/wp\/v2\/comments?post=15987"}],"version-history":[{"count":1,"href":"https:\/\/parapharmacieenligne.ma\/en\/wp-json\/wp\/v2\/product\/15987\/revisions"}],"predecessor-version":[{"id":15988,"href":"https:\/\/parapharmacieenligne.ma\/en\/wp-json\/wp\/v2\/product\/15987\/revisions\/15988"}],"wp:featuredmedia":[{"embeddable":true,"href":"https:\/\/parapharmacieenligne.ma\/en\/wp-json\/wp\/v2\/media\/15986"}],"wp:attachment":[{"href":"https:\/\/parapharmacieenligne.ma\/en\/wp-json\/wp\/v2\/media?parent=15987"}],"wp:term":[{"taxonomy":"product_cat","embeddable":true,"href":"https:\/\/parapharmacieenligne.ma\/en\/wp-json\/wp\/v2\/product_cat?post=15987"},{"taxonomy":"product_tag","embeddable":true,"href":"https:\/\/parapharmacieenligne.ma\/en\/wp-json\/wp\/v2\/product_tag?post=15987"},{"taxonomy":"yith_product_brand","embeddable":true,"href":"https:\/\/parapharmacieenligne.ma\/en\/wp-json\/wp\/v2\/yith_product_brand?post=15987"}],"curies":[{"name":"wp","href":"https:\/\/api.w.org\/{rel}","templated":true}]}}