{"id":15990,"date":"2026-02-23T19:19:17","date_gmt":"2026-02-23T18:19:17","guid":{"rendered":"https:\/\/parapharmacieenligne.ma\/?post_type=product&#038;p=15990"},"modified":"2026-02-23T19:19:24","modified_gmt":"2026-02-23T18:19:24","slug":"loreal-professionnel-chroma-creme-green-d-yves-300ml","status":"publish","type":"product","link":"https:\/\/parapharmacieenligne.ma\/en\/product\/loreal-professionnel-chroma-creme-green-d-yves-300ml\/","title":{"rendered":"L&rsquo;OREAL PROFESSIONNEL CHROMA CREME GREEN D YVES 300ml"},"content":{"rendered":"<p>Shampooing cr\u00e8me professionnel neutralisant les tons rouges pour cheveux ch\u00e2tain fonc\u00e9. Formul\u00e9e avec des colorants verts, cette formule cr\u00e9meuse neutralise instantan\u00e9ment les sous-tons rouges ind\u00e9sirables et nourrit intens\u00e9ment la fibre sans l&rsquo;alourdir. Les cheveux sont doux et la couleur rafra\u00eechie et \u00e9clatante.<\/p>\n<p>Conseils d&rsquo;utilisation:<br \/>\nAppliquer uniform\u00e9ment sur cheveux mouill\u00e9s. Plus tard. Laisser agir au moins 2 minutes, ou plus selon le degr\u00e9 de neutralisation souhait\u00e9. Rincez abondamment. A alterner avec votre shampoing habituel.<\/p>","protected":false},"excerpt":{"rendered":"<p>Shampooing cr\u00e8me professionnel neutralisant les tons rouges pour cheveux ch\u00e2tain fonc\u00e9. Formul\u00e9e avec des colorants verts, cette formule cr\u00e9meuse neutralise instantan\u00e9ment les&hellip;<\/p>","protected":false},"featured_media":15989,"comment_status":"open","ping_status":"closed","template":"","meta":[],"product_cat":[84],"product_tag":[],"yith_product_brand":[200],"class_list":{"0":"post-15990","1":"product","2":"type-product","3":"status-publish","4":"has-post-thumbnail","6":"product_cat-soins-cheveux","7":"yith_product_brand-loreal-professionnel-paris","9":"first","10":"instock","11":"sale","12":"shipping-taxable","13":"purchasable","14":"product-type-simple"},"_links":{"self":[{"href":"https:\/\/parapharmacieenligne.ma\/en\/wp-json\/wp\/v2\/product\/15990","targetHints":{"allow":["GET"]}}],"collection":[{"href":"https:\/\/parapharmacieenligne.ma\/en\/wp-json\/wp\/v2\/product"}],"about":[{"href":"https:\/\/parapharmacieenligne.ma\/en\/wp-json\/wp\/v2\/types\/product"}],"replies":[{"embeddable":true,"href":"https:\/\/parapharmacieenligne.ma\/en\/wp-json\/wp\/v2\/comments?post=15990"}],"version-history":[{"count":1,"href":"https:\/\/parapharmacieenligne.ma\/en\/wp-json\/wp\/v2\/product\/15990\/revisions"}],"predecessor-version":[{"id":15991,"href":"https:\/\/parapharmacieenligne.ma\/en\/wp-json\/wp\/v2\/product\/15990\/revisions\/15991"}],"wp:featuredmedia":[{"embeddable":true,"href":"https:\/\/parapharmacieenligne.ma\/en\/wp-json\/wp\/v2\/media\/15989"}],"wp:attachment":[{"href":"https:\/\/parapharmacieenligne.ma\/en\/wp-json\/wp\/v2\/media?parent=15990"}],"wp:term":[{"taxonomy":"product_cat","embeddable":true,"href":"https:\/\/parapharmacieenligne.ma\/en\/wp-json\/wp\/v2\/product_cat?post=15990"},{"taxonomy":"product_tag","embeddable":true,"href":"https:\/\/parapharmacieenligne.ma\/en\/wp-json\/wp\/v2\/product_tag?post=15990"},{"taxonomy":"yith_product_brand","embeddable":true,"href":"https:\/\/parapharmacieenligne.ma\/en\/wp-json\/wp\/v2\/yith_product_brand?post=15990"}],"curies":[{"name":"wp","href":"https:\/\/api.w.org\/{rel}","templated":true}]}}