{"id":15993,"date":"2026-02-23T19:20:43","date_gmt":"2026-02-23T18:20:43","guid":{"rendered":"https:\/\/parapharmacieenligne.ma\/?post_type=product&#038;p=15993"},"modified":"2026-02-23T19:20:52","modified_gmt":"2026-02-23T18:20:52","slug":"loreal-professionnel-aminexil-advanced-106-ml","status":"publish","type":"product","link":"https:\/\/parapharmacieenligne.ma\/en\/product\/loreal-professionnel-aminexil-advanced-106-ml\/","title":{"rendered":"L&rsquo;OREAL PROFESSIONNEL AMINEXIL ADVANCED 10*6 ML"},"content":{"rendered":"<p>Vous avez les cheveux clairsem\u00e9s et souhaitez \u00e9paissir votre chevelure ? Le traitement anti-chute de cheveux Aminexil Advanced est un programme intensif double action. Enrichi en Aminexil et en Omega 6, il renforce et dynamise l&rsquo;enracinement du cheveu afin de r\u00e9duire la chute. Transform\u00e9s en lipides, tels que les c\u00e9ramides qui font partie de la structure de la tige capillaire, les Omega 6* renforcent la structure du cheveu.<\/p>\n<p>Simple d&rsquo;utilisation, le programme anti-chute L&rsquo;Or\u00e9al Aminexil s&rsquo;applique sur les cheveux secs, en proc\u00e9dant \u00e0 un massage stimulant du cuir chevelu. Pr\u00e9sent\u00e9 sous forme de doses en bouchons, il est \u00e0 la fois pratique et \u00e9conomique. Si vous avez besoin d&rsquo;un traitement intensif, il vous suffira d&rsquo;appliquer une dose par jour pendant 6 semaines. Pour une cure d&rsquo;entretien \u00e0 l&rsquo;automne et au printemps, il est recommand\u00e9 d&#8217;employer au moins 3 doses par semaine, pendant 8 semaines.<\/p>\n<p>En utilisant le traitement selon les recommandations, vous remarquerez une r\u00e9duction de la chute capillaire au fil des utilisations. En seulement 42 jours, ce programme con\u00e7u par L&rsquo;Or\u00e9al Professionnel prolonge la vie de 8 000 cheveux pour une chevelure en pleine sant\u00e9.<\/p>\n<p>Conseils d&rsquo;utilisation:<\/p>\n<p>Installez le roll-on sur le flacon et appliquez l&rsquo;int\u00e9gralit\u00e9 sur le cuir chevelu. Progressez raie par raie en faisant de petits mouvements de rotation avec le roll-on. Massez du bout des doigts pour faire p\u00e9n\u00e9trer le produit pendant quelques minutes.<\/p>\n<p>Ingredients :<\/p>\n<p>AQUA \/ WATER \/ EAU . ALCOHOL DENAT. . DIAMINOPYRIMIDINE OXIDE . AMINOMETHYL PROPANOL . PEG-40 HYDROGENATED CASTOR OIL . CALCIUM PANTOTHENATE . SAFFLOWER GLUCOSIDE . PYRIDOXINE HCl . NIACINAMIDE . TOCOPHEROL . SODIUM CITRATE . PARFUM \/ FRAGRANCE (F.I.L. C271715\/1).<\/p>","protected":false},"excerpt":{"rendered":"<p>Vous avez les cheveux clairsem\u00e9s et souhaitez \u00e9paissir votre chevelure ? Le traitement anti-chute de cheveux Aminexil Advanced est un programme intensif&hellip;<\/p>","protected":false},"featured_media":15992,"comment_status":"open","ping_status":"closed","template":"","meta":[],"product_cat":[84],"product_tag":[],"yith_product_brand":[200],"class_list":{"0":"post-15993","1":"product","2":"type-product","3":"status-publish","4":"has-post-thumbnail","6":"product_cat-soins-cheveux","7":"yith_product_brand-loreal-professionnel-paris","9":"first","10":"instock","11":"sale","12":"shipping-taxable","13":"purchasable","14":"product-type-simple"},"_links":{"self":[{"href":"https:\/\/parapharmacieenligne.ma\/en\/wp-json\/wp\/v2\/product\/15993","targetHints":{"allow":["GET"]}}],"collection":[{"href":"https:\/\/parapharmacieenligne.ma\/en\/wp-json\/wp\/v2\/product"}],"about":[{"href":"https:\/\/parapharmacieenligne.ma\/en\/wp-json\/wp\/v2\/types\/product"}],"replies":[{"embeddable":true,"href":"https:\/\/parapharmacieenligne.ma\/en\/wp-json\/wp\/v2\/comments?post=15993"}],"version-history":[{"count":1,"href":"https:\/\/parapharmacieenligne.ma\/en\/wp-json\/wp\/v2\/product\/15993\/revisions"}],"predecessor-version":[{"id":15994,"href":"https:\/\/parapharmacieenligne.ma\/en\/wp-json\/wp\/v2\/product\/15993\/revisions\/15994"}],"wp:featuredmedia":[{"embeddable":true,"href":"https:\/\/parapharmacieenligne.ma\/en\/wp-json\/wp\/v2\/media\/15992"}],"wp:attachment":[{"href":"https:\/\/parapharmacieenligne.ma\/en\/wp-json\/wp\/v2\/media?parent=15993"}],"wp:term":[{"taxonomy":"product_cat","embeddable":true,"href":"https:\/\/parapharmacieenligne.ma\/en\/wp-json\/wp\/v2\/product_cat?post=15993"},{"taxonomy":"product_tag","embeddable":true,"href":"https:\/\/parapharmacieenligne.ma\/en\/wp-json\/wp\/v2\/product_tag?post=15993"},{"taxonomy":"yith_product_brand","embeddable":true,"href":"https:\/\/parapharmacieenligne.ma\/en\/wp-json\/wp\/v2\/yith_product_brand?post=15993"}],"curies":[{"name":"wp","href":"https:\/\/api.w.org\/{rel}","templated":true}]}}