{"id":15996,"date":"2026-02-23T19:21:00","date_gmt":"2026-02-23T18:21:00","guid":{"rendered":"https:\/\/parapharmacieenligne.ma\/?post_type=product&#038;p=15996"},"modified":"2026-02-23T19:21:14","modified_gmt":"2026-02-23T18:21:14","slug":"loreal-professionnel-inforcer-shampooing-300-ml","status":"publish","type":"product","link":"https:\/\/parapharmacieenligne.ma\/en\/product\/loreal-professionnel-inforcer-shampooing-300-ml\/","title":{"rendered":"L&rsquo;OREAL PROFESSIONNEL INFORCER SHAMPOOING 300 ML"},"content":{"rendered":"<p>Inforcer de L&rsquo;Or\u00e9al Professionnel est un Shampoing renfor\u00e7ateur et anti-casse. Gr\u00e2ce \u00e0 sa formule avec vitamine B6 et biotine, la tige capillaire retrouve sa r\u00e9sistance face aux agressions ext\u00e9rieures. Restaur\u00e9, le cheveu demeure souple et brillant.<\/p>\n<p>premi\u00e8res applications du Shampoing Inforcer, vos cheveux sont visiblement plus \u00e9lastiques, et plus r\u00e9sistants \u00e0 la traction et aux \u00e9preuves du quotidien.<\/p>\n<p>La texture fluide du Shampoing Inforcer est plaisante et facilite son utilisation. Le produit est pratique \u00e0 appliquer sur toute la longueur des cheveux et cr\u00e9e une belle mousse, l\u00e9g\u00e8re et g\u00e9n\u00e9reuse \u00e0 la fois. Son parfum d\u00e9licat vous transporte dans l&rsquo;ambiance relaxante d&rsquo;un salon de coiffure ou d&rsquo;un spa. Le rin\u00e7age est simple et rapide, pour s&rsquo;adapter \u00e0 votre routine capillaire et vous faire gagner du temps.<\/p>\n<p>Alli\u00e9 au masque ou au soin pour les cheveux ab\u00eem\u00e9s de la m\u00eame gamme, le Shampoing Inforcer L&rsquo;Or\u00e9al Professionnel donne des r\u00e9sultats visibles et rapides. D\u00e8s les premi\u00e8res utilisations, vos cheveux sont moins cassants et plus solides. Ils se d\u00e9m\u00ealent facilement et retrouvent leur souplesse, leur brillance et leur force naturelles.<\/p>\n<p>Conseils d&rsquo;utilisation:<\/p>\n<p>Bien r\u00e9partir le Shampoing de Inforcer de L&rsquo;Or\u00e9al Professionnel sur cheveux humide- Emulsionner &#8211; Rincer soigneusement<\/p>\n<p>Ingr\u00e9dients:<\/p>\n<p>AQUA \/ WATER \/ EAU . SODIUM LAURETH SULFATE . SODIUM CHLORIDE . COCAMIDOPROPYL BETAINE . DIMETHICONE . CITRIC ACID . SODIUM BENZOATE . SODIUM HYDROXIDE . AMODIMETHICONE . CARBOMER . GUAR HYDROXYPROPYLTRIMONIUM CHLORIDE . TRIDECETH-10 . GLYCERIN . HEXYLENE GLYCOL . SALICYLIC ACID . GLYCOL DISTEARATE . PYRIDOXINE HCl . MICA . LIMONENE . PEG-100 STEARATE . STEARETH-6 . PHENOXYETHANOL . COCO-BETAINE . TRIDECETH-3 . CI 77891 \/ TITANIUM DIOXIDE . BENZYL SALICYLATE . BIOTIN . LINALOOL . GERANIOL . BENZYL ALCOHOL . ACETIC ACID . FUMARIC ACID . CI 15510 \/ ORANGE 4 . CI 17200 \/ RED 33 . PARFUM \/ FRAGRANCE (F.I.L. C232762\/1).<\/p>","protected":false},"excerpt":{"rendered":"<p>Inforcer de L&rsquo;Or\u00e9al Professionnel est un Shampoing renfor\u00e7ateur et anti-casse. Gr\u00e2ce \u00e0 sa formule avec vitamine B6 et biotine, la tige capillaire&hellip;<\/p>","protected":false},"featured_media":15995,"comment_status":"open","ping_status":"closed","template":"","meta":[],"product_cat":[84],"product_tag":[],"yith_product_brand":[200],"class_list":{"0":"post-15996","1":"product","2":"type-product","3":"status-publish","4":"has-post-thumbnail","6":"product_cat-soins-cheveux","7":"yith_product_brand-loreal-professionnel-paris","9":"first","10":"instock","11":"sale","12":"shipping-taxable","13":"purchasable","14":"product-type-simple"},"_links":{"self":[{"href":"https:\/\/parapharmacieenligne.ma\/en\/wp-json\/wp\/v2\/product\/15996","targetHints":{"allow":["GET"]}}],"collection":[{"href":"https:\/\/parapharmacieenligne.ma\/en\/wp-json\/wp\/v2\/product"}],"about":[{"href":"https:\/\/parapharmacieenligne.ma\/en\/wp-json\/wp\/v2\/types\/product"}],"replies":[{"embeddable":true,"href":"https:\/\/parapharmacieenligne.ma\/en\/wp-json\/wp\/v2\/comments?post=15996"}],"version-history":[{"count":1,"href":"https:\/\/parapharmacieenligne.ma\/en\/wp-json\/wp\/v2\/product\/15996\/revisions"}],"predecessor-version":[{"id":15997,"href":"https:\/\/parapharmacieenligne.ma\/en\/wp-json\/wp\/v2\/product\/15996\/revisions\/15997"}],"wp:featuredmedia":[{"embeddable":true,"href":"https:\/\/parapharmacieenligne.ma\/en\/wp-json\/wp\/v2\/media\/15995"}],"wp:attachment":[{"href":"https:\/\/parapharmacieenligne.ma\/en\/wp-json\/wp\/v2\/media?parent=15996"}],"wp:term":[{"taxonomy":"product_cat","embeddable":true,"href":"https:\/\/parapharmacieenligne.ma\/en\/wp-json\/wp\/v2\/product_cat?post=15996"},{"taxonomy":"product_tag","embeddable":true,"href":"https:\/\/parapharmacieenligne.ma\/en\/wp-json\/wp\/v2\/product_tag?post=15996"},{"taxonomy":"yith_product_brand","embeddable":true,"href":"https:\/\/parapharmacieenligne.ma\/en\/wp-json\/wp\/v2\/yith_product_brand?post=15996"}],"curies":[{"name":"wp","href":"https:\/\/api.w.org\/{rel}","templated":true}]}}