{"id":16014,"date":"2026-02-23T19:23:21","date_gmt":"2026-02-23T18:23:21","guid":{"rendered":"https:\/\/parapharmacieenligne.ma\/?post_type=product&#038;p=16014"},"modified":"2026-02-23T19:23:35","modified_gmt":"2026-02-23T18:23:35","slug":"loreal-professionnel-scalp-advanced-shampooing-dermo-clarifiant-300-ml","status":"publish","type":"product","link":"https:\/\/parapharmacieenligne.ma\/en\/product\/loreal-professionnel-scalp-advanced-shampooing-dermo-clarifiant-300-ml\/","title":{"rendered":"L&rsquo;OREAL PROFESSIONNEL SCALP ADVANCED SHAMPOOING DERMO CLARIFIANT 300 ML"},"content":{"rendered":"<p>Le cuir chevelu est une peau, mais une peau beaucoup plus complexe.<\/p>\n<p>L&rsquo;oxydation du s\u00e9bum et les microfissures \u00e0 la surface du cuir chevelu peuvent cr\u00e9er de nombreux probl\u00e8mes. C&rsquo;est un cercle vicieux et vous voulez en sortir.<\/p>\n<p>DES ACTIFS ULTRA-PUISSANTS :<\/p>\n<p>Enrichi en Piroctone Olamine, adapt\u00e9 aux peaux s\u00e8ches et grasses, actif antibact\u00e9rien et antifongique.<\/p>\n<p>EXP\u00c9RIENCE UNIQUE &amp; PARFUM APAISANT :<\/p>\n<p>Fabriqu\u00e9 avec des pros du cheveu, approuv\u00e9 par des dermatologues : 1\u00e8re co-innovation avec 3 experts pro du cuir chevelu &#8211; expert en balayage et en couleur.<\/p>\n<p>Une composition neutre, envelopp\u00e9e d&rsquo;une brise rafra\u00eechissante, avec un c\u0153ur propre et une base pro-soin.<\/p>\n<p>EFFICACIT\u00c9 SCIENTIFIQUEMENT PROUV\u00c9E :<\/p>\n<p>Apr\u00e8s seulement 1 utilisation, jusqu&rsquo;\u00e0 100% de pellicules visibles \u00e9limin\u00e9es* &amp; jusqu&rsquo;\u00e0 72h de protection antipelliculaire**.<\/p>\n<p>*Test consommateurs.<\/p>\n<p>**test clinique.<\/p>\n<p>Conseils d&rsquo;utilisation:<\/p>\n<p>Appliquer uniform\u00e9ment sur le cuir chevelu et les cheveux mouill\u00e9s.<\/p>\n<p>Faire mousser d\u00e9licatement avec la partie la plus douce du bout des doigts jusqu&rsquo;\u00e0 l&rsquo;obtention d&rsquo;une mousse l\u00e9g\u00e8re.<\/p>\n<p>Rincer abondamment.<\/p>\n<p>En cas de contact avec les yeux, les rincer imm\u00e9diatement et abondamment.<\/p>\n<p>CONSEILS PRO :<\/p>\n<p>Pour les pellicules grasses, faire un pr\u00e9-shampooing avec Scalp Advanced Anti-gras 2-in-1 deep purifier pour un peeling doux (d\u00e9blocage suppl\u00e9mentaire).<\/p>\n<p>R\u00c9SULTATS ET AVANTAGES :<\/p>\n<p>Le shampooing Scalp Advanced Anti-pelliculaire Dermo-clarifiant a \u00e9t\u00e9 formul\u00e9 de mani\u00e8re cibl\u00e9e pour les cuirs chevelus \u00e0 pellicules.<\/p>\n<p>Cette cr\u00e8me l\u00e9g\u00e8re clarifie en douceur et \u00e9limine efficacement les pellicules s\u00e8ches et grasses, tout en calmant le cuir chevelu.<\/p>\n<p>D\u00e8s les premi\u00e8res applications, l&rsquo;apparition des squames visibles est r\u00e9duite*.<\/p>\n<p>*Test clinique sur 44 sujets, 3 applications par semaine.<\/p>\n<p>Ingr\u00e9dients :<\/p>\n<p>SANS : Colorant, Silicones, Sulfates, Alcool.<\/p>\n<p>Contient de la Piroctone Olamine.<\/p>","protected":false},"excerpt":{"rendered":"<p>Le cuir chevelu est une peau, mais une peau beaucoup plus complexe. L&rsquo;oxydation du s\u00e9bum et les microfissures \u00e0 la surface du&hellip;<\/p>","protected":false},"featured_media":16013,"comment_status":"open","ping_status":"closed","template":"","meta":[],"product_cat":[84],"product_tag":[],"yith_product_brand":[200],"class_list":{"0":"post-16014","1":"product","2":"type-product","3":"status-publish","4":"has-post-thumbnail","6":"product_cat-soins-cheveux","7":"yith_product_brand-loreal-professionnel-paris","9":"first","10":"instock","11":"sale","12":"shipping-taxable","13":"purchasable","14":"product-type-simple"},"_links":{"self":[{"href":"https:\/\/parapharmacieenligne.ma\/en\/wp-json\/wp\/v2\/product\/16014","targetHints":{"allow":["GET"]}}],"collection":[{"href":"https:\/\/parapharmacieenligne.ma\/en\/wp-json\/wp\/v2\/product"}],"about":[{"href":"https:\/\/parapharmacieenligne.ma\/en\/wp-json\/wp\/v2\/types\/product"}],"replies":[{"embeddable":true,"href":"https:\/\/parapharmacieenligne.ma\/en\/wp-json\/wp\/v2\/comments?post=16014"}],"version-history":[{"count":1,"href":"https:\/\/parapharmacieenligne.ma\/en\/wp-json\/wp\/v2\/product\/16014\/revisions"}],"predecessor-version":[{"id":16015,"href":"https:\/\/parapharmacieenligne.ma\/en\/wp-json\/wp\/v2\/product\/16014\/revisions\/16015"}],"wp:featuredmedia":[{"embeddable":true,"href":"https:\/\/parapharmacieenligne.ma\/en\/wp-json\/wp\/v2\/media\/16013"}],"wp:attachment":[{"href":"https:\/\/parapharmacieenligne.ma\/en\/wp-json\/wp\/v2\/media?parent=16014"}],"wp:term":[{"taxonomy":"product_cat","embeddable":true,"href":"https:\/\/parapharmacieenligne.ma\/en\/wp-json\/wp\/v2\/product_cat?post=16014"},{"taxonomy":"product_tag","embeddable":true,"href":"https:\/\/parapharmacieenligne.ma\/en\/wp-json\/wp\/v2\/product_tag?post=16014"},{"taxonomy":"yith_product_brand","embeddable":true,"href":"https:\/\/parapharmacieenligne.ma\/en\/wp-json\/wp\/v2\/yith_product_brand?post=16014"}],"curies":[{"name":"wp","href":"https:\/\/api.w.org\/{rel}","templated":true}]}}