{"id":16026,"date":"2026-02-23T19:29:43","date_gmt":"2026-02-23T18:29:43","guid":{"rendered":"https:\/\/parapharmacieenligne.ma\/?post_type=product&#038;p=16026"},"modified":"2026-02-23T19:29:54","modified_gmt":"2026-02-23T18:29:54","slug":"loreal-professionnel-liss-control-gel-creme-lissage-et-controle-150-ml","status":"publish","type":"product","link":"https:\/\/parapharmacieenligne.ma\/en\/product\/loreal-professionnel-liss-control-gel-creme-lissage-et-controle-150-ml\/","title":{"rendered":"L&rsquo;OREAL PROFESSIONNEL LISS CONTROL GEL CREME LISSAGE ET CONTROLE 150 ML"},"content":{"rendered":"<p>Sa formule l\u00e9g\u00e8re et protectrice agit contre l\u2019humidit\u00e9 et apporte un fini soyeux \u00e0 la chevelure. Elle facilite le coiffage et le brushing, tout en apportant douceur et brillance \u00e0 chaque application. Gr\u00e2ce \u00e0 ce soin professionnel, tu peux dire adieu aux cheveux \u00e9lectriques ou rebelles et profiter d\u2019une chevelure ma\u00eetris\u00e9e jusqu\u2019\u00e0 24 heures, m\u00eame dans des conditions humides.<\/p>\n<p>Con\u00e7u pour tous les types de cheveux difficiles \u00e0 lisser, le Liss Control Gel Cr\u00e8me offre un r\u00e9sultat naturel, \u00e9l\u00e9gant et durable. Il permet de garder le contr\u00f4le sur les m\u00e8ches rebelles tout en respectant la texture des cheveux, sans effet collant ni alourdissement. Ce produit s\u2019int\u00e8gre parfaitement \u00e0 ta routine capillaire, que ce soit pour un lissage au s\u00e8che-cheveux, un brushing impeccable ou simplement un effet disciplin\u00e9 au quotidien.<\/p>\n<p>Avec L&rsquo;OREAL PROFESSIONNEL LISS CONTROL GEL CR\u00c8ME, tu obtiens une chevelure lisse, souple et brillante, facile \u00e0 coiffer, tout en prot\u00e9geant tes cheveux contre les agressions ext\u00e9rieures comme l\u2019humidit\u00e9 et les frisottis. C\u2019est l\u2019outil parfait pour un look professionnel, \u00e9l\u00e9gant et durable \u00e0 la maison ou au salon.<\/p>\n<p>Conseils d\u2019utilisation :<br \/>\nApplique une petite quantit\u00e9 de L&rsquo;OREAL PROFESSIONNEL LISS CONTROL GEL CR\u00c8ME sur cheveux lav\u00e9s et essor\u00e9s, en insistant sur les longueurs et les pointes. R\u00e9partis uniform\u00e9ment et coiffe comme souhait\u00e9, au s\u00e8che-cheveux ou au brushing. Pour un contr\u00f4le optimal, utiliser avant le lissage. Ne pas rincer.<\/p>","protected":false},"excerpt":{"rendered":"<p>Sa formule l\u00e9g\u00e8re et protectrice agit contre l\u2019humidit\u00e9 et apporte un fini soyeux \u00e0 la chevelure. Elle facilite le coiffage et le&hellip;<\/p>","protected":false},"featured_media":16025,"comment_status":"open","ping_status":"closed","template":"","meta":[],"product_cat":[84],"product_tag":[],"yith_product_brand":[200],"class_list":{"0":"post-16026","1":"product","2":"type-product","3":"status-publish","4":"has-post-thumbnail","6":"product_cat-soins-cheveux","7":"yith_product_brand-loreal-professionnel-paris","9":"first","10":"instock","11":"sale","12":"shipping-taxable","13":"purchasable","14":"product-type-simple"},"_links":{"self":[{"href":"https:\/\/parapharmacieenligne.ma\/en\/wp-json\/wp\/v2\/product\/16026","targetHints":{"allow":["GET"]}}],"collection":[{"href":"https:\/\/parapharmacieenligne.ma\/en\/wp-json\/wp\/v2\/product"}],"about":[{"href":"https:\/\/parapharmacieenligne.ma\/en\/wp-json\/wp\/v2\/types\/product"}],"replies":[{"embeddable":true,"href":"https:\/\/parapharmacieenligne.ma\/en\/wp-json\/wp\/v2\/comments?post=16026"}],"version-history":[{"count":1,"href":"https:\/\/parapharmacieenligne.ma\/en\/wp-json\/wp\/v2\/product\/16026\/revisions"}],"predecessor-version":[{"id":16027,"href":"https:\/\/parapharmacieenligne.ma\/en\/wp-json\/wp\/v2\/product\/16026\/revisions\/16027"}],"wp:featuredmedia":[{"embeddable":true,"href":"https:\/\/parapharmacieenligne.ma\/en\/wp-json\/wp\/v2\/media\/16025"}],"wp:attachment":[{"href":"https:\/\/parapharmacieenligne.ma\/en\/wp-json\/wp\/v2\/media?parent=16026"}],"wp:term":[{"taxonomy":"product_cat","embeddable":true,"href":"https:\/\/parapharmacieenligne.ma\/en\/wp-json\/wp\/v2\/product_cat?post=16026"},{"taxonomy":"product_tag","embeddable":true,"href":"https:\/\/parapharmacieenligne.ma\/en\/wp-json\/wp\/v2\/product_tag?post=16026"},{"taxonomy":"yith_product_brand","embeddable":true,"href":"https:\/\/parapharmacieenligne.ma\/en\/wp-json\/wp\/v2\/yith_product_brand?post=16026"}],"curies":[{"name":"wp","href":"https:\/\/api.w.org\/{rel}","templated":true}]}}