{"id":16323,"date":"2026-02-24T18:08:38","date_gmt":"2026-02-24T17:08:38","guid":{"rendered":"https:\/\/parapharmacieenligne.ma\/?post_type=product&#038;p=16323"},"modified":"2026-02-24T18:08:51","modified_gmt":"2026-02-24T17:08:51","slug":"mgd-body4-minceur-120-gelules","status":"publish","type":"product","link":"https:\/\/parapharmacieenligne.ma\/en\/product\/mgd-body4-minceur-120-gelules\/","title":{"rendered":"MGD BODY4 MINCEUR 120 GELULES"},"content":{"rendered":"<p>Body 4 associe guarana, th\u00e9 vert, piloselle, spiruline, Lactobacillus gasseri et vitamine B6.Le th\u00e9 vert, Camellia sinensis, inhibe la cat\u00e9chol-O-m\u00e9thyltransf\u00e9rase, une enzyme impliqu\u00e9e dans la thermog\u00e9n\u00e8se des corps gras. Il favorise ainsi le m\u00e9tabolisme et l\u2019oxydation des graisses. Le guarana, Paullinia cupana, est traditionnellement connu pour aider \u00e0 contr\u00f4ler le poids en agissant sur le m\u00e9tabolisme des graisses.La vitamine B6 contribue \u00e0 r\u00e9duire la fatigue qui peut \u00eatre ressentie lors d\u2019un r\u00e9gime hypocalorique. Cette formule est compl\u00e9t\u00e9e par de la piloselle, de la spiruline et du Lactobacillus gasseri.<\/p>\n<p>Conseils d&rsquo;utilisation:<\/p>\n<p>4 g\u00e9lules par jour pendant les repas (2 matin et midi), \u00e0 prendre avec un verre d\u2019eau.<\/p>","protected":false},"excerpt":{"rendered":"<p>Body 4 associe guarana, th\u00e9 vert, piloselle, spiruline, Lactobacillus gasseri et vitamine B6.Le th\u00e9 vert, Camellia sinensis, inhibe la cat\u00e9chol-O-m\u00e9thyltransf\u00e9rase, une enzyme&hellip;<\/p>","protected":false},"featured_media":16322,"comment_status":"open","ping_status":"closed","template":"","meta":[],"product_cat":[92],"product_tag":[],"yith_product_brand":[201],"class_list":{"0":"post-16323","1":"product","2":"type-product","3":"status-publish","4":"has-post-thumbnail","6":"product_cat-complements-alimentaires","7":"yith_product_brand-mgd-nature","9":"first","10":"instock","11":"sale","12":"shipping-taxable","13":"purchasable","14":"product-type-simple"},"_links":{"self":[{"href":"https:\/\/parapharmacieenligne.ma\/en\/wp-json\/wp\/v2\/product\/16323","targetHints":{"allow":["GET"]}}],"collection":[{"href":"https:\/\/parapharmacieenligne.ma\/en\/wp-json\/wp\/v2\/product"}],"about":[{"href":"https:\/\/parapharmacieenligne.ma\/en\/wp-json\/wp\/v2\/types\/product"}],"replies":[{"embeddable":true,"href":"https:\/\/parapharmacieenligne.ma\/en\/wp-json\/wp\/v2\/comments?post=16323"}],"version-history":[{"count":1,"href":"https:\/\/parapharmacieenligne.ma\/en\/wp-json\/wp\/v2\/product\/16323\/revisions"}],"predecessor-version":[{"id":16324,"href":"https:\/\/parapharmacieenligne.ma\/en\/wp-json\/wp\/v2\/product\/16323\/revisions\/16324"}],"wp:featuredmedia":[{"embeddable":true,"href":"https:\/\/parapharmacieenligne.ma\/en\/wp-json\/wp\/v2\/media\/16322"}],"wp:attachment":[{"href":"https:\/\/parapharmacieenligne.ma\/en\/wp-json\/wp\/v2\/media?parent=16323"}],"wp:term":[{"taxonomy":"product_cat","embeddable":true,"href":"https:\/\/parapharmacieenligne.ma\/en\/wp-json\/wp\/v2\/product_cat?post=16323"},{"taxonomy":"product_tag","embeddable":true,"href":"https:\/\/parapharmacieenligne.ma\/en\/wp-json\/wp\/v2\/product_tag?post=16323"},{"taxonomy":"yith_product_brand","embeddable":true,"href":"https:\/\/parapharmacieenligne.ma\/en\/wp-json\/wp\/v2\/yith_product_brand?post=16323"}],"curies":[{"name":"wp","href":"https:\/\/api.w.org\/{rel}","templated":true}]}}